{"id":1497,"date":"2023-02-20T14:09:47","date_gmt":"2023-02-20T13:09:47","guid":{"rendered":"https:\/\/anhalt.de\/nasze-uslugi\/logistics-concepts"},"modified":"2023-07-27T16:13:35","modified_gmt":"2023-07-27T14:13:35","slug":"koncepcje-logistyczne","status":"publish","type":"page","link":"https:\/\/anhalt.de\/pl\/nasze-uslugi\/koncepcje-logistyczne","title":{"rendered":"Koncepcje logistyczne"},"content":{"rendered":"<div class=\"wpb-content-wrapper\"><p>[vc_section el_id=&#8221;header-home&#8221; el_class=&#8221;headerbereich&#8221;][vc_row full_width=&#8221;stretch_row_content_no_spaces&#8221;][vc_column]<div id=\"ult-carousel-199984361869dec9fa70d97\" class=\"ult-carousel-wrapper   ult_horizontal\" data-gutter=\"0\" data-rtl=\"false\" ><div class=\"ult-carousel-224242237169dec9fa70c30 \" >[vc_row_inner el_class=&#8221;slider-row&#8221; css=&#8221;.vc_custom_1683032574981{background-image: url(https:\/\/anhalt.de\/wp-content\/uploads\/vlcsnap-2022-05-18-08h18m19s539_Q80-min-scaled.jpg?id=2528) !important;}&#8221;][vc_column_inner width=&#8221;1\/2&#8243;][vc_column_text el_class=&#8221;slider-text&#8221;]<\/p>\n<h2>Koncepcje logistyczne<\/h2>\n<p>[\/vc_column_text][\/vc_column_inner][vc_column_inner width=&#8221;1\/2&#8243;][\/vc_column_inner][\/vc_row_inner]<\/div><\/div>\t\t\t<script type=\"text\/javascript\">\n\t\t\t\tjQuery(document).ready(function ($) {\n\t\t\t\t\tif( typeof jQuery('.ult-carousel-224242237169dec9fa70c30').slick == \"function\"){\n\t\t\t\t\t\t$('.ult-carousel-224242237169dec9fa70c30').slick({dots: true,autoplay: true,autoplaySpeed: \"5000\",speed: \"300\",infinite: true,arrows: false,slidesToScroll:1,slidesToShow:1,swipe: true,draggable: true,touchMove: true,pauseOnHover: true,pauseOnFocus: false,responsive: [\n\t\t\t\t\t\t\t{\n\t\t\t\t\t\t\t  breakpoint: 1026,\n\t\t\t\t\t\t\t  settings: {\n\t\t\t\t\t\t\t\tslidesToShow: 1,\n\t\t\t\t\t\t\t\tslidesToScroll: 1,  \n\t\t\t\t\t\t\t  }\n\t\t\t\t\t\t\t},\n\t\t\t\t\t\t\t{\n\t\t\t\t\t\t\t  breakpoint: 1025,\n\t\t\t\t\t\t\t  settings: {\n\t\t\t\t\t\t\t\tslidesToShow: 1,\n\t\t\t\t\t\t\t\tslidesToScroll: 1\n\t\t\t\t\t\t\t  }\n\t\t\t\t\t\t\t},\n\t\t\t\t\t\t\t{\n\t\t\t\t\t\t\t  breakpoint: 760,\n\t\t\t\t\t\t\t  settings: {\n\t\t\t\t\t\t\t\tslidesToShow: 1,\n\t\t\t\t\t\t\t\tslidesToScroll: 1\n\t\t\t\t\t\t\t  }\n\t\t\t\t\t\t\t}\n\t\t\t\t\t\t],pauseOnDotsHover: true,customPaging: function(slider, i) {\n                   return '<i type=\"button\" style= \"color:#ffffff;\" class=\"ultsl-record\" data-role=\"none\"><\/i>';\n                },});\n\t\t\t\t\t}\n\t\t\t\t});\n\t\t\t<\/script>\n\t\t\t[\/vc_column][\/vc_row][\/vc_section][vc_section el_id=&#8221;home-willkommen&#8221;][vc_row][vc_column][vc_single_image image=&#8221;1057&#8243; img_size=&#8221;full&#8221; onclick=&#8221;custom_link&#8221; image_hovers=&#8221;false&#8221; el_class=&#8221;logo-bildmarke&#8221; link=&#8221;\/pl&#8221;][vc_column_text]<\/p>\n<h1>Koncepcja dostosowana do pa\u0144stwa potrzeb<\/h1>\n<h4>Dzi\u0119ki du\u017cej elastyczno\u015bci i naszemu wieloletniemu do\u015bwiadczeniu ch\u0119tnie podejmiemy si\u0119 ka\u017cdego wyzwania logistycznego.<\/h4>\n<p>[\/vc_column_text][vc_row_inner][vc_column_inner width=&#8221;1\/2&#8243;][vc_column_text]Wsp\u00f3lnie z Pa\u0144stwem przeanalizujemy istniej\u0105ce procesy, zoptymalizujemy je i opracowujemy koncepcj\u0119 logistyczn\u0105 dostosowan\u0105 do Pa\u0144stwa \u017cycze\u0144.<\/p>\n<p>Stawiamy na \u015bcis\u0142\u0105 i osobist\u0105 wymian\u0119, zorientowane na cel strategie, innowacyjne projekty, zredukowanie proces\u00f3w i udan\u0105 wsp\u00f3\u0142prac\u0119 z zadowolonymi klientami.<\/p>\n<p>Jako kompetentny partner jeste\u015bmy do Pa\u0144stwa dyspozycji z naszym know-how we wszystkich kwestiach logistycznych, zapewniamy indywidualne porady zorientowane na Pa\u0144stwa potrzeby i towarzyszymy Pa\u0144stwu od etapu planowania po realizacj\u0119.<\/p>\n<p>W \u017cadnym momencie nie tracimy z oczu naszych standard\u00f3w Jako\u015bci &#8211; 1A i istniej\u0105cych aspekt\u00f3w bezpiecze\u0144stwa, a tak\u017ce naszego wsp\u00f3lnie zdefiniowanego celu.[\/vc_column_text][\/vc_column_inner][vc_column_inner width=&#8221;1\/2&#8243;][vc_column_text]<strong>Nasze us\u0142ugi obejmuj\u0105 mi\u0119dzy innymi:<\/strong><\/p>\n<ul>\n<li>Koncepcje za\u0142adunkowe<\/li>\n<li>Dyspozycja<\/li>\n<li>Koordynacje proces\u00f3w produkcyjnych<\/li>\n<li>Magazyn<\/li>\n<li>Kontrola poziomu nape\u0142nienia<\/li>\n<li>Za\u0142adunek\/roz\u0142adunek statku<\/li>\n<li>Wynajem kontener\u00f3w typu cysterna<\/li>\n<li>Odprawa celna<\/li>\n<li>Magazynowanie materia\u0142\u00f3w niebezpiecznych<\/li>\n<li>Realizacja projekt\u00f3w<\/li>\n<\/ul>\n<p>[\/vc_column_text][\/vc_column_inner][\/vc_row_inner][\/vc_column][\/vc_row][\/vc_section][vc_row][vc_column width=&#8221;1\/2&#8243;][vc_single_image image=&#8221;2625&#8243; img_size=&#8221;large&#8221;][\/vc_column][vc_column width=&#8221;1\/2&#8243;][vc_single_image image=&#8221;2622&#8243; img_size=&#8221;large&#8221;][\/vc_column][\/vc_row][vc_section full_width=&#8221;stretch_row&#8221; el_id=&#8221;teaserbox-dienstleistungen&#8221; el_class=&#8221;teaserbox-dienstleistungen bg-lightgrey&#8221;][vc_row][vc_column][vc_column_text]<\/p>\n<h2 style=\"text-align: center;\">Zobacz tak\u017ce:<\/h2>\n<p>[\/vc_column_text][\/vc_column][\/vc_row][vc_row equal_height=&#8221;yes&#8221; el_class=&#8221;teaser has-shortcode&#8221;][vc_column width=&#8221;1\/2&#8243; el_class=&#8221;depot-services&#8221;][vc_column_text el_class=&#8221;serviceteaser-wrap&#8221;]<div class=\"wpb_content_element linktohref\" data-href=\"https:\/\/anhalt.de\/pl\/nasze-uslugi\/transporty\"><div class=\"wpb_wrapper\"><div class=\"cycle-slideshow\" data-cycle-speed=\"600\" data-cycle-manual-speed=\"100\" data-cycle-random=\"1\" data-cycle-delay=\"800\"><h3>Transporty<\/h3><img decoding=\"async\" src=\"https:\/\/anhalt.de\/wp-content\/uploads\/Anhalt-Logistics-Transporte-HH-Hornsand-800x450.jpg\"><img decoding=\"async\" src=\"https:\/\/anhalt.de\/wp-content\/uploads\/Anhalt-Logistics-Transporte-Chemie-800x450.jpg\"><\/div><\/div><\/div><div class=\"wpb_content_element wpb_text_column textbox\"><div class=\"wpb_wrapper\"><p>Jako eksperci w transporcie towar\u00f3w p\u0142ynnych wiemy, jak transportowa\u0107 Pa\u0144stwa produkt. Niezale\u017cnie od tego czy s\u0105 to towary niebezpieczne czy nie &#8211; dostarczymy Pa\u0144stwa produkt do miejsca przeznaczenia bezpiecznie, sprawnie i na czas.<\/p>\n<h4>Tematyka<\/h4><ul><li><a href=\"https:\/\/anhalt.de\/pl\/service\/produkty-spozywcze\">Produkty spo\u017cywcze<\/a><\/li><li><a href=\"https:\/\/anhalt.de\/pl\/service\/produkty-chemiczne\">Produkty chemiczne<\/a><\/li><li><a href=\"https:\/\/anhalt.de\/pl\/service\/dystrybucja-adblue\">AdBlue<\/a><\/li><li><a href=\"https:\/\/anhalt.de\/pl\/service\/container-trucking\">Transport kontenerowy<\/a><\/li><\/ul><\/div><\/div><div class=\"wpb_content_element wpb_text_column more\"><div class=\"wpb_wrapper\"><p><a class=\"btn-bl\" title=\"Transporty\" href=\"https:\/\/anhalt.de\/pl\/nasze-uslugi\/transporty\">Ucz si\u0119 wi\u0119cej<\/a><\/p><\/div><\/div>[\/vc_column_text][\/vc_column][vc_column width=&#8221;1\/2&#8243; el_class=&#8221;logistikkonzepte&#8221;][vc_column_text el_class=&#8221;serviceteaser-wrap&#8221;]<div class=\"wpb_content_element linktohref\" data-href=\"https:\/\/anhalt.de\/pl\/nasze-uslugi\/magazyn-serwis\"><div class=\"wpb_wrapper\"><div class=\"cycle-slideshow\" data-cycle-speed=\"600\" data-cycle-manual-speed=\"100\" data-cycle-random=\"1\" data-cycle-delay=\"800\"><h3>Magazyn &#038; Serwis<\/h3><img decoding=\"async\" src=\"https:\/\/anhalt.de\/wp-content\/uploads\/Anhalt-Logistics-Depot-Services-Tankcontainer-Vermietung-800x450.jpg\"><img decoding=\"async\" src=\"https:\/\/anhalt.de\/wp-content\/uploads\/Anhalt-Logistics-Depot-Services-Boxcontainer-im-Hornsand-800x450.jpg\"><\/div><\/div><\/div><div class=\"wpb_content_element wpb_text_column textbox\"><div class=\"wpb_wrapper\"><p>Dzi\u0119ki w\u0142asnym magazynom i myjniom cystern oraz naszemu know-how w zakresie logistyki portowej, a tak\u017ce odpraw celnych oferujemy Pa\u0144stwu indywidualny i kompleksowy serwis kontenerowy jako niezawodny partner.<\/p>\n<h4>Tematyka<\/h4><ul><li><a href=\"https:\/\/anhalt.de\/pl\/service\/myjnia\">Myjnia<\/a><\/li><li><a href=\"https:\/\/anhalt.de\/pl\/service\/obsluga-celna\">Obs\u0142uga celna<\/a><\/li><li><a href=\"https:\/\/anhalt.de\/pl\/service\/wynajem-kontenerow-typu-cysterna\">Kontener zbiornik<\/a><\/li><li><a href=\"https:\/\/anhalt.de\/pl\/service\/hafenlogistik\">Logistyka portowa<\/a><\/li><li><a href=\"https:\/\/anhalt.de\/pl\/service\/container-depot\">Magazyn kontenerowy <\/a><\/li><li><a href=\"https:\/\/anhalt.de\/pl\/service\/container-trucking\">Transport kontenerowy<\/a><\/li><\/ul><\/div><\/div><div class=\"wpb_content_element wpb_text_column more\"><div class=\"wpb_wrapper\"><p><a class=\"btn-bl\" title=\"Magazyn &#038; Serwis\" href=\"https:\/\/anhalt.de\/pl\/nasze-uslugi\/magazyn-serwis\">Ucz si\u0119 wi\u0119cej<\/a><\/p><\/div><\/div>[\/vc_column_text][\/vc_column][\/vc_row][\/vc_section][vc_row full_width=&#8221;stretch_row&#8221; bg_type=&#8221;image&#8221; parallax_style=&#8221;vcpb-default&#8221; bg_image_new=&#8221;id^519|url^https:\/\/anhalt.de\/wp-content\/uploads\/Anhalt-Logistics-Logistikkonzepte-Kombiverkehr-Terminal.jpg|caption^null|alt^null|title^Anhalt Logistics Logistikkonzepte Kombiverkehr Terminal|description^null&#8221; bg_image_repeat=&#8221;no-repeat&#8221; el_class=&#8221;cta-row&#8221;][vc_column][vc_column_text]<\/p>\n<h2>Teraz<br \/>\nPro\u015bba o koncepcj\u0119 logosityczn\u0105<br \/>\nwys\u0142a\u0107!<\/h2>\n<p><a class=\"btn-bl\" href=\"https:\/\/anhalt.de\/pl\/zapytania\">Dowiedz si\u0119 wi\u0119cej<\/a>[\/vc_column_text][\/vc_column][\/vc_row]<\/p>\n<\/div>","protected":false},"excerpt":{"rendered":"<p>[vc_section el_id=&#8221;header-home&#8221; el_class=&#8221;headerbereich&#8221;][vc_row full_width=&#8221;stretch_row_content_no_spaces&#8221;][vc_column][\/vc_column][\/vc_row][\/vc_section][vc_section el_id=&#8221;home-willkommen&#8221;][vc_row][vc_column][vc_single_image image=&#8221;1057&#8243; img_size=&#8221;full&#8221; onclick=&#8221;custom_link&#8221; image_hovers=&#8221;false&#8221; el_class=&#8221;logo-bildmarke&#8221; link=&#8221;\/pl&#8221;][vc_column_text] Koncepcja dostosowana do pa\u0144stwa potrzeb Dzi\u0119ki du\u017cej elastyczno\u015bci i naszemu wieloletniemu do\u015bwiadczeniu ch\u0119tnie podejmiemy si\u0119 ka\u017cdego wyzwania logistycznego. [\/vc_column_text][vc_row_inner][vc_column_inner width=&#8221;1\/2&#8243;][vc_column_text]Wsp\u00f3lnie z Pa\u0144stwem przeanalizujemy istniej\u0105ce procesy, zoptymalizujemy je i opracowujemy koncepcj\u0119 logistyczn\u0105 dostosowan\u0105 do Pa\u0144stwa \u017cycze\u0144. Stawiamy na \u015bcis\u0142\u0105 i osobist\u0105 wymian\u0119, zorientowane na cel&hellip;<\/p>\n","protected":false},"author":1,"featured_media":0,"parent":1484,"menu_order":2,"comment_status":"closed","ping_status":"closed","template":"","meta":{"_acf_changed":false,"_custom_body_class":"","_custom_post_class":"","footnotes":""},"class_list":["post-1497","page","type-page","status-publish","hentry","description-off"],"acf":[],"yoast_head":"<!-- This site is optimized with the Yoast SEO plugin v27.3 - https:\/\/yoast.com\/product\/yoast-seo-wordpress\/ -->\n<title>Koncepcje logistyczne - Anhalt Logistics GmbH &amp; Co. KG<\/title>\n<meta name=\"robots\" content=\"index, follow, max-snippet:-1, max-image-preview:large, max-video-preview:-1\" \/>\n<link rel=\"canonical\" href=\"https:\/\/anhalt.de\/pl\/nasze-uslugi\/koncepcje-logistyczne\" \/>\n<meta property=\"og:locale\" content=\"pl_PL\" \/>\n<meta property=\"og:type\" content=\"article\" \/>\n<meta property=\"og:title\" content=\"Koncepcje logistyczne - Anhalt Logistics GmbH &amp; Co. KG\" \/>\n<meta property=\"og:description\" content=\"[vc_section el_id=&#8221;header-home&#8221; el_class=&#8221;headerbereich&#8221;][vc_row full_width=&#8221;stretch_row_content_no_spaces&#8221;][vc_column][\/vc_column][\/vc_row][\/vc_section][vc_section el_id=&#8221;home-willkommen&#8221;][vc_row][vc_column][vc_single_image image=&#8221;1057&#8243; img_size=&#8221;full&#8221; onclick=&#8221;custom_link&#8221; image_hovers=&#8221;false&#8221; el_class=&#8221;logo-bildmarke&#8221; link=&#8221;\/pl&#8221;][vc_column_text] Koncepcja dostosowana do pa\u0144stwa potrzeb Dzi\u0119ki du\u017cej elastyczno\u015bci i naszemu wieloletniemu do\u015bwiadczeniu ch\u0119tnie podejmiemy si\u0119 ka\u017cdego wyzwania logistycznego. [\/vc_column_text][vc_row_inner][vc_column_inner width=&#8221;1\/2&#8243;][vc_column_text]Wsp\u00f3lnie z Pa\u0144stwem przeanalizujemy istniej\u0105ce procesy, zoptymalizujemy je i opracowujemy koncepcj\u0119 logistyczn\u0105 dostosowan\u0105 do Pa\u0144stwa \u017cycze\u0144. Stawiamy na \u015bcis\u0142\u0105 i osobist\u0105 wymian\u0119, zorientowane na cel&hellip;\" \/>\n<meta property=\"og:url\" content=\"https:\/\/anhalt.de\/pl\/nasze-uslugi\/koncepcje-logistyczne\" \/>\n<meta property=\"og:site_name\" content=\"Anhalt Logistics GmbH &amp; Co. KG\" \/>\n<meta property=\"article:publisher\" content=\"https:\/\/www.facebook.com\/AnhaltLogistics\" \/>\n<meta property=\"article:modified_time\" content=\"2023-07-27T14:13:35+00:00\" \/>\n<meta name=\"twitter:card\" content=\"summary_large_image\" \/>\n<meta name=\"twitter:label1\" content=\"Szacowany czas czytania\" \/>\n\t<meta name=\"twitter:data1\" content=\"2 minuty\" \/>\n<script type=\"application\/ld+json\" class=\"yoast-schema-graph\">{\"@context\":\"https:\\\/\\\/schema.org\",\"@graph\":[{\"@type\":\"WebPage\",\"@id\":\"https:\\\/\\\/anhalt.de\\\/pl\\\/nasze-uslugi\\\/koncepcje-logistyczne\",\"url\":\"https:\\\/\\\/anhalt.de\\\/pl\\\/nasze-uslugi\\\/koncepcje-logistyczne\",\"name\":\"Koncepcje logistyczne - Anhalt Logistics GmbH &amp; Co. KG\",\"isPartOf\":{\"@id\":\"https:\\\/\\\/anhalt.de\\\/pl#website\"},\"datePublished\":\"2023-02-20T13:09:47+00:00\",\"dateModified\":\"2023-07-27T14:13:35+00:00\",\"breadcrumb\":{\"@id\":\"https:\\\/\\\/anhalt.de\\\/pl\\\/nasze-uslugi\\\/koncepcje-logistyczne#breadcrumb\"},\"inLanguage\":\"pl-PL\",\"potentialAction\":[{\"@type\":\"ReadAction\",\"target\":[\"https:\\\/\\\/anhalt.de\\\/pl\\\/nasze-uslugi\\\/koncepcje-logistyczne\"]}]},{\"@type\":\"BreadcrumbList\",\"@id\":\"https:\\\/\\\/anhalt.de\\\/pl\\\/nasze-uslugi\\\/koncepcje-logistyczne#breadcrumb\",\"itemListElement\":[{\"@type\":\"ListItem\",\"position\":1,\"name\":\"Startseite\",\"item\":\"https:\\\/\\\/anhalt.de\\\/pl\"},{\"@type\":\"ListItem\",\"position\":2,\"name\":\"Nasze us\u0142ugi\",\"item\":\"https:\\\/\\\/anhalt.de\\\/pl\\\/nasze-uslugi\"},{\"@type\":\"ListItem\",\"position\":3,\"name\":\"Koncepcje logistyczne\"}]},{\"@type\":\"WebSite\",\"@id\":\"https:\\\/\\\/anhalt.de\\\/pl#website\",\"url\":\"https:\\\/\\\/anhalt.de\\\/pl\",\"name\":\"Anhalt Logistics GmbH & Co. KG\",\"description\":\"\",\"publisher\":{\"@id\":\"https:\\\/\\\/anhalt.de\\\/pl#organization\"},\"potentialAction\":[{\"@type\":\"SearchAction\",\"target\":{\"@type\":\"EntryPoint\",\"urlTemplate\":\"https:\\\/\\\/anhalt.de\\\/pl?s={search_term_string}\"},\"query-input\":{\"@type\":\"PropertyValueSpecification\",\"valueRequired\":true,\"valueName\":\"search_term_string\"}}],\"inLanguage\":\"pl-PL\"},{\"@type\":\"Organization\",\"@id\":\"https:\\\/\\\/anhalt.de\\\/pl#organization\",\"name\":\"Anhalt Logistics GmbH & Co. KG\",\"url\":\"https:\\\/\\\/anhalt.de\\\/pl\",\"logo\":{\"@type\":\"ImageObject\",\"inLanguage\":\"pl-PL\",\"@id\":\"https:\\\/\\\/anhalt.de\\\/pl#\\\/schema\\\/logo\\\/image\\\/\",\"url\":\"https:\\\/\\\/anhalt.de\\\/wp-content\\\/uploads\\\/AnhaltLogistics_Logo20170228_RGB.svg\",\"contentUrl\":\"https:\\\/\\\/anhalt.de\\\/wp-content\\\/uploads\\\/AnhaltLogistics_Logo20170228_RGB.svg\",\"width\":737,\"height\":283,\"caption\":\"Anhalt Logistics GmbH & Co. KG\"},\"image\":{\"@id\":\"https:\\\/\\\/anhalt.de\\\/pl#\\\/schema\\\/logo\\\/image\\\/\"},\"sameAs\":[\"https:\\\/\\\/www.facebook.com\\\/AnhaltLogistics\",\"https:\\\/\\\/www.instagram.com\\\/anhaltlogistics\",\"https:\\\/\\\/www.linkedin.com\\\/company\\\/anhalt-logistics\"]}]}<\/script>\n<!-- \/ Yoast SEO plugin. -->","yoast_head_json":{"title":"Koncepcje logistyczne - Anhalt Logistics GmbH &amp; Co. KG","robots":{"index":"index","follow":"follow","max-snippet":"max-snippet:-1","max-image-preview":"max-image-preview:large","max-video-preview":"max-video-preview:-1"},"canonical":"https:\/\/anhalt.de\/pl\/nasze-uslugi\/koncepcje-logistyczne","og_locale":"pl_PL","og_type":"article","og_title":"Koncepcje logistyczne - Anhalt Logistics GmbH &amp; Co. KG","og_description":"[vc_section el_id=&#8221;header-home&#8221; el_class=&#8221;headerbereich&#8221;][vc_row full_width=&#8221;stretch_row_content_no_spaces&#8221;][vc_column][\/vc_column][\/vc_row][\/vc_section][vc_section el_id=&#8221;home-willkommen&#8221;][vc_row][vc_column][vc_single_image image=&#8221;1057&#8243; img_size=&#8221;full&#8221; onclick=&#8221;custom_link&#8221; image_hovers=&#8221;false&#8221; el_class=&#8221;logo-bildmarke&#8221; link=&#8221;\/pl&#8221;][vc_column_text] Koncepcja dostosowana do pa\u0144stwa potrzeb Dzi\u0119ki du\u017cej elastyczno\u015bci i naszemu wieloletniemu do\u015bwiadczeniu ch\u0119tnie podejmiemy si\u0119 ka\u017cdego wyzwania logistycznego. [\/vc_column_text][vc_row_inner][vc_column_inner width=&#8221;1\/2&#8243;][vc_column_text]Wsp\u00f3lnie z Pa\u0144stwem przeanalizujemy istniej\u0105ce procesy, zoptymalizujemy je i opracowujemy koncepcj\u0119 logistyczn\u0105 dostosowan\u0105 do Pa\u0144stwa \u017cycze\u0144. Stawiamy na \u015bcis\u0142\u0105 i osobist\u0105 wymian\u0119, zorientowane na cel&hellip;","og_url":"https:\/\/anhalt.de\/pl\/nasze-uslugi\/koncepcje-logistyczne","og_site_name":"Anhalt Logistics GmbH &amp; Co. KG","article_publisher":"https:\/\/www.facebook.com\/AnhaltLogistics","article_modified_time":"2023-07-27T14:13:35+00:00","twitter_card":"summary_large_image","twitter_misc":{"Szacowany czas czytania":"2 minuty"},"schema":{"@context":"https:\/\/schema.org","@graph":[{"@type":"WebPage","@id":"https:\/\/anhalt.de\/pl\/nasze-uslugi\/koncepcje-logistyczne","url":"https:\/\/anhalt.de\/pl\/nasze-uslugi\/koncepcje-logistyczne","name":"Koncepcje logistyczne - Anhalt Logistics GmbH &amp; Co. KG","isPartOf":{"@id":"https:\/\/anhalt.de\/pl#website"},"datePublished":"2023-02-20T13:09:47+00:00","dateModified":"2023-07-27T14:13:35+00:00","breadcrumb":{"@id":"https:\/\/anhalt.de\/pl\/nasze-uslugi\/koncepcje-logistyczne#breadcrumb"},"inLanguage":"pl-PL","potentialAction":[{"@type":"ReadAction","target":["https:\/\/anhalt.de\/pl\/nasze-uslugi\/koncepcje-logistyczne"]}]},{"@type":"BreadcrumbList","@id":"https:\/\/anhalt.de\/pl\/nasze-uslugi\/koncepcje-logistyczne#breadcrumb","itemListElement":[{"@type":"ListItem","position":1,"name":"Startseite","item":"https:\/\/anhalt.de\/pl"},{"@type":"ListItem","position":2,"name":"Nasze us\u0142ugi","item":"https:\/\/anhalt.de\/pl\/nasze-uslugi"},{"@type":"ListItem","position":3,"name":"Koncepcje logistyczne"}]},{"@type":"WebSite","@id":"https:\/\/anhalt.de\/pl#website","url":"https:\/\/anhalt.de\/pl","name":"Anhalt Logistics GmbH & Co. KG","description":"","publisher":{"@id":"https:\/\/anhalt.de\/pl#organization"},"potentialAction":[{"@type":"SearchAction","target":{"@type":"EntryPoint","urlTemplate":"https:\/\/anhalt.de\/pl?s={search_term_string}"},"query-input":{"@type":"PropertyValueSpecification","valueRequired":true,"valueName":"search_term_string"}}],"inLanguage":"pl-PL"},{"@type":"Organization","@id":"https:\/\/anhalt.de\/pl#organization","name":"Anhalt Logistics GmbH & Co. KG","url":"https:\/\/anhalt.de\/pl","logo":{"@type":"ImageObject","inLanguage":"pl-PL","@id":"https:\/\/anhalt.de\/pl#\/schema\/logo\/image\/","url":"https:\/\/anhalt.de\/wp-content\/uploads\/AnhaltLogistics_Logo20170228_RGB.svg","contentUrl":"https:\/\/anhalt.de\/wp-content\/uploads\/AnhaltLogistics_Logo20170228_RGB.svg","width":737,"height":283,"caption":"Anhalt Logistics GmbH & Co. KG"},"image":{"@id":"https:\/\/anhalt.de\/pl#\/schema\/logo\/image\/"},"sameAs":["https:\/\/www.facebook.com\/AnhaltLogistics","https:\/\/www.instagram.com\/anhaltlogistics","https:\/\/www.linkedin.com\/company\/anhalt-logistics"]}]}},"_links":{"self":[{"href":"https:\/\/anhalt.de\/pl\/wp-json\/wp\/v2\/pages\/1497","targetHints":{"allow":["GET"]}}],"collection":[{"href":"https:\/\/anhalt.de\/pl\/wp-json\/wp\/v2\/pages"}],"about":[{"href":"https:\/\/anhalt.de\/pl\/wp-json\/wp\/v2\/types\/page"}],"author":[{"embeddable":true,"href":"https:\/\/anhalt.de\/pl\/wp-json\/wp\/v2\/users\/1"}],"replies":[{"embeddable":true,"href":"https:\/\/anhalt.de\/pl\/wp-json\/wp\/v2\/comments?post=1497"}],"version-history":[{"count":12,"href":"https:\/\/anhalt.de\/pl\/wp-json\/wp\/v2\/pages\/1497\/revisions"}],"predecessor-version":[{"id":3370,"href":"https:\/\/anhalt.de\/pl\/wp-json\/wp\/v2\/pages\/1497\/revisions\/3370"}],"up":[{"embeddable":true,"href":"https:\/\/anhalt.de\/pl\/wp-json\/wp\/v2\/pages\/1484"}],"wp:attachment":[{"href":"https:\/\/anhalt.de\/pl\/wp-json\/wp\/v2\/media?parent=1497"}],"curies":[{"name":"wp","href":"https:\/\/api.w.org\/{rel}","templated":true}]}}