{"id":1509,"date":"2023-02-20T13:53:40","date_gmt":"2023-02-20T12:53:40","guid":{"rendered":"https:\/\/anhalt.de\/inquiry"},"modified":"2023-08-03T09:46:18","modified_gmt":"2023-08-03T07:46:18","slug":"zapytania","status":"publish","type":"page","link":"https:\/\/anhalt.de\/pl\/zapytania","title":{"rendered":"Zapytania"},"content":{"rendered":"<div class=\"wpb-content-wrapper\"><p>[vc_section el_id=&#8221;header-home&#8221; el_class=&#8221;headerbereich&#8221;][vc_row full_width=&#8221;stretch_row_content_no_spaces&#8221;][vc_column]<div id=\"ult-carousel-121180038269dd244a37660\" class=\"ult-carousel-wrapper   ult_horizontal\" data-gutter=\"0\" data-rtl=\"false\" ><div class=\"ult-carousel-27962484069dd244a373eb \" >[vc_row_inner el_class=&#8221;slider-row&#8221; css=&#8221;.vc_custom_1691047920516{background-image: url(https:\/\/anhalt.de\/wp-content\/uploads\/2020-05-19_2025_cTKH_DJI_0018_Kalenderfoto-2021_Buesum-Hafen_sRGB_Q100_2500px.png?id=3218) !important;}&#8221;][vc_column_inner width=&#8221;1\/2&#8243;][vc_column_text el_class=&#8221;slider-text&#8221;]<\/p>\n<h2>Zapytania<\/h2>\n<p>[\/vc_column_text][\/vc_column_inner][vc_column_inner width=&#8221;1\/2&#8243;][\/vc_column_inner][\/vc_row_inner]<\/div><\/div>\t\t\t<script type=\"text\/javascript\">\n\t\t\t\tjQuery(document).ready(function ($) {\n\t\t\t\t\tif( typeof jQuery('.ult-carousel-27962484069dd244a373eb').slick == \"function\"){\n\t\t\t\t\t\t$('.ult-carousel-27962484069dd244a373eb').slick({dots: true,autoplay: true,autoplaySpeed: \"5000\",speed: \"300\",infinite: true,arrows: false,slidesToScroll:1,slidesToShow:1,swipe: true,draggable: true,touchMove: true,pauseOnHover: true,pauseOnFocus: false,responsive: [\n\t\t\t\t\t\t\t{\n\t\t\t\t\t\t\t  breakpoint: 1026,\n\t\t\t\t\t\t\t  settings: {\n\t\t\t\t\t\t\t\tslidesToShow: 1,\n\t\t\t\t\t\t\t\tslidesToScroll: 1,  \n\t\t\t\t\t\t\t  }\n\t\t\t\t\t\t\t},\n\t\t\t\t\t\t\t{\n\t\t\t\t\t\t\t  breakpoint: 1025,\n\t\t\t\t\t\t\t  settings: {\n\t\t\t\t\t\t\t\tslidesToShow: 1,\n\t\t\t\t\t\t\t\tslidesToScroll: 1\n\t\t\t\t\t\t\t  }\n\t\t\t\t\t\t\t},\n\t\t\t\t\t\t\t{\n\t\t\t\t\t\t\t  breakpoint: 760,\n\t\t\t\t\t\t\t  settings: {\n\t\t\t\t\t\t\t\tslidesToShow: 1,\n\t\t\t\t\t\t\t\tslidesToScroll: 1\n\t\t\t\t\t\t\t  }\n\t\t\t\t\t\t\t}\n\t\t\t\t\t\t],pauseOnDotsHover: true,customPaging: function(slider, i) {\n                   return '<i type=\"button\" style= \"color:#ffffff;\" class=\"ultsl-record\" data-role=\"none\"><\/i>';\n                },});\n\t\t\t\t\t}\n\t\t\t\t});\n\t\t\t<\/script>\n\t\t\t[\/vc_column][\/vc_row][\/vc_section][vc_section el_id=&#8221;home-willkommen&#8221;][vc_row][vc_column][vc_single_image image=&#8221;1057&#8243; img_size=&#8221;full&#8221; onclick=&#8221;custom_link&#8221; image_hovers=&#8221;false&#8221; el_class=&#8221;logo-bildmarke&#8221; link=&#8221;\/en&#8221;][\/vc_column][\/vc_row][\/vc_section][vc_section el_class=&#8221;contentsection-bild-tabs&#8221;][vc_row][vc_column][vc_column_text]<\/p>\n<h1>TWOJE ZAPYTANIE &#8211; SZYBKO &amp; BEZ KOMPLIKACJI<\/h1>\n<p>[\/vc_column_text][\/vc_column][\/vc_row][vc_row full_width=&#8221;stretch_row&#8221; el_class=&#8221;bg-lightgrey&#8221; css=&#8221;.vc_custom_1682513500589{padding-top: 50px !important;}&#8221;][vc_column width=&#8221;1\/2&#8243; el_class=&#8221;bild&#8221; css=&#8221;.vc_custom_1681290509725{padding-top: 20px !important;padding-bottom: 20px !important;}&#8221;][vc_column_text]<\/p>\n<h2>ZAPYTANIE OG\u00d3LNE<\/h2>\n<p>Anhalt Logistics GmbH &amp; Co. KG<br \/>\nTannenweg 1 | 25776 Rehm-Flehde-Bargen<\/p>\n<p><span class=\"kontaktbox_daten_titel\">Telefon: <\/span><span class=\"kontaktbox_daten_wert\"><a href=\"tel:+4948825900\">+49 4882 &#8211; 590 0<\/a><\/span><br \/>\n<span class=\"kontaktbox_daten_titel\">E-mail: <\/span><span class=\"kontaktbox_daten_wert\"><a href=\"mailto:info@anhalt.de\">info@anhalt.de<\/a><\/span>[\/vc_column_text][\/vc_column][vc_column width=&#8221;1\/2&#8243; el_class=&#8221;text&#8221; css=&#8221;.vc_custom_1681290539503{padding-top: 20px !important;padding-bottom: 20px !important;}&#8221;][vc_column_text]<\/p>\n<h2>ZAPYTANIE O FRACHT<\/h2>\n<p>Nasz Zesp\u00f3\u0142 ds. cen jest do Pa\u0144stwa dyspozycji w przypadku indywidualnego zapytania o fracht.<\/p>\n<p><span class=\"kontaktbox_daten_titel\">Telefon:<\/span><span class=\"kontaktbox_daten_wert\"> <a href=\"tel:+4948825902520\">+49 4882 &#8211; 590 2520<\/a><\/span><br \/>\n<span class=\"kontaktbox_daten_titel\">E-mail: <\/span><span class=\"kontaktbox_daten_wert\"><a href=\"mailto:pricing@anhalt.de\">pricing@anhalt.de<\/a><\/span>[\/vc_column_text][\/vc_column][\/vc_row][vc_row full_width=&#8221;stretch_row&#8221; el_class=&#8221;bg-lightgrey&#8221; css=&#8221;.vc_custom_1682513484795{padding-top: 50px !important;padding-bottom: 80px !important;}&#8221;][vc_column width=&#8221;3\/4&#8243;][vc_column_text]<\/p>\n<h2>Contact form<\/h2>\n<p>[\/vc_column_text]\n<div class=\"wpcf7 no-js\" id=\"wpcf7-f2026-o1\" lang=\"pl-PL\" dir=\"ltr\" data-wpcf7-id=\"2026\">\n<div class=\"screen-reader-response\"><p role=\"status\" aria-live=\"polite\" aria-atomic=\"true\"><\/p> <ul><\/ul><\/div>\n<form action=\"\/pl\/wp-json\/wp\/v2\/pages\/1509#wpcf7-f2026-o1\" method=\"post\" class=\"wpcf7-form init\" aria-label=\"Formularz kontaktowy\" novalidate=\"novalidate\" data-status=\"init\">\n<fieldset class=\"hidden-fields-container\"><input type=\"hidden\" name=\"_wpcf7\" value=\"2026\" \/><input type=\"hidden\" name=\"_wpcf7_version\" value=\"6.1.5\" \/><input type=\"hidden\" name=\"_wpcf7_locale\" value=\"pl_PL\" \/><input type=\"hidden\" name=\"_wpcf7_unit_tag\" value=\"wpcf7-f2026-o1\" \/><input type=\"hidden\" name=\"_wpcf7_container_post\" value=\"0\" \/><input type=\"hidden\" name=\"_wpcf7_posted_data_hash\" value=\"\" \/>\n<\/fieldset>\n<p><label>Rodzaj zapytania<span class=\"wpcf7-form-control-wrap\" data-name=\"sa-recipient\"><select class=\"wpcf7-form-control wpcf7-select\" aria-invalid=\"false\" name=\"sa-recipient\"><option value=\"Zapytanie og\u00f3lne (info@anhalt.de)\">Zapytanie og\u00f3lne (info@anhalt.de)<\/option><option value=\"Zapytanie o fracht (pricing@anhalt.de)\">Zapytanie o fracht (pricing@anhalt.de)<\/option><\/select><\/span> <\/label>\n<\/p>\n<p><label> Nazwisko *<br \/>\n<span class=\"wpcf7-form-control-wrap\" data-name=\"your-name\"><input size=\"40\" maxlength=\"400\" class=\"wpcf7-form-control wpcf7-text wpcf7-validates-as-required\" autocomplete=\"name\" aria-required=\"true\" aria-invalid=\"false\" value=\"\" type=\"text\" name=\"your-name\" \/><\/span> <\/label>\n<\/p>\n<p><label> E-Mail *<br \/>\n<span class=\"wpcf7-form-control-wrap\" data-name=\"your-email\"><input size=\"40\" maxlength=\"400\" class=\"wpcf7-form-control wpcf7-email wpcf7-validates-as-required wpcf7-text wpcf7-validates-as-email\" autocomplete=\"email\" aria-required=\"true\" aria-invalid=\"false\" value=\"\" type=\"email\" name=\"your-email\" \/><\/span> <\/label>\n<\/p>\n<p><label> Telefon<br \/>\n<span class=\"wpcf7-form-control-wrap\" data-name=\"your-phone\"><input size=\"40\" maxlength=\"400\" class=\"wpcf7-form-control wpcf7-tel wpcf7-text wpcf7-validates-as-tel\" aria-invalid=\"false\" value=\"\" type=\"tel\" name=\"your-phone\" \/><\/span> <\/label>\n<\/p>\n<p><label> Tre\u015b\u0107 zapytania *<br \/>\n<span class=\"wpcf7-form-control-wrap\" data-name=\"your-message\"><textarea cols=\"40\" rows=\"10\" maxlength=\"2000\" class=\"wpcf7-form-control wpcf7-textarea wpcf7-validates-as-required\" aria-required=\"true\" aria-invalid=\"false\" name=\"your-message\"><\/textarea><\/span> <\/label>\n<\/p>\n<p class=\"quiz-wrap\" style=\"padding: 10px 0 20px;\"><span>ozwi\u0105\u017c zadanie, a nast\u0119pnie dodaj do niego 10:<\/span><br \/>\n<span class=\"wpcf7-form-control-wrap\" data-name=\"counter\"><label><span class=\"wpcf7-quiz-label\">5+3<\/span> <input size=\"40\" class=\"wpcf7-form-control wpcf7-quiz\" autocomplete=\"off\" aria-required=\"true\" aria-invalid=\"false\" type=\"text\" name=\"counter\" \/><\/label><input type=\"hidden\" name=\"_wpcf7_quiz_answer_counter\" value=\"0bf91b3a8479c65bc4b6a71995e86bec\" \/><\/span>\n<\/p>\n<p><span class=\"wpcf7-form-control-wrap\" data-name=\"datenschutz\"><span class=\"wpcf7-form-control wpcf7-acceptance\"><span class=\"wpcf7-list-item\"><label><input type=\"checkbox\" name=\"datenschutz\" value=\"1\" aria-invalid=\"false\" \/><span class=\"wpcf7-list-item-label\">Wyra\u017casz zgod\u0119 na przechowywanie i wykorzystywanie Twoich danych w celu przetworzenia Twojego zapytania.<\/br>\nWi\u0119cej informacji mo\u017cna znale\u017a\u0107 w naszej <a href=\"\/pl\/ochrona-danych\" title=\"Polityce prywatno\u015bci\" target=\"_blank\">Polityce prywatno\u015bci<\/a><\/span><\/label><\/span><\/span><\/span>\n<\/p>\n<p><span id=\"wpcf7-69dd244a3997e-wrapper\" class=\"wpcf7-form-control-wrap your-website-wrap\" style=\"display:none !important; visibility:hidden !important;\"><input type=\"hidden\" name=\"your-website-time-start\" value=\"1776100426\"><input type=\"hidden\" name=\"your-website-time-check\" value=\"4\"><label for=\"wpcf7-69dd244a3997e-field\" class=\"hp-message\">Please leave this field empty.<\/label><input id=\"wpcf7-69dd244a3997e-field\"  class=\"wpcf7-form-control wpcf7-text\" type=\"text\" name=\"your-website\" value=\"\" size=\"40\" tabindex=\"-1\" autocomplete=\"new-password\" \/><\/span>\n<\/p>\n<p><input class=\"wpcf7-form-control wpcf7-submit has-spinner\" type=\"submit\" value=\"Wy\u015blij\" \/>\n<\/p><div class=\"wpcf7-response-output\" aria-hidden=\"true\"><\/div>\n<\/form>\n<\/div>\n[\/vc_column][\/vc_row][\/vc_section]<\/p>\n<\/div>","protected":false},"excerpt":{"rendered":"<p>[vc_section el_id=&#8221;header-home&#8221; el_class=&#8221;headerbereich&#8221;][vc_row full_width=&#8221;stretch_row_content_no_spaces&#8221;][vc_column][\/vc_column][\/vc_row][\/vc_section][vc_section el_id=&#8221;home-willkommen&#8221;][vc_row][vc_column][vc_single_image image=&#8221;1057&#8243; img_size=&#8221;full&#8221; onclick=&#8221;custom_link&#8221; image_hovers=&#8221;false&#8221; el_class=&#8221;logo-bildmarke&#8221; link=&#8221;\/en&#8221;][\/vc_column][\/vc_row][\/vc_section][vc_section el_class=&#8221;contentsection-bild-tabs&#8221;][vc_row][vc_column][vc_column_text] TWOJE ZAPYTANIE &#8211; SZYBKO &amp; BEZ KOMPLIKACJI [\/vc_column_text][\/vc_column][\/vc_row][vc_row full_width=&#8221;stretch_row&#8221; el_class=&#8221;bg-lightgrey&#8221; css=&#8221;.vc_custom_1682513500589{padding-top: 50px !important;}&#8221;][vc_column width=&#8221;1\/2&#8243; el_class=&#8221;bild&#8221; css=&#8221;.vc_custom_1681290509725{padding-top: 20px !important;padding-bottom: 20px !important;}&#8221;][vc_column_text] ZAPYTANIE OG\u00d3LNE Anhalt Logistics GmbH &amp; Co. KG Tannenweg 1 | 25776 Rehm-Flehde-Bargen Telefon: +49 4882 &#8211; 590 0 E-mail: info@anhalt.de[\/vc_column_text][\/vc_column][vc_column width=&#8221;1\/2&#8243; el_class=&#8221;text&#8221;&hellip;<\/p>\n","protected":false},"author":1,"featured_media":0,"parent":0,"menu_order":4,"comment_status":"closed","ping_status":"closed","template":"","meta":{"_acf_changed":false,"_custom_body_class":"","_custom_post_class":"","footnotes":""},"class_list":["post-1509","page","type-page","status-publish","hentry","description-off"],"acf":[],"yoast_head":"<!-- This site is optimized with the Yoast SEO plugin v27.3 - https:\/\/yoast.com\/product\/yoast-seo-wordpress\/ -->\n<title>Zapytania - Anhalt Logistics GmbH &amp; Co. KG<\/title>\n<meta name=\"robots\" content=\"index, follow, max-snippet:-1, max-image-preview:large, max-video-preview:-1\" \/>\n<link rel=\"canonical\" href=\"https:\/\/anhalt.de\/pl\/zapytania\" \/>\n<meta property=\"og:locale\" content=\"pl_PL\" \/>\n<meta property=\"og:type\" content=\"article\" \/>\n<meta property=\"og:title\" content=\"Zapytania - Anhalt Logistics GmbH &amp; Co. KG\" \/>\n<meta property=\"og:description\" content=\"[vc_section el_id=&#8221;header-home&#8221; el_class=&#8221;headerbereich&#8221;][vc_row full_width=&#8221;stretch_row_content_no_spaces&#8221;][vc_column][\/vc_column][\/vc_row][\/vc_section][vc_section el_id=&#8221;home-willkommen&#8221;][vc_row][vc_column][vc_single_image image=&#8221;1057&#8243; img_size=&#8221;full&#8221; onclick=&#8221;custom_link&#8221; image_hovers=&#8221;false&#8221; el_class=&#8221;logo-bildmarke&#8221; link=&#8221;\/en&#8221;][\/vc_column][\/vc_row][\/vc_section][vc_section el_class=&#8221;contentsection-bild-tabs&#8221;][vc_row][vc_column][vc_column_text] TWOJE ZAPYTANIE &#8211; SZYBKO &amp; BEZ KOMPLIKACJI [\/vc_column_text][\/vc_column][\/vc_row][vc_row full_width=&#8221;stretch_row&#8221; el_class=&#8221;bg-lightgrey&#8221; css=&#8221;.vc_custom_1682513500589{padding-top: 50px !important;}&#8221;][vc_column width=&#8221;1\/2&#8243; el_class=&#8221;bild&#8221; css=&#8221;.vc_custom_1681290509725{padding-top: 20px !important;padding-bottom: 20px !important;}&#8221;][vc_column_text] ZAPYTANIE OG\u00d3LNE Anhalt Logistics GmbH &amp; Co. KG Tannenweg 1 | 25776 Rehm-Flehde-Bargen Telefon: +49 4882 &#8211; 590 0 E-mail: info@anhalt.de[\/vc_column_text][\/vc_column][vc_column width=&#8221;1\/2&#8243; el_class=&#8221;text&#8221;&hellip;\" \/>\n<meta property=\"og:url\" content=\"https:\/\/anhalt.de\/pl\/zapytania\" \/>\n<meta property=\"og:site_name\" content=\"Anhalt Logistics GmbH &amp; Co. KG\" \/>\n<meta property=\"article:publisher\" content=\"https:\/\/www.facebook.com\/AnhaltLogistics\" \/>\n<meta property=\"article:modified_time\" content=\"2023-08-03T07:46:18+00:00\" \/>\n<meta name=\"twitter:card\" content=\"summary_large_image\" \/>\n<meta name=\"twitter:label1\" content=\"Szacowany czas czytania\" \/>\n\t<meta name=\"twitter:data1\" content=\"1 minuta\" \/>\n<script type=\"application\/ld+json\" class=\"yoast-schema-graph\">{\"@context\":\"https:\\\/\\\/schema.org\",\"@graph\":[{\"@type\":\"WebPage\",\"@id\":\"https:\\\/\\\/anhalt.de\\\/pl\\\/zapytania\",\"url\":\"https:\\\/\\\/anhalt.de\\\/pl\\\/zapytania\",\"name\":\"Zapytania - Anhalt Logistics GmbH &amp; Co. KG\",\"isPartOf\":{\"@id\":\"https:\\\/\\\/anhalt.de\\\/pl#website\"},\"datePublished\":\"2023-02-20T12:53:40+00:00\",\"dateModified\":\"2023-08-03T07:46:18+00:00\",\"breadcrumb\":{\"@id\":\"https:\\\/\\\/anhalt.de\\\/pl\\\/zapytania#breadcrumb\"},\"inLanguage\":\"pl-PL\",\"potentialAction\":[{\"@type\":\"ReadAction\",\"target\":[\"https:\\\/\\\/anhalt.de\\\/pl\\\/zapytania\"]}]},{\"@type\":\"BreadcrumbList\",\"@id\":\"https:\\\/\\\/anhalt.de\\\/pl\\\/zapytania#breadcrumb\",\"itemListElement\":[{\"@type\":\"ListItem\",\"position\":1,\"name\":\"Startseite\",\"item\":\"https:\\\/\\\/anhalt.de\\\/pl\"},{\"@type\":\"ListItem\",\"position\":2,\"name\":\"Zapytania\"}]},{\"@type\":\"WebSite\",\"@id\":\"https:\\\/\\\/anhalt.de\\\/pl#website\",\"url\":\"https:\\\/\\\/anhalt.de\\\/pl\",\"name\":\"Anhalt Logistics GmbH & Co. KG\",\"description\":\"\",\"publisher\":{\"@id\":\"https:\\\/\\\/anhalt.de\\\/pl#organization\"},\"potentialAction\":[{\"@type\":\"SearchAction\",\"target\":{\"@type\":\"EntryPoint\",\"urlTemplate\":\"https:\\\/\\\/anhalt.de\\\/pl?s={search_term_string}\"},\"query-input\":{\"@type\":\"PropertyValueSpecification\",\"valueRequired\":true,\"valueName\":\"search_term_string\"}}],\"inLanguage\":\"pl-PL\"},{\"@type\":\"Organization\",\"@id\":\"https:\\\/\\\/anhalt.de\\\/pl#organization\",\"name\":\"Anhalt Logistics GmbH & Co. KG\",\"url\":\"https:\\\/\\\/anhalt.de\\\/pl\",\"logo\":{\"@type\":\"ImageObject\",\"inLanguage\":\"pl-PL\",\"@id\":\"https:\\\/\\\/anhalt.de\\\/pl#\\\/schema\\\/logo\\\/image\\\/\",\"url\":\"https:\\\/\\\/anhalt.de\\\/wp-content\\\/uploads\\\/AnhaltLogistics_Logo20170228_RGB.svg\",\"contentUrl\":\"https:\\\/\\\/anhalt.de\\\/wp-content\\\/uploads\\\/AnhaltLogistics_Logo20170228_RGB.svg\",\"width\":737,\"height\":283,\"caption\":\"Anhalt Logistics GmbH & Co. KG\"},\"image\":{\"@id\":\"https:\\\/\\\/anhalt.de\\\/pl#\\\/schema\\\/logo\\\/image\\\/\"},\"sameAs\":[\"https:\\\/\\\/www.facebook.com\\\/AnhaltLogistics\",\"https:\\\/\\\/www.instagram.com\\\/anhaltlogistics\",\"https:\\\/\\\/www.linkedin.com\\\/company\\\/anhalt-logistics\"]}]}<\/script>\n<!-- \/ Yoast SEO plugin. -->","yoast_head_json":{"title":"Zapytania - Anhalt Logistics GmbH &amp; Co. KG","robots":{"index":"index","follow":"follow","max-snippet":"max-snippet:-1","max-image-preview":"max-image-preview:large","max-video-preview":"max-video-preview:-1"},"canonical":"https:\/\/anhalt.de\/pl\/zapytania","og_locale":"pl_PL","og_type":"article","og_title":"Zapytania - Anhalt Logistics GmbH &amp; Co. KG","og_description":"[vc_section el_id=&#8221;header-home&#8221; el_class=&#8221;headerbereich&#8221;][vc_row full_width=&#8221;stretch_row_content_no_spaces&#8221;][vc_column][\/vc_column][\/vc_row][\/vc_section][vc_section el_id=&#8221;home-willkommen&#8221;][vc_row][vc_column][vc_single_image image=&#8221;1057&#8243; img_size=&#8221;full&#8221; onclick=&#8221;custom_link&#8221; image_hovers=&#8221;false&#8221; el_class=&#8221;logo-bildmarke&#8221; link=&#8221;\/en&#8221;][\/vc_column][\/vc_row][\/vc_section][vc_section el_class=&#8221;contentsection-bild-tabs&#8221;][vc_row][vc_column][vc_column_text] TWOJE ZAPYTANIE &#8211; SZYBKO &amp; BEZ KOMPLIKACJI [\/vc_column_text][\/vc_column][\/vc_row][vc_row full_width=&#8221;stretch_row&#8221; el_class=&#8221;bg-lightgrey&#8221; css=&#8221;.vc_custom_1682513500589{padding-top: 50px !important;}&#8221;][vc_column width=&#8221;1\/2&#8243; el_class=&#8221;bild&#8221; css=&#8221;.vc_custom_1681290509725{padding-top: 20px !important;padding-bottom: 20px !important;}&#8221;][vc_column_text] ZAPYTANIE OG\u00d3LNE Anhalt Logistics GmbH &amp; Co. KG Tannenweg 1 | 25776 Rehm-Flehde-Bargen Telefon: +49 4882 &#8211; 590 0 E-mail: info@anhalt.de[\/vc_column_text][\/vc_column][vc_column width=&#8221;1\/2&#8243; el_class=&#8221;text&#8221;&hellip;","og_url":"https:\/\/anhalt.de\/pl\/zapytania","og_site_name":"Anhalt Logistics GmbH &amp; Co. KG","article_publisher":"https:\/\/www.facebook.com\/AnhaltLogistics","article_modified_time":"2023-08-03T07:46:18+00:00","twitter_card":"summary_large_image","twitter_misc":{"Szacowany czas czytania":"1 minuta"},"schema":{"@context":"https:\/\/schema.org","@graph":[{"@type":"WebPage","@id":"https:\/\/anhalt.de\/pl\/zapytania","url":"https:\/\/anhalt.de\/pl\/zapytania","name":"Zapytania - Anhalt Logistics GmbH &amp; Co. KG","isPartOf":{"@id":"https:\/\/anhalt.de\/pl#website"},"datePublished":"2023-02-20T12:53:40+00:00","dateModified":"2023-08-03T07:46:18+00:00","breadcrumb":{"@id":"https:\/\/anhalt.de\/pl\/zapytania#breadcrumb"},"inLanguage":"pl-PL","potentialAction":[{"@type":"ReadAction","target":["https:\/\/anhalt.de\/pl\/zapytania"]}]},{"@type":"BreadcrumbList","@id":"https:\/\/anhalt.de\/pl\/zapytania#breadcrumb","itemListElement":[{"@type":"ListItem","position":1,"name":"Startseite","item":"https:\/\/anhalt.de\/pl"},{"@type":"ListItem","position":2,"name":"Zapytania"}]},{"@type":"WebSite","@id":"https:\/\/anhalt.de\/pl#website","url":"https:\/\/anhalt.de\/pl","name":"Anhalt Logistics GmbH & Co. KG","description":"","publisher":{"@id":"https:\/\/anhalt.de\/pl#organization"},"potentialAction":[{"@type":"SearchAction","target":{"@type":"EntryPoint","urlTemplate":"https:\/\/anhalt.de\/pl?s={search_term_string}"},"query-input":{"@type":"PropertyValueSpecification","valueRequired":true,"valueName":"search_term_string"}}],"inLanguage":"pl-PL"},{"@type":"Organization","@id":"https:\/\/anhalt.de\/pl#organization","name":"Anhalt Logistics GmbH & Co. KG","url":"https:\/\/anhalt.de\/pl","logo":{"@type":"ImageObject","inLanguage":"pl-PL","@id":"https:\/\/anhalt.de\/pl#\/schema\/logo\/image\/","url":"https:\/\/anhalt.de\/wp-content\/uploads\/AnhaltLogistics_Logo20170228_RGB.svg","contentUrl":"https:\/\/anhalt.de\/wp-content\/uploads\/AnhaltLogistics_Logo20170228_RGB.svg","width":737,"height":283,"caption":"Anhalt Logistics GmbH & Co. KG"},"image":{"@id":"https:\/\/anhalt.de\/pl#\/schema\/logo\/image\/"},"sameAs":["https:\/\/www.facebook.com\/AnhaltLogistics","https:\/\/www.instagram.com\/anhaltlogistics","https:\/\/www.linkedin.com\/company\/anhalt-logistics"]}]}},"_links":{"self":[{"href":"https:\/\/anhalt.de\/pl\/wp-json\/wp\/v2\/pages\/1509","targetHints":{"allow":["GET"]}}],"collection":[{"href":"https:\/\/anhalt.de\/pl\/wp-json\/wp\/v2\/pages"}],"about":[{"href":"https:\/\/anhalt.de\/pl\/wp-json\/wp\/v2\/types\/page"}],"author":[{"embeddable":true,"href":"https:\/\/anhalt.de\/pl\/wp-json\/wp\/v2\/users\/1"}],"replies":[{"embeddable":true,"href":"https:\/\/anhalt.de\/pl\/wp-json\/wp\/v2\/comments?post=1509"}],"version-history":[{"count":6,"href":"https:\/\/anhalt.de\/pl\/wp-json\/wp\/v2\/pages\/1509\/revisions"}],"predecessor-version":[{"id":3440,"href":"https:\/\/anhalt.de\/pl\/wp-json\/wp\/v2\/pages\/1509\/revisions\/3440"}],"wp:attachment":[{"href":"https:\/\/anhalt.de\/pl\/wp-json\/wp\/v2\/media?parent=1509"}],"curies":[{"name":"wp","href":"https:\/\/api.w.org\/{rel}","templated":true}]}}