{"id":1523,"date":"2023-02-20T13:58:45","date_gmt":"2023-02-20T12:58:45","guid":{"rendered":"https:\/\/anhalt.de\/terms-of-use"},"modified":"2023-08-03T14:00:09","modified_gmt":"2023-08-03T12:00:09","slug":"warunki-korzystania","status":"publish","type":"page","link":"https:\/\/anhalt.de\/pl\/warunki-korzystania","title":{"rendered":"Warunki u\u017cytkowania"},"content":{"rendered":"<div class=\"wpb-content-wrapper\"><p>[vc_section el_id=&#8221;header-home&#8221; el_class=&#8221;headerbereich&#8221;][vc_row full_width=&#8221;stretch_row_content_no_spaces&#8221;][vc_column]<div id=\"ult-carousel-368781315969dd20a5ba608\" class=\"ult-carousel-wrapper   ult_horizontal\" data-gutter=\"0\" data-rtl=\"false\" ><div class=\"ult-carousel-355375721069dd20a5ba3c7 \" >[vc_row_inner el_class=&#8221;slider-row&#8221; css=&#8221;.vc_custom_1677746120214{background-image: url(https:\/\/anhalt.de\/wp-content\/uploads\/anhalt-logistics-individuelle-logistikloesungen.jpg?id=448) !important;}&#8221;][vc_column_inner width=&#8221;1\/2&#8243;][vc_column_text el_class=&#8221;slider-text&#8221;]<\/p>\n<h2>Tw\u00f3j partner w zakresie indywidualnych rozwi\u0105za\u0144 logistycznych.<\/h2>\n<p><a class=\"btn-ws\" href=\"https:\/\/anhalt.de\/pl\/nasze-uslugi\/koncepcje-logistyczne\">Dowiedz si\u0119 wi\u0119cej<\/a>[\/vc_column_text][\/vc_column_inner][vc_column_inner width=&#8221;1\/2&#8243;][\/vc_column_inner][\/vc_row_inner]<\/div><\/div>\t\t\t<script type=\"text\/javascript\">\n\t\t\t\tjQuery(document).ready(function ($) {\n\t\t\t\t\tif( typeof jQuery('.ult-carousel-355375721069dd20a5ba3c7').slick == \"function\"){\n\t\t\t\t\t\t$('.ult-carousel-355375721069dd20a5ba3c7').slick({dots: true,autoplay: true,autoplaySpeed: \"5000\",speed: \"300\",infinite: true,arrows: false,slidesToScroll:1,slidesToShow:1,swipe: true,draggable: true,touchMove: true,pauseOnHover: true,pauseOnFocus: false,responsive: [\n\t\t\t\t\t\t\t{\n\t\t\t\t\t\t\t  breakpoint: 1026,\n\t\t\t\t\t\t\t  settings: {\n\t\t\t\t\t\t\t\tslidesToShow: 1,\n\t\t\t\t\t\t\t\tslidesToScroll: 1,  \n\t\t\t\t\t\t\t  }\n\t\t\t\t\t\t\t},\n\t\t\t\t\t\t\t{\n\t\t\t\t\t\t\t  breakpoint: 1025,\n\t\t\t\t\t\t\t  settings: {\n\t\t\t\t\t\t\t\tslidesToShow: 1,\n\t\t\t\t\t\t\t\tslidesToScroll: 1\n\t\t\t\t\t\t\t  }\n\t\t\t\t\t\t\t},\n\t\t\t\t\t\t\t{\n\t\t\t\t\t\t\t  breakpoint: 760,\n\t\t\t\t\t\t\t  settings: {\n\t\t\t\t\t\t\t\tslidesToShow: 1,\n\t\t\t\t\t\t\t\tslidesToScroll: 1\n\t\t\t\t\t\t\t  }\n\t\t\t\t\t\t\t}\n\t\t\t\t\t\t],pauseOnDotsHover: true,customPaging: function(slider, i) {\n                   return '<i type=\"button\" style= \"color:#ffffff;\" class=\"ultsl-record\" data-role=\"none\"><\/i>';\n                },});\n\t\t\t\t\t}\n\t\t\t\t});\n\t\t\t<\/script>\n\t\t\t[\/vc_column][\/vc_row][\/vc_section][vc_section el_id=&#8221;home-willkommen&#8221;][vc_row][vc_column][vc_single_image image=&#8221;1057&#8243; img_size=&#8221;full&#8221; onclick=&#8221;custom_link&#8221; image_hovers=&#8221;false&#8221; el_class=&#8221;logo-bildmarke&#8221; link=&#8221;\/&#8221;][vc_column_text el_class=&#8221;justify&#8221;]<\/p>\n<h1>Nutzungsbedingungen<\/h1>\n<h4>Sicherheit und Datenschutz<\/h4>\n<p>Den Schutz Ihrer pers\u00f6nlichen Daten nimmt das Anhalt-Team sehr ernst. Wir garantieren die Einhaltung aller Bestimmungen des Bundesdatenschutzgesetzes. Ohne Ihre ausdr\u00fcckliche Zustimmung werden wir Ihre Daten ausschlie\u00dflich zur Abwicklung Ihrer Bestellung erfragen und verwenden.<\/p>\n<p>Eine weitergehende Nutzung z.B. f\u00fcr Werbezwecke ohne Ihr ausdr\u00fcckliches Einverst\u00e4ndnis hierzu ist ausgeschlossen. Eine Weitergabe Ihrer Daten an mit der Lieferung beauftragte Unternehmen erfolgt nur soweit die Auftragsabwicklung dies erforderlich macht.<\/p>\n<p>Unsere Kunden k\u00f6nnen jederzeit Mitteilung \u00fcber Umfang und Zweck der Datenverarbeitung erhalten. Des Weiteren werden Daten auf Wunsch berichtigt, gesperrt oder gel\u00f6scht.<\/p>\n<p>Bei weiteren Fragen zum Thema Datenschutz, Auskunfts- oder \u00c4nderungsw\u00fcnschen stehen wir Ihnen unter\u00a0<a>shop[at]anhalt.de<\/a>\u00a0gerne zur Verf\u00fcgung.<\/p>\n<h4>Haftungshinweis<\/h4>\n<p>Wir achten sehr darauf, Ihren Anspr\u00fcchen gerecht zu werden. Die Produktinformationen, Hilfetexte und Produktabbildungen auf der Anhalt-Homepage werden mit gr\u00f6\u00dftm\u00f6glicher Sorgfalt erstellt.<\/p>\n<p>Irrt\u00fcmer, Rechtschreibfehler oder nicht ganz aktuelle Informationen sind jedoch nicht ausgeschlossen. S\u00e4mtliche Abbildungen unserer Produkte im Online-Shop haben Symbol-Charakter.[\/vc_column_text][\/vc_column][\/vc_row][\/vc_section]<\/p>\n<\/div>","protected":false},"excerpt":{"rendered":"<p>[vc_section el_id=&#8221;header-home&#8221; el_class=&#8221;headerbereich&#8221;][vc_row full_width=&#8221;stretch_row_content_no_spaces&#8221;][vc_column][\/vc_column][\/vc_row][\/vc_section][vc_section el_id=&#8221;home-willkommen&#8221;][vc_row][vc_column][vc_single_image image=&#8221;1057&#8243; img_size=&#8221;full&#8221; onclick=&#8221;custom_link&#8221; image_hovers=&#8221;false&#8221; el_class=&#8221;logo-bildmarke&#8221; link=&#8221;\/&#8221;][vc_column_text el_class=&#8221;justify&#8221;] Nutzungsbedingungen Sicherheit und Datenschutz Den Schutz Ihrer pers\u00f6nlichen Daten nimmt das Anhalt-Team sehr ernst. Wir garantieren die Einhaltung aller Bestimmungen des Bundesdatenschutzgesetzes. Ohne Ihre ausdr\u00fcckliche Zustimmung werden wir Ihre Daten ausschlie\u00dflich zur Abwicklung Ihrer Bestellung erfragen und verwenden. Eine weitergehende Nutzung z.B. f\u00fcr&hellip;<\/p>\n","protected":false},"author":1,"featured_media":0,"parent":0,"menu_order":8,"comment_status":"closed","ping_status":"closed","template":"","meta":{"_acf_changed":false,"_custom_body_class":"","_custom_post_class":"","footnotes":""},"class_list":["post-1523","page","type-page","status-publish","hentry","description-off"],"acf":[],"yoast_head":"<!-- This site is optimized with the Yoast SEO plugin v27.3 - https:\/\/yoast.com\/product\/yoast-seo-wordpress\/ -->\n<title>Warunki u\u017cytkowania - Anhalt Logistics GmbH &amp; Co. KG<\/title>\n<meta name=\"robots\" content=\"index, follow, max-snippet:-1, max-image-preview:large, max-video-preview:-1\" \/>\n<link rel=\"canonical\" href=\"https:\/\/anhalt.de\/pl\/warunki-korzystania\" \/>\n<meta property=\"og:locale\" content=\"pl_PL\" \/>\n<meta property=\"og:type\" content=\"article\" \/>\n<meta property=\"og:title\" content=\"Warunki u\u017cytkowania - Anhalt Logistics GmbH &amp; Co. KG\" \/>\n<meta property=\"og:description\" content=\"[vc_section el_id=&#8221;header-home&#8221; el_class=&#8221;headerbereich&#8221;][vc_row full_width=&#8221;stretch_row_content_no_spaces&#8221;][vc_column][\/vc_column][\/vc_row][\/vc_section][vc_section el_id=&#8221;home-willkommen&#8221;][vc_row][vc_column][vc_single_image image=&#8221;1057&#8243; img_size=&#8221;full&#8221; onclick=&#8221;custom_link&#8221; image_hovers=&#8221;false&#8221; el_class=&#8221;logo-bildmarke&#8221; link=&#8221;\/&#8221;][vc_column_text el_class=&#8221;justify&#8221;] Nutzungsbedingungen Sicherheit und Datenschutz Den Schutz Ihrer pers\u00f6nlichen Daten nimmt das Anhalt-Team sehr ernst. Wir garantieren die Einhaltung aller Bestimmungen des Bundesdatenschutzgesetzes. Ohne Ihre ausdr\u00fcckliche Zustimmung werden wir Ihre Daten ausschlie\u00dflich zur Abwicklung Ihrer Bestellung erfragen und verwenden. Eine weitergehende Nutzung z.B. f\u00fcr&hellip;\" \/>\n<meta property=\"og:url\" content=\"https:\/\/anhalt.de\/pl\/warunki-korzystania\" \/>\n<meta property=\"og:site_name\" content=\"Anhalt Logistics GmbH &amp; Co. KG\" \/>\n<meta property=\"article:publisher\" content=\"https:\/\/www.facebook.com\/AnhaltLogistics\" \/>\n<meta property=\"article:modified_time\" content=\"2023-08-03T12:00:09+00:00\" \/>\n<meta name=\"twitter:card\" content=\"summary_large_image\" \/>\n<meta name=\"twitter:label1\" content=\"Szacowany czas czytania\" \/>\n\t<meta name=\"twitter:data1\" content=\"2 minuty\" \/>\n<script type=\"application\/ld+json\" class=\"yoast-schema-graph\">{\"@context\":\"https:\\\/\\\/schema.org\",\"@graph\":[{\"@type\":\"WebPage\",\"@id\":\"https:\\\/\\\/anhalt.de\\\/pl\\\/warunki-korzystania\",\"url\":\"https:\\\/\\\/anhalt.de\\\/pl\\\/warunki-korzystania\",\"name\":\"Warunki u\u017cytkowania - Anhalt Logistics GmbH &amp; Co. KG\",\"isPartOf\":{\"@id\":\"https:\\\/\\\/anhalt.de\\\/pl#website\"},\"datePublished\":\"2023-02-20T12:58:45+00:00\",\"dateModified\":\"2023-08-03T12:00:09+00:00\",\"breadcrumb\":{\"@id\":\"https:\\\/\\\/anhalt.de\\\/pl\\\/warunki-korzystania#breadcrumb\"},\"inLanguage\":\"pl-PL\",\"potentialAction\":[{\"@type\":\"ReadAction\",\"target\":[\"https:\\\/\\\/anhalt.de\\\/pl\\\/warunki-korzystania\"]}]},{\"@type\":\"BreadcrumbList\",\"@id\":\"https:\\\/\\\/anhalt.de\\\/pl\\\/warunki-korzystania#breadcrumb\",\"itemListElement\":[{\"@type\":\"ListItem\",\"position\":1,\"name\":\"Startseite\",\"item\":\"https:\\\/\\\/anhalt.de\\\/pl\"},{\"@type\":\"ListItem\",\"position\":2,\"name\":\"Warunki u\u017cytkowania\"}]},{\"@type\":\"WebSite\",\"@id\":\"https:\\\/\\\/anhalt.de\\\/pl#website\",\"url\":\"https:\\\/\\\/anhalt.de\\\/pl\",\"name\":\"Anhalt Logistics GmbH & Co. KG\",\"description\":\"\",\"publisher\":{\"@id\":\"https:\\\/\\\/anhalt.de\\\/pl#organization\"},\"potentialAction\":[{\"@type\":\"SearchAction\",\"target\":{\"@type\":\"EntryPoint\",\"urlTemplate\":\"https:\\\/\\\/anhalt.de\\\/pl?s={search_term_string}\"},\"query-input\":{\"@type\":\"PropertyValueSpecification\",\"valueRequired\":true,\"valueName\":\"search_term_string\"}}],\"inLanguage\":\"pl-PL\"},{\"@type\":\"Organization\",\"@id\":\"https:\\\/\\\/anhalt.de\\\/pl#organization\",\"name\":\"Anhalt Logistics GmbH & Co. KG\",\"url\":\"https:\\\/\\\/anhalt.de\\\/pl\",\"logo\":{\"@type\":\"ImageObject\",\"inLanguage\":\"pl-PL\",\"@id\":\"https:\\\/\\\/anhalt.de\\\/pl#\\\/schema\\\/logo\\\/image\\\/\",\"url\":\"https:\\\/\\\/anhalt.de\\\/wp-content\\\/uploads\\\/AnhaltLogistics_Logo20170228_RGB.svg\",\"contentUrl\":\"https:\\\/\\\/anhalt.de\\\/wp-content\\\/uploads\\\/AnhaltLogistics_Logo20170228_RGB.svg\",\"width\":737,\"height\":283,\"caption\":\"Anhalt Logistics GmbH & Co. KG\"},\"image\":{\"@id\":\"https:\\\/\\\/anhalt.de\\\/pl#\\\/schema\\\/logo\\\/image\\\/\"},\"sameAs\":[\"https:\\\/\\\/www.facebook.com\\\/AnhaltLogistics\",\"https:\\\/\\\/www.instagram.com\\\/anhaltlogistics\",\"https:\\\/\\\/www.linkedin.com\\\/company\\\/anhalt-logistics\"]}]}<\/script>\n<!-- \/ Yoast SEO plugin. -->","yoast_head_json":{"title":"Warunki u\u017cytkowania - Anhalt Logistics GmbH &amp; Co. KG","robots":{"index":"index","follow":"follow","max-snippet":"max-snippet:-1","max-image-preview":"max-image-preview:large","max-video-preview":"max-video-preview:-1"},"canonical":"https:\/\/anhalt.de\/pl\/warunki-korzystania","og_locale":"pl_PL","og_type":"article","og_title":"Warunki u\u017cytkowania - Anhalt Logistics GmbH &amp; Co. KG","og_description":"[vc_section el_id=&#8221;header-home&#8221; el_class=&#8221;headerbereich&#8221;][vc_row full_width=&#8221;stretch_row_content_no_spaces&#8221;][vc_column][\/vc_column][\/vc_row][\/vc_section][vc_section el_id=&#8221;home-willkommen&#8221;][vc_row][vc_column][vc_single_image image=&#8221;1057&#8243; img_size=&#8221;full&#8221; onclick=&#8221;custom_link&#8221; image_hovers=&#8221;false&#8221; el_class=&#8221;logo-bildmarke&#8221; link=&#8221;\/&#8221;][vc_column_text el_class=&#8221;justify&#8221;] Nutzungsbedingungen Sicherheit und Datenschutz Den Schutz Ihrer pers\u00f6nlichen Daten nimmt das Anhalt-Team sehr ernst. Wir garantieren die Einhaltung aller Bestimmungen des Bundesdatenschutzgesetzes. Ohne Ihre ausdr\u00fcckliche Zustimmung werden wir Ihre Daten ausschlie\u00dflich zur Abwicklung Ihrer Bestellung erfragen und verwenden. Eine weitergehende Nutzung z.B. f\u00fcr&hellip;","og_url":"https:\/\/anhalt.de\/pl\/warunki-korzystania","og_site_name":"Anhalt Logistics GmbH &amp; Co. KG","article_publisher":"https:\/\/www.facebook.com\/AnhaltLogistics","article_modified_time":"2023-08-03T12:00:09+00:00","twitter_card":"summary_large_image","twitter_misc":{"Szacowany czas czytania":"2 minuty"},"schema":{"@context":"https:\/\/schema.org","@graph":[{"@type":"WebPage","@id":"https:\/\/anhalt.de\/pl\/warunki-korzystania","url":"https:\/\/anhalt.de\/pl\/warunki-korzystania","name":"Warunki u\u017cytkowania - Anhalt Logistics GmbH &amp; Co. KG","isPartOf":{"@id":"https:\/\/anhalt.de\/pl#website"},"datePublished":"2023-02-20T12:58:45+00:00","dateModified":"2023-08-03T12:00:09+00:00","breadcrumb":{"@id":"https:\/\/anhalt.de\/pl\/warunki-korzystania#breadcrumb"},"inLanguage":"pl-PL","potentialAction":[{"@type":"ReadAction","target":["https:\/\/anhalt.de\/pl\/warunki-korzystania"]}]},{"@type":"BreadcrumbList","@id":"https:\/\/anhalt.de\/pl\/warunki-korzystania#breadcrumb","itemListElement":[{"@type":"ListItem","position":1,"name":"Startseite","item":"https:\/\/anhalt.de\/pl"},{"@type":"ListItem","position":2,"name":"Warunki u\u017cytkowania"}]},{"@type":"WebSite","@id":"https:\/\/anhalt.de\/pl#website","url":"https:\/\/anhalt.de\/pl","name":"Anhalt Logistics GmbH & Co. KG","description":"","publisher":{"@id":"https:\/\/anhalt.de\/pl#organization"},"potentialAction":[{"@type":"SearchAction","target":{"@type":"EntryPoint","urlTemplate":"https:\/\/anhalt.de\/pl?s={search_term_string}"},"query-input":{"@type":"PropertyValueSpecification","valueRequired":true,"valueName":"search_term_string"}}],"inLanguage":"pl-PL"},{"@type":"Organization","@id":"https:\/\/anhalt.de\/pl#organization","name":"Anhalt Logistics GmbH & Co. KG","url":"https:\/\/anhalt.de\/pl","logo":{"@type":"ImageObject","inLanguage":"pl-PL","@id":"https:\/\/anhalt.de\/pl#\/schema\/logo\/image\/","url":"https:\/\/anhalt.de\/wp-content\/uploads\/AnhaltLogistics_Logo20170228_RGB.svg","contentUrl":"https:\/\/anhalt.de\/wp-content\/uploads\/AnhaltLogistics_Logo20170228_RGB.svg","width":737,"height":283,"caption":"Anhalt Logistics GmbH & Co. KG"},"image":{"@id":"https:\/\/anhalt.de\/pl#\/schema\/logo\/image\/"},"sameAs":["https:\/\/www.facebook.com\/AnhaltLogistics","https:\/\/www.instagram.com\/anhaltlogistics","https:\/\/www.linkedin.com\/company\/anhalt-logistics"]}]}},"_links":{"self":[{"href":"https:\/\/anhalt.de\/pl\/wp-json\/wp\/v2\/pages\/1523","targetHints":{"allow":["GET"]}}],"collection":[{"href":"https:\/\/anhalt.de\/pl\/wp-json\/wp\/v2\/pages"}],"about":[{"href":"https:\/\/anhalt.de\/pl\/wp-json\/wp\/v2\/types\/page"}],"author":[{"embeddable":true,"href":"https:\/\/anhalt.de\/pl\/wp-json\/wp\/v2\/users\/1"}],"replies":[{"embeddable":true,"href":"https:\/\/anhalt.de\/pl\/wp-json\/wp\/v2\/comments?post=1523"}],"version-history":[{"count":3,"href":"https:\/\/anhalt.de\/pl\/wp-json\/wp\/v2\/pages\/1523\/revisions"}],"predecessor-version":[{"id":3487,"href":"https:\/\/anhalt.de\/pl\/wp-json\/wp\/v2\/pages\/1523\/revisions\/3487"}],"wp:attachment":[{"href":"https:\/\/anhalt.de\/pl\/wp-json\/wp\/v2\/media?parent=1523"}],"curies":[{"name":"wp","href":"https:\/\/api.w.org\/{rel}","templated":true}]}}