{"id":1531,"date":"2023-02-20T14:11:41","date_gmt":"2023-02-20T13:11:41","guid":{"rendered":"https:\/\/anhalt.de\/career\/this-is-us"},"modified":"2023-08-08T14:17:58","modified_gmt":"2023-08-08T12:17:58","slug":"to-jestesmy-my","status":"publish","type":"page","link":"https:\/\/anhalt.de\/pl\/kariera\/to-jestesmy-my","title":{"rendered":"To jeste\u015bmy my"},"content":{"rendered":"<div class=\"wpb-content-wrapper\"><p>[vc_section el_id=&#8221;header-home&#8221; el_class=&#8221;headerbereich&#8221;][vc_row full_width=&#8221;stretch_row_content_no_spaces&#8221;][vc_column]<div id=\"ult-carousel-233410107169dec80f0c2f2\" class=\"ult-carousel-wrapper   ult_horizontal\" data-gutter=\"0\" data-rtl=\"false\" ><div class=\"ult-carousel-291384802969dec80f0c155 \" >[vc_row_inner el_class=&#8221;slider-row&#8221; css=&#8221;.vc_custom_1683034899807{background-image: url(https:\/\/anhalt.de\/wp-content\/uploads\/2023-02-08_cMWT_Fotoshooting_Mitarbeitende_Gruppenfoto_Wiese_4107-e1683034733366.jpg?id=2628) !important;}&#8221;][vc_column_inner width=&#8221;1\/2&#8243;][vc_column_text el_class=&#8221;slider-text&#8221;]<\/p>\n<h2>To jeste\u015bmy my<\/h2>\n<p>[\/vc_column_text][\/vc_column_inner][vc_column_inner width=&#8221;1\/2&#8243;][\/vc_column_inner][\/vc_row_inner]<\/div><\/div>\t\t\t<script type=\"text\/javascript\">\n\t\t\t\tjQuery(document).ready(function ($) {\n\t\t\t\t\tif( typeof jQuery('.ult-carousel-291384802969dec80f0c155').slick == \"function\"){\n\t\t\t\t\t\t$('.ult-carousel-291384802969dec80f0c155').slick({dots: true,autoplay: true,autoplaySpeed: \"5000\",speed: \"300\",infinite: true,arrows: false,slidesToScroll:1,slidesToShow:1,swipe: true,draggable: true,touchMove: true,pauseOnHover: true,pauseOnFocus: false,responsive: [\n\t\t\t\t\t\t\t{\n\t\t\t\t\t\t\t  breakpoint: 1026,\n\t\t\t\t\t\t\t  settings: {\n\t\t\t\t\t\t\t\tslidesToShow: 1,\n\t\t\t\t\t\t\t\tslidesToScroll: 1,  \n\t\t\t\t\t\t\t  }\n\t\t\t\t\t\t\t},\n\t\t\t\t\t\t\t{\n\t\t\t\t\t\t\t  breakpoint: 1025,\n\t\t\t\t\t\t\t  settings: {\n\t\t\t\t\t\t\t\tslidesToShow: 1,\n\t\t\t\t\t\t\t\tslidesToScroll: 1\n\t\t\t\t\t\t\t  }\n\t\t\t\t\t\t\t},\n\t\t\t\t\t\t\t{\n\t\t\t\t\t\t\t  breakpoint: 760,\n\t\t\t\t\t\t\t  settings: {\n\t\t\t\t\t\t\t\tslidesToShow: 1,\n\t\t\t\t\t\t\t\tslidesToScroll: 1\n\t\t\t\t\t\t\t  }\n\t\t\t\t\t\t\t}\n\t\t\t\t\t\t],pauseOnDotsHover: true,customPaging: function(slider, i) {\n                   return '<i type=\"button\" style= \"color:#ffffff;\" class=\"ultsl-record\" data-role=\"none\"><\/i>';\n                },});\n\t\t\t\t\t}\n\t\t\t\t});\n\t\t\t<\/script>\n\t\t\t[\/vc_column][\/vc_row][\/vc_section][vc_section el_id=&#8221;home-willkommen&#8221;][vc_row][vc_column][vc_single_image image=&#8221;1057&#8243; img_size=&#8221;full&#8221; onclick=&#8221;custom_link&#8221; image_hovers=&#8221;false&#8221; el_class=&#8221;logo-bildmarke&#8221; link=&#8221;\/&#8221;][\/vc_column][\/vc_row][\/vc_section][vc_row][vc_column][vc_column_text]<\/p>\n<h1>To my<\/h1>\n<p>[\/vc_column_text][vc_column_text]<\/p>\n<h4>Jako firma rodzinna z ponad 50-letnim do\u015bwiadczeniem wiemy dok\u0142adnie, jak wa\u017cni s\u0105 dobrzy pracownicy dla sukcesu naszego przedsi\u0119biorstwa.<\/h4>\n<p>[\/vc_column_text][\/vc_column][\/vc_row][vc_row][vc_column width=&#8221;1\/2&#8243;][vc_column_text]Z tego powodu zawsze szukamy ludzi, kt\u00f3rzy podzielaj\u0105 nasz\u0105 pasj\u0119 do logistyki i nap\u0119dzaj\u0105 nasz\u0105 firm\u0119 swoj\u0105 motywacj\u0105, do\u015bwiadczeniem i wiedz\u0105. W 2022 roku zostali\u015bmy odznaczeni tytu\u0142em <strong>\u201ePracodawca przysz\u0142o\u015bci\u201d<\/strong> przez Niemiecki Instytut Zr\u00f3wnowa\u017conego Rozwoju i Cyfryzacji.[\/vc_column_text][\/vc_column][vc_column width=&#8221;1\/2&#8243;][vc_column_text]Jako firma logistyczna w sektorze cystern oferujemy naszym klientom indywidualne i dopasowane rozwi\u0105zania oraz koncepcje &#8211; niezawodnie, czysto, bezpiecznie i zgodnie z harmonogramem.<\/p>\n<p>Chcesz sta\u0107 si\u0119 cz\u0119\u015bci\u0105 rodziny Anhalt lub szukasz nowych wyzwa\u0144?<\/p>\n<p><strong>W takim razie nie mo\u017cemy si\u0119 doczeka\u0107, aby Ci\u0119 pozna\u0107 i wsp\u00f3lnie z Tob\u0105 kszta\u0142towa\u0107 Twoj\u0105 i nasz\u0105 przysz\u0142o\u015b\u0107.<\/strong>[\/vc_column_text][\/vc_column][\/vc_row][vc_section el_class=&#8221;counter&#8221;][vc_row el_class=&#8221;counter&#8221;][vc_column width=&#8221;1\/3&#8243;][vc_column_text]<\/p>\n<h3 style=\"text-align: center;\">Pracownicy<\/h3>\n<p>[\/vc_column_text]<div class=\"stats-block stats-top  \"><div class=\"aio-icon-top\"><div class=\"ult-just-icon-wrapper  \"><div class=\"align-icon\" style=\"text-align:center;\">\n<div class=\"aio-icon-img \" style=\"font-size:48px;display:inline-block;\" >\n\t<img decoding=\"async\" class=\"img-icon\" alt=\"\" src=\"https:\/\/anhalt.de\/wp-content\/uploads\/statistiken_fuhrpark.png\"\/>\n<\/div><\/div><\/div><\/div><div class=\"stats-desc\" id=\"counter-responsv-wrap-3807\"><div class=\"counter_prefix mycust ult-responsive\"  data-ultimate-target='#counter-responsv-wrap-3807 .mycust'  data-responsive-json-new='{\"font-size\":\"\",\"line-height\":\"\"}'  style=\"font-size:28px; color:\">ponad<\/div><div id=\"counter_56464576669dec80f0ca87\" data-id=\"counter_56464576669dec80f0ca87\"  data-ultimate-target='#counter-responsv-wrap-3807 .stats-number'  data-responsive-json-new='{\"font-size\":\"\",\"line-height\":\"\"}'  class=\"stats-number ult-responsive\" style=\"font-size:28px;  \" data-speed=\"3\" data-counter-value=\"550\" data-separator=\",\" data-decimal=\".\">0<\/div><div id=\"title-counter_56464576669dec80f0ca87\"  data-ultimate-target='#counter-responsv-wrap-3807 .stats-text'  data-responsive-json-new='{\"font-size\":\"\",\"line-height\":\"\"}'  class=\"stats-text ult-responsive\" style=\"font-size:18px;  \"><\/div><\/div><\/div>[\/vc_column][vc_column width=&#8221;1\/3&#8243;][vc_column_text]<\/p>\n<h3 style=\"text-align: center;\">Kszta\u0142cenie zawodowe<\/h3>\n<p>[\/vc_column_text]<div class=\"stats-block stats-top  \"><div class=\"aio-icon-top\"><div class=\"ult-just-icon-wrapper  \"><div class=\"align-icon\" style=\"text-align:center;\">\n<div class=\"aio-icon-img \" style=\"font-size:48px;display:inline-block;\" >\n\t<img decoding=\"async\" class=\"img-icon\" alt=\"\" src=\"https:\/\/anhalt.de\/wp-content\/uploads\/statistiken_team.png\"\/>\n<\/div><\/div><\/div><\/div><div class=\"stats-desc\" id=\"counter-responsv-wrap-5989\"><div class=\"counter_prefix mycust ult-responsive\"  data-ultimate-target='#counter-responsv-wrap-5989 .mycust'  data-responsive-json-new='{\"font-size\":\"\",\"line-height\":\"\"}'  style=\"font-size:28px; color:\">od<\/div><div id=\"counter_381441888569dec80f0cfe0\" data-id=\"counter_381441888569dec80f0cfe0\"  data-ultimate-target='#counter-responsv-wrap-5989 .stats-number'  data-responsive-json-new='{\"font-size\":\"\",\"line-height\":\"\"}'  class=\"stats-number ult-responsive\" style=\"font-size:28px;  \" data-speed=\"3\" data-counter-value=\"1987\" data-separator=\"none\" data-decimal=\"none\">0<\/div><div id=\"title-counter_381441888569dec80f0cfe0\"  data-ultimate-target='#counter-responsv-wrap-5989 .stats-text'  data-responsive-json-new='{\"font-size\":\"\",\"line-height\":\"\"}'  class=\"stats-text ult-responsive\" style=\"font-size:18px;  \"><\/div><\/div><\/div>[\/vc_column][vc_column width=&#8221;1\/3&#8243;][vc_column_text]<\/p>\n<h3 style=\"text-align: center;\">Oddzia\u0142y<\/h3>\n<p>[\/vc_column_text]<div class=\"stats-block stats-top  \"><div class=\"aio-icon-top\"><div class=\"ult-just-icon-wrapper  \"><div class=\"align-icon\" style=\"text-align:center;\">\n<div class=\"aio-icon-img \" style=\"font-size:48px;display:inline-block;\" >\n\t<img decoding=\"async\" class=\"img-icon\" alt=\"\" src=\"https:\/\/anhalt.de\/wp-content\/uploads\/statistiken_erfahrung.png\"\/>\n<\/div><\/div><\/div><\/div><div class=\"stats-desc\" id=\"counter-responsv-wrap-9971\"><div id=\"counter_326457288469dec80f0d488\" data-id=\"counter_326457288469dec80f0d488\"  data-ultimate-target='#counter-responsv-wrap-9971 .stats-number'  data-responsive-json-new='{\"font-size\":\"\",\"line-height\":\"\"}'  class=\"stats-number ult-responsive\" style=\"font-size:28px;  \" data-speed=\"3\" data-counter-value=\"6\" data-separator=\",\" data-decimal=\".\">0<\/div><div class=\"counter_suffix mycust ult-responsive\"  data-ultimate-target='#counter-responsv-wrap-9971 .mycust'  data-responsive-json-new='{\"font-size\":\"\",\"line-height\":\"\"}'  style=\"font-size:28px; color:\">w Niemczech<\/div><div id=\"title-counter_326457288469dec80f0d488\"  data-ultimate-target='#counter-responsv-wrap-9971 .stats-text'  data-responsive-json-new='{\"font-size\":\"\",\"line-height\":\"\"}'  class=\"stats-text ult-responsive\" style=\"font-size:18px;  \"><\/div><\/div><\/div>[\/vc_column][\/vc_row][\/vc_section][vc_section full_width=&#8221;stretch_row&#8221; el_id=&#8221;teaserbox-dienstleistungen&#8221; el_class=&#8221;teaserbox-dienstleistungen bg-lightgrey&#8221;][vc_row][vc_column][vc_column_text]<\/p>\n<h2 style=\"text-align: center;\">Obszary naszego przedsiebiorstwa<\/h2>\n<p>[\/vc_column_text][\/vc_column][\/vc_row][vc_row equal_height=&#8221;yes&#8221; el_class=&#8221;teaser&#8221;][vc_column width=&#8221;1\/2&#8243; el_class=&#8221;transporte&#8221; offset=&#8221;vc_col-md-4&#8243;][vc_raw_html]JTNDZGl2JTIwY2xhc3MlM0QlMjJjeWNsZS1zbGlkZXNob3clMjIlMjBkYXRhLWN5Y2xlLXNwZWVkJTNEJTIyNjAwJTIyJTIwZGF0YS1jeWNsZS1tYW51YWwtc3BlZWQlM0QlMjIxMDAlMjIlMjBkYXRhLWN5Y2xlLXJhbmRvbSUzRCUyMjElMjIlM0UlMEElM0NoMyUzRVclMjBEUk9EWkUlM0MlMkZoMyUzRSUwQSUzQ2ltZyUyMHNyYyUzRCUyMiUyRndwLWNvbnRlbnQlMkZ1cGxvYWRzJTJGYXVmZGVyc3RyYXNzZTEyMDAuanBnJTIyJTNFJTBBJTNDJTJGZGl2JTNF[\/vc_raw_html][vc_column_text el_class=&#8221;textbox&#8221;]Ka\u017cdego dnia nasza flota przemierza drogi Europy, wsp\u00f3\u0142pracuj\u0105c z naszym dzia\u0142em dyspozytorskim, aby zapewni\u0107 bezpieczny, czysty i punktualny transport.[\/vc_column_text][vc_column_text el_class=&#8221;more&#8221;]<a class=\"btn-bl\" href=\"https:\/\/anhalt.de\/pl\/kariera\/to-jestesmy-my\/na-ulicy\">Dowiedz si\u0119 wi\u0119cej<\/a>[\/vc_column_text][\/vc_column][vc_column width=&#8221;1\/2&#8243; el_class=&#8221;depot-services&#8221; offset=&#8221;vc_col-md-4&#8243;][vc_raw_html]JTNDZGl2JTIwY2xhc3MlM0QlMjJjeWNsZS1zbGlkZXNob3clMjIlMjBkYXRhLWN5Y2xlLXNwZWVkJTNEJTIyNjAwJTIyJTIwZGF0YS1jeWNsZS1tYW51YWwtc3BlZWQlM0QlMjIxMDAlMjIlMjBkYXRhLWN5Y2xlLXJhbmRvbSUzRCUyMjElMjIlMjBkYXRhLWN5Y2xlLWRlbGF5JTNEJTIyODAwJTIyJTNFJTBBJTNDaDMlM0VEWVNQT1pZQ0pBJTNDJTJGaDMlM0UlMEElM0NpbWclMjBzcmMlM0QlMjIlMkZ3cC1jb250ZW50JTJGdXBsb2FkcyUyRmRpc3Bvc2l0aW9uMTIwMC5qcGclMjIlM0UlMEElM0MlMkZkaXYlM0U=[\/vc_raw_html][vc_column_text el_class=&#8221;textbox&#8221;]Nasi dyspozytorzy ponosz\u0105 codziennie du\u017c\u0105 odpowiedzialno\u015b\u0107 za koordynacj\u0119 i realizacj\u0119 zlece\u0144 naszych klient\u00f3w.[\/vc_column_text][vc_column_text el_class=&#8221;more&#8221;]<a class=\"btn-bl\" href=\"https:\/\/anhalt.de\/pl\/kariera\/to-jestesmy-my\/usposobienie\">Dowiedz si\u0119 wi\u0119cej<\/a>[\/vc_column_text][\/vc_column][vc_column width=&#8221;1\/2&#8243; el_class=&#8221;logistikkonzepte&#8221; offset=&#8221;vc_col-md-4&#8243;][vc_raw_html]JTNDZGl2JTIwY2xhc3MlM0QlMjJjeWNsZS1zbGlkZXNob3clMjIlMjBkYXRhLWN5Y2xlLXNwZWVkJTNEJTIyNjAwJTIyJTIwZGF0YS1jeWNsZS1tYW51YWwtc3BlZWQlM0QlMjIxMDAlMjIlMjBkYXRhLWN5Y2xlLXJhbmRvbSUzRCUyMjElMjIlMjBkYXRhLWN5Y2xlLWRlbGF5JTNEJTIyNDAwJTIyJTNFJTBBJTNDaDMlM0VBRE1JTklTVFJBQ0pBJTNDJTJGaDMlM0UlMEElM0NpbWclMjBzcmMlM0QlMjIlMkZ3cC1jb250ZW50JTJGdXBsb2FkcyUyRnZlcndhbHR1bmdfbmV1MTIwMC5qcGclMjIlM0UlMEElM0MlMkZkaXYlM0U=[\/vc_raw_html][vc_column_text el_class=&#8221;textbox&#8221;]Nasz obszar administracyjny obejmuje wiele r\u00f3\u017cnych dzia\u0142\u00f3w i aktywno\u015bci.[\/vc_column_text][vc_column_text el_class=&#8221;more&#8221;]<a class=\"btn-bl\" href=\"https:\/\/anhalt.de\/pl\/kariera\/to-jestesmy-my\/administracja\">Dowiedz si\u0119 wi\u0119cej<\/a>[\/vc_column_text][\/vc_column][vc_column width=&#8221;1\/2&#8243; el_class=&#8221;transporte&#8221; offset=&#8221;vc_col-md-4&#8243;][vc_raw_html]JTNDZGl2JTIwY2xhc3MlM0QlMjJjeWNsZS1zbGlkZXNob3clMjIlMjBkYXRhLWN5Y2xlLXNwZWVkJTNEJTIyNjAwJTIyJTIwZGF0YS1jeWNsZS1tYW51YWwtc3BlZWQlM0QlMjIxMDAlMjIlMjBkYXRhLWN5Y2xlLXJhbmRvbSUzRCUyMjElMjIlM0UlMEElM0NoMyUzRVdBUlNaVEFUJTNDJTJGaDMlM0UlMEElM0NpbWclMjBzcmMlM0QlMjIlMkZ3cC1jb250ZW50JTJGdXBsb2FkcyUyRndlcmtzdGF0dDEyMDAuanBnJTIyJTNFJTBBJTNDJTJGZGl2JTNF[\/vc_raw_html][vc_column_text el_class=&#8221;textbox&#8221;]Pracownicy naszych warsztat\u00f3w dbaj\u0105 o utrzymanie naszej floty i doposa\u017caj\u0105 nasze nowe pojazdy.[\/vc_column_text][vc_column_text el_class=&#8221;more&#8221;]<a class=\"btn-bl\" href=\"https:\/\/anhalt.de\/pl\/kariera\/to-jestesmy-my\/warsztat\">Dowiedz si\u0119 wi\u0119cej<\/a>[\/vc_column_text][\/vc_column][vc_column width=&#8221;1\/2&#8243; el_class=&#8221;depot-services&#8221; offset=&#8221;vc_col-md-4&#8243;][vc_raw_html]JTNDZGl2JTIwY2xhc3MlM0QlMjJjeWNsZS1zbGlkZXNob3clMjIlMjBkYXRhLWN5Y2xlLXNwZWVkJTNEJTIyNjAwJTIyJTIwZGF0YS1jeWNsZS1tYW51YWwtc3BlZWQlM0QlMjIxMDAlMjIlMjBkYXRhLWN5Y2xlLXJhbmRvbSUzRCUyMjElMjIlMjBkYXRhLWN5Y2xlLWRlbGF5JTNEJTIyODAwJTIyJTNFJTBBJTNDaDMlM0VNeWpuaWElMjB6Ymlvcm5payVDMyVCM3clM0MlMkZoMyUzRSUwQSUzQ2ltZyUyMHNyYyUzRCUyMiUyRndwLWNvbnRlbnQlMkZ1cGxvYWRzJTJGdGFua3JlaW5pZ3VuZzEyMDAuanBnJTIyJTNFJTBBJTNDJTJGZGl2JTNF[\/vc_raw_html][vc_column_text el_class=&#8221;textbox&#8221;]W naszych w\u0142asnych myjniach w Bargen i Duisburgu nasi pracownicy wk\u0142adaj\u0105 ca\u0142e serce w dok\u0142adne i wolne od resztek mycie wn\u0119trz kontener\u00f3w i cystern oraz mycie zewn\u0119trzne.[\/vc_column_text][vc_column_text el_class=&#8221;more&#8221;]<a class=\"btn-bl\" href=\"https:\/\/anhalt.de\/pl\/kariera\/to-jestesmy-my\/czyszczenie-zbiornika\">Dowiedz si\u0119 wi\u0119cej<\/a>[\/vc_column_text][\/vc_column][vc_column width=&#8221;1\/2&#8243; el_class=&#8221;logistikkonzepte&#8221; offset=&#8221;vc_col-md-4&#8243;][vc_raw_html]JTNDZGl2JTIwY2xhc3MlM0QlMjJjeWNsZS1zbGlkZXNob3clMjIlMjBkYXRhLWN5Y2xlLXNwZWVkJTNEJTIyNjAwJTIyJTIwZGF0YS1jeWNsZS1tYW51YWwtc3BlZWQlM0QlMjIxMDAlMjIlMjBkYXRhLWN5Y2xlLXJhbmRvbSUzRCUyMjElMjIlMjBkYXRhLWN5Y2xlLWRlbGF5JTNEJTIyNDAwJTIyJTNFJTBBJTNDaDMlM0VJVCUzQyUyRmgzJTNFJTBBJTNDaW1nJTIwc3JjJTNEJTIyJTJGd3AtY29udGVudCUyRnVwbG9hZHMlMkZpdDEyMDAuanBnJTIyJTNFJTBBJTNDJTJGZGl2JTNF[\/vc_raw_html][vc_column_text el_class=&#8221;textbox&#8221;]W naszym dziale IT pracownicy odpowiadaj\u0105 za gotowo\u015b\u0107 operacyjn\u0105 w ka\u017cdym z naszych oddzia\u0142\u00f3w i zajmuj\u0105 si\u0119 zr\u00f3\u017cnicowanym zakresem nowoczesnych us\u0142ug IT.[\/vc_column_text][vc_column_text el_class=&#8221;more&#8221;]<a class=\"btn-bl\" href=\"https:\/\/anhalt.de\/pl\/kariera\/to-jestesmy-my\/it\">Dowiedz si\u0119 wi\u0119cej<\/a>[\/vc_column_text][\/vc_column][\/vc_row][\/vc_section][vc_row full_width=&#8221;stretch_row&#8221; bg_type=&#8221;image&#8221; parallax_style=&#8221;vcpb-default&#8221; bg_image_new=&#8221;id^1063|url^https:\/\/anhalt.de\/wp-content\/uploads\/2023-02-08_cMWT_Fotoshooting_Mitarbeitende_Gruppenfoto_Wiese-4107.jpg|caption^null|alt^null|title^Mitarbeitende Gruppenfoto|description^null&#8221; bg_image_repeat=&#8221;no-repeat&#8221; el_class=&#8221;cta-row&#8221;][vc_column][vc_column_text]<\/p>\n<h2>Zosta\u0144 cz\u0119\u015bci\u0105<br \/>\nnaszego zespo\u0142u!<\/h2>\n<p><a class=\"btn-bl\" href=\"https:\/\/anhalt.de\/en\/career\/job-offers\">Nasze oferty pracy<\/a>[\/vc_column_text][\/vc_column][\/vc_row]<\/p>\n<\/div>","protected":false},"excerpt":{"rendered":"<p>[vc_section el_id=&#8221;header-home&#8221; el_class=&#8221;headerbereich&#8221;][vc_row full_width=&#8221;stretch_row_content_no_spaces&#8221;][vc_column][\/vc_column][\/vc_row][\/vc_section][vc_section el_id=&#8221;home-willkommen&#8221;][vc_row][vc_column][vc_single_image image=&#8221;1057&#8243; img_size=&#8221;full&#8221; onclick=&#8221;custom_link&#8221; image_hovers=&#8221;false&#8221; el_class=&#8221;logo-bildmarke&#8221; link=&#8221;\/&#8221;][\/vc_column][\/vc_row][\/vc_section][vc_row][vc_column][vc_column_text] To my [\/vc_column_text][vc_column_text] Jako firma rodzinna z ponad 50-letnim do\u015bwiadczeniem wiemy dok\u0142adnie, jak wa\u017cni s\u0105 dobrzy pracownicy dla sukcesu naszego przedsi\u0119biorstwa. [\/vc_column_text][\/vc_column][\/vc_row][vc_row][vc_column width=&#8221;1\/2&#8243;][vc_column_text]Z tego powodu zawsze szukamy ludzi, kt\u00f3rzy podzielaj\u0105 nasz\u0105 pasj\u0119 do logistyki i nap\u0119dzaj\u0105 nasz\u0105 firm\u0119 swoj\u0105 motywacj\u0105, do\u015bwiadczeniem i wiedz\u0105. W&hellip;<\/p>\n","protected":false},"author":1,"featured_media":0,"parent":1501,"menu_order":0,"comment_status":"closed","ping_status":"closed","template":"","meta":{"_acf_changed":false,"_custom_body_class":"","_custom_post_class":"","footnotes":""},"class_list":["post-1531","page","type-page","status-publish","hentry","description-off"],"acf":[],"yoast_head":"<!-- This site is optimized with the Yoast SEO plugin v27.3 - https:\/\/yoast.com\/product\/yoast-seo-wordpress\/ -->\n<title>To jeste\u015bmy my - Anhalt Logistics GmbH &amp; Co. KG<\/title>\n<meta name=\"robots\" content=\"index, follow, max-snippet:-1, max-image-preview:large, max-video-preview:-1\" \/>\n<link rel=\"canonical\" href=\"https:\/\/anhalt.de\/pl\/kariera\/to-jestesmy-my\" \/>\n<meta property=\"og:locale\" content=\"pl_PL\" \/>\n<meta property=\"og:type\" content=\"article\" \/>\n<meta property=\"og:title\" content=\"To jeste\u015bmy my - Anhalt Logistics GmbH &amp; Co. KG\" \/>\n<meta property=\"og:description\" content=\"[vc_section el_id=&#8221;header-home&#8221; el_class=&#8221;headerbereich&#8221;][vc_row full_width=&#8221;stretch_row_content_no_spaces&#8221;][vc_column][\/vc_column][\/vc_row][\/vc_section][vc_section el_id=&#8221;home-willkommen&#8221;][vc_row][vc_column][vc_single_image image=&#8221;1057&#8243; img_size=&#8221;full&#8221; onclick=&#8221;custom_link&#8221; image_hovers=&#8221;false&#8221; el_class=&#8221;logo-bildmarke&#8221; link=&#8221;\/&#8221;][\/vc_column][\/vc_row][\/vc_section][vc_row][vc_column][vc_column_text] To my [\/vc_column_text][vc_column_text] Jako firma rodzinna z ponad 50-letnim do\u015bwiadczeniem wiemy dok\u0142adnie, jak wa\u017cni s\u0105 dobrzy pracownicy dla sukcesu naszego przedsi\u0119biorstwa. [\/vc_column_text][\/vc_column][\/vc_row][vc_row][vc_column width=&#8221;1\/2&#8243;][vc_column_text]Z tego powodu zawsze szukamy ludzi, kt\u00f3rzy podzielaj\u0105 nasz\u0105 pasj\u0119 do logistyki i nap\u0119dzaj\u0105 nasz\u0105 firm\u0119 swoj\u0105 motywacj\u0105, do\u015bwiadczeniem i wiedz\u0105. W&hellip;\" \/>\n<meta property=\"og:url\" content=\"https:\/\/anhalt.de\/pl\/kariera\/to-jestesmy-my\" \/>\n<meta property=\"og:site_name\" content=\"Anhalt Logistics GmbH &amp; Co. KG\" \/>\n<meta property=\"article:publisher\" content=\"https:\/\/www.facebook.com\/AnhaltLogistics\" \/>\n<meta property=\"article:modified_time\" content=\"2023-08-08T12:17:58+00:00\" \/>\n<meta name=\"twitter:card\" content=\"summary_large_image\" \/>\n<meta name=\"twitter:label1\" content=\"Szacowany czas czytania\" \/>\n\t<meta name=\"twitter:data1\" content=\"2 minuty\" \/>\n<script type=\"application\/ld+json\" class=\"yoast-schema-graph\">{\"@context\":\"https:\\\/\\\/schema.org\",\"@graph\":[{\"@type\":\"WebPage\",\"@id\":\"https:\\\/\\\/anhalt.de\\\/pl\\\/kariera\\\/to-jestesmy-my\",\"url\":\"https:\\\/\\\/anhalt.de\\\/pl\\\/kariera\\\/to-jestesmy-my\",\"name\":\"To jeste\u015bmy my - Anhalt Logistics GmbH &amp; Co. KG\",\"isPartOf\":{\"@id\":\"https:\\\/\\\/anhalt.de\\\/pl#website\"},\"datePublished\":\"2023-02-20T13:11:41+00:00\",\"dateModified\":\"2023-08-08T12:17:58+00:00\",\"breadcrumb\":{\"@id\":\"https:\\\/\\\/anhalt.de\\\/pl\\\/kariera\\\/to-jestesmy-my#breadcrumb\"},\"inLanguage\":\"pl-PL\",\"potentialAction\":[{\"@type\":\"ReadAction\",\"target\":[\"https:\\\/\\\/anhalt.de\\\/pl\\\/kariera\\\/to-jestesmy-my\"]}]},{\"@type\":\"BreadcrumbList\",\"@id\":\"https:\\\/\\\/anhalt.de\\\/pl\\\/kariera\\\/to-jestesmy-my#breadcrumb\",\"itemListElement\":[{\"@type\":\"ListItem\",\"position\":1,\"name\":\"Startseite\",\"item\":\"https:\\\/\\\/anhalt.de\\\/pl\"},{\"@type\":\"ListItem\",\"position\":2,\"name\":\"Kariera\",\"item\":\"https:\\\/\\\/anhalt.de\\\/pl\\\/kariera\"},{\"@type\":\"ListItem\",\"position\":3,\"name\":\"To jeste\u015bmy my\"}]},{\"@type\":\"WebSite\",\"@id\":\"https:\\\/\\\/anhalt.de\\\/pl#website\",\"url\":\"https:\\\/\\\/anhalt.de\\\/pl\",\"name\":\"Anhalt Logistics GmbH & Co. KG\",\"description\":\"\",\"publisher\":{\"@id\":\"https:\\\/\\\/anhalt.de\\\/pl#organization\"},\"potentialAction\":[{\"@type\":\"SearchAction\",\"target\":{\"@type\":\"EntryPoint\",\"urlTemplate\":\"https:\\\/\\\/anhalt.de\\\/pl?s={search_term_string}\"},\"query-input\":{\"@type\":\"PropertyValueSpecification\",\"valueRequired\":true,\"valueName\":\"search_term_string\"}}],\"inLanguage\":\"pl-PL\"},{\"@type\":\"Organization\",\"@id\":\"https:\\\/\\\/anhalt.de\\\/pl#organization\",\"name\":\"Anhalt Logistics GmbH & Co. KG\",\"url\":\"https:\\\/\\\/anhalt.de\\\/pl\",\"logo\":{\"@type\":\"ImageObject\",\"inLanguage\":\"pl-PL\",\"@id\":\"https:\\\/\\\/anhalt.de\\\/pl#\\\/schema\\\/logo\\\/image\\\/\",\"url\":\"https:\\\/\\\/anhalt.de\\\/wp-content\\\/uploads\\\/AnhaltLogistics_Logo20170228_RGB.svg\",\"contentUrl\":\"https:\\\/\\\/anhalt.de\\\/wp-content\\\/uploads\\\/AnhaltLogistics_Logo20170228_RGB.svg\",\"width\":737,\"height\":283,\"caption\":\"Anhalt Logistics GmbH & Co. KG\"},\"image\":{\"@id\":\"https:\\\/\\\/anhalt.de\\\/pl#\\\/schema\\\/logo\\\/image\\\/\"},\"sameAs\":[\"https:\\\/\\\/www.facebook.com\\\/AnhaltLogistics\",\"https:\\\/\\\/www.instagram.com\\\/anhaltlogistics\",\"https:\\\/\\\/www.linkedin.com\\\/company\\\/anhalt-logistics\"]}]}<\/script>\n<!-- \/ Yoast SEO plugin. -->","yoast_head_json":{"title":"To jeste\u015bmy my - Anhalt Logistics GmbH &amp; Co. KG","robots":{"index":"index","follow":"follow","max-snippet":"max-snippet:-1","max-image-preview":"max-image-preview:large","max-video-preview":"max-video-preview:-1"},"canonical":"https:\/\/anhalt.de\/pl\/kariera\/to-jestesmy-my","og_locale":"pl_PL","og_type":"article","og_title":"To jeste\u015bmy my - Anhalt Logistics GmbH &amp; Co. KG","og_description":"[vc_section el_id=&#8221;header-home&#8221; el_class=&#8221;headerbereich&#8221;][vc_row full_width=&#8221;stretch_row_content_no_spaces&#8221;][vc_column][\/vc_column][\/vc_row][\/vc_section][vc_section el_id=&#8221;home-willkommen&#8221;][vc_row][vc_column][vc_single_image image=&#8221;1057&#8243; img_size=&#8221;full&#8221; onclick=&#8221;custom_link&#8221; image_hovers=&#8221;false&#8221; el_class=&#8221;logo-bildmarke&#8221; link=&#8221;\/&#8221;][\/vc_column][\/vc_row][\/vc_section][vc_row][vc_column][vc_column_text] To my [\/vc_column_text][vc_column_text] Jako firma rodzinna z ponad 50-letnim do\u015bwiadczeniem wiemy dok\u0142adnie, jak wa\u017cni s\u0105 dobrzy pracownicy dla sukcesu naszego przedsi\u0119biorstwa. [\/vc_column_text][\/vc_column][\/vc_row][vc_row][vc_column width=&#8221;1\/2&#8243;][vc_column_text]Z tego powodu zawsze szukamy ludzi, kt\u00f3rzy podzielaj\u0105 nasz\u0105 pasj\u0119 do logistyki i nap\u0119dzaj\u0105 nasz\u0105 firm\u0119 swoj\u0105 motywacj\u0105, do\u015bwiadczeniem i wiedz\u0105. W&hellip;","og_url":"https:\/\/anhalt.de\/pl\/kariera\/to-jestesmy-my","og_site_name":"Anhalt Logistics GmbH &amp; Co. KG","article_publisher":"https:\/\/www.facebook.com\/AnhaltLogistics","article_modified_time":"2023-08-08T12:17:58+00:00","twitter_card":"summary_large_image","twitter_misc":{"Szacowany czas czytania":"2 minuty"},"schema":{"@context":"https:\/\/schema.org","@graph":[{"@type":"WebPage","@id":"https:\/\/anhalt.de\/pl\/kariera\/to-jestesmy-my","url":"https:\/\/anhalt.de\/pl\/kariera\/to-jestesmy-my","name":"To jeste\u015bmy my - Anhalt Logistics GmbH &amp; Co. KG","isPartOf":{"@id":"https:\/\/anhalt.de\/pl#website"},"datePublished":"2023-02-20T13:11:41+00:00","dateModified":"2023-08-08T12:17:58+00:00","breadcrumb":{"@id":"https:\/\/anhalt.de\/pl\/kariera\/to-jestesmy-my#breadcrumb"},"inLanguage":"pl-PL","potentialAction":[{"@type":"ReadAction","target":["https:\/\/anhalt.de\/pl\/kariera\/to-jestesmy-my"]}]},{"@type":"BreadcrumbList","@id":"https:\/\/anhalt.de\/pl\/kariera\/to-jestesmy-my#breadcrumb","itemListElement":[{"@type":"ListItem","position":1,"name":"Startseite","item":"https:\/\/anhalt.de\/pl"},{"@type":"ListItem","position":2,"name":"Kariera","item":"https:\/\/anhalt.de\/pl\/kariera"},{"@type":"ListItem","position":3,"name":"To jeste\u015bmy my"}]},{"@type":"WebSite","@id":"https:\/\/anhalt.de\/pl#website","url":"https:\/\/anhalt.de\/pl","name":"Anhalt Logistics GmbH & Co. KG","description":"","publisher":{"@id":"https:\/\/anhalt.de\/pl#organization"},"potentialAction":[{"@type":"SearchAction","target":{"@type":"EntryPoint","urlTemplate":"https:\/\/anhalt.de\/pl?s={search_term_string}"},"query-input":{"@type":"PropertyValueSpecification","valueRequired":true,"valueName":"search_term_string"}}],"inLanguage":"pl-PL"},{"@type":"Organization","@id":"https:\/\/anhalt.de\/pl#organization","name":"Anhalt Logistics GmbH & Co. KG","url":"https:\/\/anhalt.de\/pl","logo":{"@type":"ImageObject","inLanguage":"pl-PL","@id":"https:\/\/anhalt.de\/pl#\/schema\/logo\/image\/","url":"https:\/\/anhalt.de\/wp-content\/uploads\/AnhaltLogistics_Logo20170228_RGB.svg","contentUrl":"https:\/\/anhalt.de\/wp-content\/uploads\/AnhaltLogistics_Logo20170228_RGB.svg","width":737,"height":283,"caption":"Anhalt Logistics GmbH & Co. KG"},"image":{"@id":"https:\/\/anhalt.de\/pl#\/schema\/logo\/image\/"},"sameAs":["https:\/\/www.facebook.com\/AnhaltLogistics","https:\/\/www.instagram.com\/anhaltlogistics","https:\/\/www.linkedin.com\/company\/anhalt-logistics"]}]}},"_links":{"self":[{"href":"https:\/\/anhalt.de\/pl\/wp-json\/wp\/v2\/pages\/1531","targetHints":{"allow":["GET"]}}],"collection":[{"href":"https:\/\/anhalt.de\/pl\/wp-json\/wp\/v2\/pages"}],"about":[{"href":"https:\/\/anhalt.de\/pl\/wp-json\/wp\/v2\/types\/page"}],"author":[{"embeddable":true,"href":"https:\/\/anhalt.de\/pl\/wp-json\/wp\/v2\/users\/1"}],"replies":[{"embeddable":true,"href":"https:\/\/anhalt.de\/pl\/wp-json\/wp\/v2\/comments?post=1531"}],"version-history":[{"count":9,"href":"https:\/\/anhalt.de\/pl\/wp-json\/wp\/v2\/pages\/1531\/revisions"}],"predecessor-version":[{"id":3513,"href":"https:\/\/anhalt.de\/pl\/wp-json\/wp\/v2\/pages\/1531\/revisions\/3513"}],"up":[{"embeddable":true,"href":"https:\/\/anhalt.de\/pl\/wp-json\/wp\/v2\/pages\/1501"}],"wp:attachment":[{"href":"https:\/\/anhalt.de\/pl\/wp-json\/wp\/v2\/media?parent=1531"}],"curies":[{"name":"wp","href":"https:\/\/api.w.org\/{rel}","templated":true}]}}