{"id":1535,"date":"2023-02-20T14:12:15","date_gmt":"2023-02-20T13:12:15","guid":{"rendered":"https:\/\/anhalt.de\/kariera\/benefits"},"modified":"2023-08-02T09:43:43","modified_gmt":"2023-08-02T07:43:43","slug":"korzysci","status":"publish","type":"page","link":"https:\/\/anhalt.de\/pl\/kariera\/korzysci","title":{"rendered":"Korzy\u015bci"},"content":{"rendered":"<div class=\"wpb-content-wrapper\"><p>[vc_section el_id=&#8221;header-home&#8221; el_class=&#8221;headerbereich&#8221;][vc_row full_width=&#8221;stretch_row_content_no_spaces&#8221;][vc_column]<div id=\"ult-carousel-123438585669dd39e976872\" class=\"ult-carousel-wrapper   ult_horizontal\" data-gutter=\"0\" data-rtl=\"false\" ><div class=\"ult-carousel-256701361269dd39e9766b6 \" >[vc_row_inner el_class=&#8221;slider-row&#8221; css=&#8221;.vc_custom_1683106278497{background-image: url(https:\/\/anhalt.de\/wp-content\/uploads\/2023-02-08_cMWT_Fotoshooting_Mitarbeitende_Gruppenfoto_Kuh_4136-e1683106244786.jpg?id=2802) !important;}&#8221;][vc_column_inner width=&#8221;1\/2&#8243;][vc_column_text el_class=&#8221;slider-text&#8221;]<\/p>\n<h2>Korzy\u015bci<\/h2>\n<p>[\/vc_column_text][\/vc_column_inner][vc_column_inner width=&#8221;1\/2&#8243;][\/vc_column_inner][\/vc_row_inner]<\/div><\/div>\t\t\t<script type=\"text\/javascript\">\n\t\t\t\tjQuery(document).ready(function ($) {\n\t\t\t\t\tif( typeof jQuery('.ult-carousel-256701361269dd39e9766b6').slick == \"function\"){\n\t\t\t\t\t\t$('.ult-carousel-256701361269dd39e9766b6').slick({dots: true,autoplay: true,autoplaySpeed: \"5000\",speed: \"300\",infinite: true,arrows: false,slidesToScroll:1,slidesToShow:1,swipe: true,draggable: true,touchMove: true,pauseOnHover: true,pauseOnFocus: false,responsive: [\n\t\t\t\t\t\t\t{\n\t\t\t\t\t\t\t  breakpoint: 1026,\n\t\t\t\t\t\t\t  settings: {\n\t\t\t\t\t\t\t\tslidesToShow: 1,\n\t\t\t\t\t\t\t\tslidesToScroll: 1,  \n\t\t\t\t\t\t\t  }\n\t\t\t\t\t\t\t},\n\t\t\t\t\t\t\t{\n\t\t\t\t\t\t\t  breakpoint: 1025,\n\t\t\t\t\t\t\t  settings: {\n\t\t\t\t\t\t\t\tslidesToShow: 1,\n\t\t\t\t\t\t\t\tslidesToScroll: 1\n\t\t\t\t\t\t\t  }\n\t\t\t\t\t\t\t},\n\t\t\t\t\t\t\t{\n\t\t\t\t\t\t\t  breakpoint: 760,\n\t\t\t\t\t\t\t  settings: {\n\t\t\t\t\t\t\t\tslidesToShow: 1,\n\t\t\t\t\t\t\t\tslidesToScroll: 1\n\t\t\t\t\t\t\t  }\n\t\t\t\t\t\t\t}\n\t\t\t\t\t\t],pauseOnDotsHover: true,customPaging: function(slider, i) {\n                   return '<i type=\"button\" style= \"color:#ffffff;\" class=\"ultsl-record\" data-role=\"none\"><\/i>';\n                },});\n\t\t\t\t\t}\n\t\t\t\t});\n\t\t\t<\/script>\n\t\t\t[\/vc_column][\/vc_row][\/vc_section][vc_section el_id=&#8221;home-willkommen&#8221;][vc_row][vc_column][vc_single_image image=&#8221;1057&#8243; img_size=&#8221;full&#8221; onclick=&#8221;custom_link&#8221; image_hovers=&#8221;false&#8221; el_class=&#8221;logo-bildmarke&#8221; link=&#8221;\/&#8221;][vc_column_text]<\/p>\n<h1>Benefity<\/h1>\n<p>[\/vc_column_text][\/vc_column][\/vc_row][vc_row][vc_column width=&#8221;1\/2&#8243;][vc_column_text]Pracownikom naszej firmy oferujemy liczne benefity pracownicze. Tutaj znajdziesz niekt\u00f3re z benefit\u00f3w, kt\u00f3re na Ciebie czekaj\u0105.[\/vc_column_text][\/vc_column][vc_column width=&#8221;1\/2&#8243;][vc_column_text]<strong>Ch\u0119tnie porozmawiamy z Tob\u0105 osobi\u015bcie o Twojej przysz\u0142o\u015bci w Anhalt Logistics.<\/strong>[\/vc_column_text][\/vc_column][\/vc_row][\/vc_section][vc_row full_width=&#8221;stretch_row&#8221; gap=&#8221;20&#8243; equal_height=&#8221;yes&#8221; content_placement=&#8221;top&#8221; el_class=&#8221;bg-lightgrey&#8221; css=&#8221;.vc_custom_1681378692972{margin-bottom: 0px !important;padding-top: 50px !important;padding-bottom: 0px !important;}&#8221;][vc_column width=&#8221;1\/2&#8243; css=&#8221;.vc_custom_1681378597779{background-color: #ffffff !important;}&#8221;][vc_single_image image=&#8221;531&#8243; img_size=&#8221;full&#8221; image_hovers=&#8221;false&#8221;][vc_column_text el_class=&#8221;deko-h2 benefit&#8221;]<\/p>\n<h2>ATRAKCYJNE WYNAGRODZENIE I \u015aWIADCZENIA SOCJALNE<\/h2>\n<p>Opr\u00f3cz wynagrodzenia otrzymasz r\u00f3wnie\u017c dobrowolne \u015bwiadczenia socjalne, takie jak dodatek urlopowy i premi\u0119 \u015bwi\u0105teczn\u0105. Ponadto ka\u017cdy pracownik administracji, warsztatu i myjni po przej\u015bciu okresu pr\u00f3bnego otrzymuje kart\u0119, kt\u00f3ra jest do\u0142adowywana co miesi\u0105c i mo\u017ce by\u0107 wykorzystana na zakupy lub tankowanie. Opr\u00f3cz zak\u0142adowego systemu emerytalnego dobrowolnie dop\u0142acamy r\u00f3wnie\u017c do \u015bwiadcze\u0144 kapita\u0142owych.[\/vc_column_text][\/vc_column][vc_column width=&#8221;1\/2&#8243; el_class=&#8221;text&#8221; css=&#8221;.vc_custom_1681378609814{background-color: #ffffff !important;}&#8221;][vc_single_image image=&#8221;3135&#8243; img_size=&#8221;full&#8221; image_hovers=&#8221;false&#8221;][vc_column_text el_class=&#8221;deko-h2 benefit&#8221;]<\/p>\n<h2>P\u0141ASKA HIERARCHIA I KULTURA DYSKUSJI NA POZIOMIE OCZU<\/h2>\n<p>Komunikacja na poziomie oczu i kultura otwartej rozmowy s\u0105 dla nas priorytetami. Kierownictwo, dzia\u0142 personalny, a tak\u017ce Tw\u00f3j kierownik dzia\u0142u lub zespo\u0142u zawsze maj\u0105 dla Ciebie otwarte ucho. Z nami jeste\u015b cz\u0119\u015bci\u0105 wielkiej rodziny Anhalt &#8211; od pierwszego dnia.[\/vc_column_text][\/vc_column][\/vc_row][vc_row full_width=&#8221;stretch_row&#8221; gap=&#8221;20&#8243; equal_height=&#8221;yes&#8221; content_placement=&#8221;top&#8221; el_class=&#8221;bg-lightgrey&#8221; css=&#8221;.vc_custom_1681379343820{padding-top: 20px !important;}&#8221;][vc_column width=&#8221;1\/2&#8243; css=&#8221;.vc_custom_1681378902374{background-color: #ffffff !important;}&#8221;][vc_single_image image=&#8221;537&#8243; img_size=&#8221;full&#8221; image_hovers=&#8221;false&#8221;][vc_column_text el_class=&#8221;deko-h2 benefit&#8221;]<\/p>\n<h2>MO\u017bLIWO\u015aCI AWANSU WEWN\u0118TRZNEGO I SZKOLE\u0143<\/h2>\n<p>Przest\u00f3j \u2013 nie u nas! Jako przedsi\u0119biorstwo logistyczne stawiamy na elastyczne dzia\u0142anie, codzienne dostosowywanie si\u0119 do nowych okoliczno\u015bci i wyzwa\u0144 oraz znajdowanie odpowiednich rozwi\u0105za\u0144. W naszej firmie masz r\u00f3wnie\u017c mo\u017cliwo\u015b\u0107 rozwoju osobistego i wspinania si\u0119 po szczeblach kariery. Ch\u0119tnie Ci w tym pomo\u017cemy.[\/vc_column_text][\/vc_column][vc_column width=&#8221;1\/2&#8243; el_class=&#8221;text&#8221; css=&#8221;.vc_custom_1681378911939{background-color: #ffffff !important;}&#8221;][vc_single_image image=&#8221;540&#8243; img_size=&#8221;full&#8221; image_hovers=&#8221;false&#8221;][vc_column_text el_class=&#8221;deko-h2 benefit&#8221;]<\/p>\n<h2>KA\u017bDY JEST CZ\u0118\u015aCI\u0104 A-TEAM<\/h2>\n<p>Niezale\u017cnie od tego, czy jeste\u015b m\u0142ody, czy stary, czy zaczynasz karier\u0119, czy jeste\u015b \u201estarym wyjadaczem\u201d &#8211; ka\u017cdy jest u nas mile widziany i jest cz\u0119\u015bci\u0105 A-Team. Zgodnie z mottem \u201e<strong>T<\/strong>ogether <strong>e<\/strong>veryone <strong>a<\/strong>chieves <strong>m<\/strong>ore\u201c pokonujemy ka\u017cd\u0105 przeszkod\u0119, niezale\u017cnie od jej wielko\u015bci i wsp\u00f3lnie rozwijamy si\u0119 poprzez nasze wyzwania. Cieszymy si\u0119, \u017ce wkr\u00f3tce b\u0119dziemy mogli powita\u0107 Ci\u0119 jako cz\u0119\u015b\u0107 naszego A-Team.[\/vc_column_text][\/vc_column][\/vc_row][vc_row full_width=&#8221;stretch_row&#8221; gap=&#8221;20&#8243; equal_height=&#8221;yes&#8221; content_placement=&#8221;top&#8221; el_class=&#8221;bg-lightgrey&#8221; css=&#8221;.vc_custom_1681379358218{padding-top: 20px !important;padding-bottom: 50px !important;}&#8221;][vc_column width=&#8221;1\/2&#8243; css=&#8221;.vc_custom_1681379025529{background-color: #ffffff !important;}&#8221;][vc_single_image image=&#8221;525&#8243; img_size=&#8221;full&#8221; image_hovers=&#8221;false&#8221;][vc_column_text el_class=&#8221;deko-h2 benefit&#8221;]<\/p>\n<h2>WSP\u00d3LNE AKTYWNO\u015aCI I UROCZYSTO\u015aCI<\/h2>\n<p>W oderwaniu si\u0119 od codziennej rutyny w pracy pomagaj\u0105 nam organizowane imprezy integracyjne, wsp\u00f3lne wydarzenia sportowe, rozrywkowe popo\u0142udnia i wieczory oraz wsp\u00f3lne spotkania okoliczno\u015bciowe. Raz w roku odbywa si\u0119 r\u00f3wnie\u017c du\u017ca uroczysto\u015b\u0107 Jubileuszowa, bo\u017conarodzeniowa lub zimowa. Podczas przerw w pracy mo\u017cna r\u00f3wnie\u017c sprawdzi\u0107 si\u0119 graj\u0105c razem z kolegami w tenisa sto\u0142owego, pi\u0142karzyki lub Frisbee.[\/vc_column_text][\/vc_column][vc_column width=&#8221;1\/2&#8243; el_class=&#8221;text&#8221;][\/vc_column][\/vc_row][vc_row full_width=&#8221;stretch_row&#8221; bg_type=&#8221;image&#8221; parallax_style=&#8221;vcpb-default&#8221; bg_image_new=&#8221;id^1063|url^https:\/\/anhalt.de\/wp-content\/uploads\/2023-02-08_cMWT_Fotoshooting_Mitarbeitende_Gruppenfoto_Wiese-4107.jpg|caption^null|alt^null|title^Mitarbeitende Gruppenfoto|description^null&#8221; bg_image_repeat=&#8221;no-repeat&#8221; el_class=&#8221;cta-row&#8221;][vc_column][vc_column_text]<\/p>\n<h2>Zosta\u0144 cz\u0119\u015bci\u0105<br \/>\nnaszego zespo\u0142u!<\/h2>\n<p><a class=\"btn-bl\" href=\"https:\/\/anhalt.de\/en\/career\/job-offers\">Nasze oferty pracy<\/a>[\/vc_column_text][\/vc_column][\/vc_row]<\/p>\n<\/div>","protected":false},"excerpt":{"rendered":"<p>[vc_section el_id=&#8221;header-home&#8221; el_class=&#8221;headerbereich&#8221;][vc_row full_width=&#8221;stretch_row_content_no_spaces&#8221;][vc_column][\/vc_column][\/vc_row][\/vc_section][vc_section el_id=&#8221;home-willkommen&#8221;][vc_row][vc_column][vc_single_image image=&#8221;1057&#8243; img_size=&#8221;full&#8221; onclick=&#8221;custom_link&#8221; image_hovers=&#8221;false&#8221; el_class=&#8221;logo-bildmarke&#8221; link=&#8221;\/&#8221;][vc_column_text] Benefity [\/vc_column_text][\/vc_column][\/vc_row][vc_row][vc_column width=&#8221;1\/2&#8243;][vc_column_text]Pracownikom naszej firmy oferujemy liczne benefity pracownicze. Tutaj znajdziesz niekt\u00f3re z benefit\u00f3w, kt\u00f3re na Ciebie czekaj\u0105.[\/vc_column_text][\/vc_column][vc_column width=&#8221;1\/2&#8243;][vc_column_text]Ch\u0119tnie porozmawiamy z Tob\u0105 osobi\u015bcie o Twojej przysz\u0142o\u015bci w Anhalt Logistics.[\/vc_column_text][\/vc_column][\/vc_row][\/vc_section][vc_row full_width=&#8221;stretch_row&#8221; gap=&#8221;20&#8243; equal_height=&#8221;yes&#8221; content_placement=&#8221;top&#8221; el_class=&#8221;bg-lightgrey&#8221; css=&#8221;.vc_custom_1681378692972{margin-bottom: 0px !important;padding-top: 50px !important;padding-bottom: 0px !important;}&#8221;][vc_column width=&#8221;1\/2&#8243; css=&#8221;.vc_custom_1681378597779{background-color: #ffffff&hellip;<\/p>\n","protected":false},"author":1,"featured_media":0,"parent":1501,"menu_order":1,"comment_status":"closed","ping_status":"closed","template":"","meta":{"_acf_changed":false,"_custom_body_class":"","_custom_post_class":"","footnotes":""},"class_list":["post-1535","page","type-page","status-publish","hentry","description-off"],"acf":[],"yoast_head":"<!-- This site is optimized with the Yoast SEO plugin v27.3 - https:\/\/yoast.com\/product\/yoast-seo-wordpress\/ -->\n<title>Korzy\u015bci - Anhalt Logistics GmbH &amp; Co. KG<\/title>\n<meta name=\"robots\" content=\"index, follow, max-snippet:-1, max-image-preview:large, max-video-preview:-1\" \/>\n<link rel=\"canonical\" href=\"https:\/\/anhalt.de\/pl\/kariera\/korzysci\" \/>\n<meta property=\"og:locale\" content=\"pl_PL\" \/>\n<meta property=\"og:type\" content=\"article\" \/>\n<meta property=\"og:title\" content=\"Korzy\u015bci - Anhalt Logistics GmbH &amp; Co. KG\" \/>\n<meta property=\"og:description\" content=\"[vc_section el_id=&#8221;header-home&#8221; el_class=&#8221;headerbereich&#8221;][vc_row full_width=&#8221;stretch_row_content_no_spaces&#8221;][vc_column][\/vc_column][\/vc_row][\/vc_section][vc_section el_id=&#8221;home-willkommen&#8221;][vc_row][vc_column][vc_single_image image=&#8221;1057&#8243; img_size=&#8221;full&#8221; onclick=&#8221;custom_link&#8221; image_hovers=&#8221;false&#8221; el_class=&#8221;logo-bildmarke&#8221; link=&#8221;\/&#8221;][vc_column_text] Benefity [\/vc_column_text][\/vc_column][\/vc_row][vc_row][vc_column width=&#8221;1\/2&#8243;][vc_column_text]Pracownikom naszej firmy oferujemy liczne benefity pracownicze. Tutaj znajdziesz niekt\u00f3re z benefit\u00f3w, kt\u00f3re na Ciebie czekaj\u0105.[\/vc_column_text][\/vc_column][vc_column width=&#8221;1\/2&#8243;][vc_column_text]Ch\u0119tnie porozmawiamy z Tob\u0105 osobi\u015bcie o Twojej przysz\u0142o\u015bci w Anhalt Logistics.[\/vc_column_text][\/vc_column][\/vc_row][\/vc_section][vc_row full_width=&#8221;stretch_row&#8221; gap=&#8221;20&#8243; equal_height=&#8221;yes&#8221; content_placement=&#8221;top&#8221; el_class=&#8221;bg-lightgrey&#8221; css=&#8221;.vc_custom_1681378692972{margin-bottom: 0px !important;padding-top: 50px !important;padding-bottom: 0px !important;}&#8221;][vc_column width=&#8221;1\/2&#8243; css=&#8221;.vc_custom_1681378597779{background-color: #ffffff&hellip;\" \/>\n<meta property=\"og:url\" content=\"https:\/\/anhalt.de\/pl\/kariera\/korzysci\" \/>\n<meta property=\"og:site_name\" content=\"Anhalt Logistics GmbH &amp; Co. KG\" \/>\n<meta property=\"article:publisher\" content=\"https:\/\/www.facebook.com\/AnhaltLogistics\" \/>\n<meta property=\"article:modified_time\" content=\"2023-08-02T07:43:43+00:00\" \/>\n<meta name=\"twitter:card\" content=\"summary_large_image\" \/>\n<meta name=\"twitter:label1\" content=\"Szacowany czas czytania\" \/>\n\t<meta name=\"twitter:data1\" content=\"3 minuty\" \/>\n<script type=\"application\/ld+json\" class=\"yoast-schema-graph\">{\"@context\":\"https:\\\/\\\/schema.org\",\"@graph\":[{\"@type\":\"WebPage\",\"@id\":\"https:\\\/\\\/anhalt.de\\\/pl\\\/kariera\\\/korzysci\",\"url\":\"https:\\\/\\\/anhalt.de\\\/pl\\\/kariera\\\/korzysci\",\"name\":\"Korzy\u015bci - Anhalt Logistics GmbH &amp; Co. KG\",\"isPartOf\":{\"@id\":\"https:\\\/\\\/anhalt.de\\\/pl#website\"},\"datePublished\":\"2023-02-20T13:12:15+00:00\",\"dateModified\":\"2023-08-02T07:43:43+00:00\",\"breadcrumb\":{\"@id\":\"https:\\\/\\\/anhalt.de\\\/pl\\\/kariera\\\/korzysci#breadcrumb\"},\"inLanguage\":\"pl-PL\",\"potentialAction\":[{\"@type\":\"ReadAction\",\"target\":[\"https:\\\/\\\/anhalt.de\\\/pl\\\/kariera\\\/korzysci\"]}]},{\"@type\":\"BreadcrumbList\",\"@id\":\"https:\\\/\\\/anhalt.de\\\/pl\\\/kariera\\\/korzysci#breadcrumb\",\"itemListElement\":[{\"@type\":\"ListItem\",\"position\":1,\"name\":\"Startseite\",\"item\":\"https:\\\/\\\/anhalt.de\\\/pl\"},{\"@type\":\"ListItem\",\"position\":2,\"name\":\"Kariera\",\"item\":\"https:\\\/\\\/anhalt.de\\\/pl\\\/kariera\"},{\"@type\":\"ListItem\",\"position\":3,\"name\":\"Korzy\u015bci\"}]},{\"@type\":\"WebSite\",\"@id\":\"https:\\\/\\\/anhalt.de\\\/pl#website\",\"url\":\"https:\\\/\\\/anhalt.de\\\/pl\",\"name\":\"Anhalt Logistics GmbH & Co. KG\",\"description\":\"\",\"publisher\":{\"@id\":\"https:\\\/\\\/anhalt.de\\\/pl#organization\"},\"potentialAction\":[{\"@type\":\"SearchAction\",\"target\":{\"@type\":\"EntryPoint\",\"urlTemplate\":\"https:\\\/\\\/anhalt.de\\\/pl?s={search_term_string}\"},\"query-input\":{\"@type\":\"PropertyValueSpecification\",\"valueRequired\":true,\"valueName\":\"search_term_string\"}}],\"inLanguage\":\"pl-PL\"},{\"@type\":\"Organization\",\"@id\":\"https:\\\/\\\/anhalt.de\\\/pl#organization\",\"name\":\"Anhalt Logistics GmbH & Co. KG\",\"url\":\"https:\\\/\\\/anhalt.de\\\/pl\",\"logo\":{\"@type\":\"ImageObject\",\"inLanguage\":\"pl-PL\",\"@id\":\"https:\\\/\\\/anhalt.de\\\/pl#\\\/schema\\\/logo\\\/image\\\/\",\"url\":\"https:\\\/\\\/anhalt.de\\\/wp-content\\\/uploads\\\/AnhaltLogistics_Logo20170228_RGB.svg\",\"contentUrl\":\"https:\\\/\\\/anhalt.de\\\/wp-content\\\/uploads\\\/AnhaltLogistics_Logo20170228_RGB.svg\",\"width\":737,\"height\":283,\"caption\":\"Anhalt Logistics GmbH & Co. KG\"},\"image\":{\"@id\":\"https:\\\/\\\/anhalt.de\\\/pl#\\\/schema\\\/logo\\\/image\\\/\"},\"sameAs\":[\"https:\\\/\\\/www.facebook.com\\\/AnhaltLogistics\",\"https:\\\/\\\/www.instagram.com\\\/anhaltlogistics\",\"https:\\\/\\\/www.linkedin.com\\\/company\\\/anhalt-logistics\"]}]}<\/script>\n<!-- \/ Yoast SEO plugin. -->","yoast_head_json":{"title":"Korzy\u015bci - Anhalt Logistics GmbH &amp; Co. KG","robots":{"index":"index","follow":"follow","max-snippet":"max-snippet:-1","max-image-preview":"max-image-preview:large","max-video-preview":"max-video-preview:-1"},"canonical":"https:\/\/anhalt.de\/pl\/kariera\/korzysci","og_locale":"pl_PL","og_type":"article","og_title":"Korzy\u015bci - Anhalt Logistics GmbH &amp; Co. KG","og_description":"[vc_section el_id=&#8221;header-home&#8221; el_class=&#8221;headerbereich&#8221;][vc_row full_width=&#8221;stretch_row_content_no_spaces&#8221;][vc_column][\/vc_column][\/vc_row][\/vc_section][vc_section el_id=&#8221;home-willkommen&#8221;][vc_row][vc_column][vc_single_image image=&#8221;1057&#8243; img_size=&#8221;full&#8221; onclick=&#8221;custom_link&#8221; image_hovers=&#8221;false&#8221; el_class=&#8221;logo-bildmarke&#8221; link=&#8221;\/&#8221;][vc_column_text] Benefity [\/vc_column_text][\/vc_column][\/vc_row][vc_row][vc_column width=&#8221;1\/2&#8243;][vc_column_text]Pracownikom naszej firmy oferujemy liczne benefity pracownicze. Tutaj znajdziesz niekt\u00f3re z benefit\u00f3w, kt\u00f3re na Ciebie czekaj\u0105.[\/vc_column_text][\/vc_column][vc_column width=&#8221;1\/2&#8243;][vc_column_text]Ch\u0119tnie porozmawiamy z Tob\u0105 osobi\u015bcie o Twojej przysz\u0142o\u015bci w Anhalt Logistics.[\/vc_column_text][\/vc_column][\/vc_row][\/vc_section][vc_row full_width=&#8221;stretch_row&#8221; gap=&#8221;20&#8243; equal_height=&#8221;yes&#8221; content_placement=&#8221;top&#8221; el_class=&#8221;bg-lightgrey&#8221; css=&#8221;.vc_custom_1681378692972{margin-bottom: 0px !important;padding-top: 50px !important;padding-bottom: 0px !important;}&#8221;][vc_column width=&#8221;1\/2&#8243; css=&#8221;.vc_custom_1681378597779{background-color: #ffffff&hellip;","og_url":"https:\/\/anhalt.de\/pl\/kariera\/korzysci","og_site_name":"Anhalt Logistics GmbH &amp; Co. KG","article_publisher":"https:\/\/www.facebook.com\/AnhaltLogistics","article_modified_time":"2023-08-02T07:43:43+00:00","twitter_card":"summary_large_image","twitter_misc":{"Szacowany czas czytania":"3 minuty"},"schema":{"@context":"https:\/\/schema.org","@graph":[{"@type":"WebPage","@id":"https:\/\/anhalt.de\/pl\/kariera\/korzysci","url":"https:\/\/anhalt.de\/pl\/kariera\/korzysci","name":"Korzy\u015bci - Anhalt Logistics GmbH &amp; Co. KG","isPartOf":{"@id":"https:\/\/anhalt.de\/pl#website"},"datePublished":"2023-02-20T13:12:15+00:00","dateModified":"2023-08-02T07:43:43+00:00","breadcrumb":{"@id":"https:\/\/anhalt.de\/pl\/kariera\/korzysci#breadcrumb"},"inLanguage":"pl-PL","potentialAction":[{"@type":"ReadAction","target":["https:\/\/anhalt.de\/pl\/kariera\/korzysci"]}]},{"@type":"BreadcrumbList","@id":"https:\/\/anhalt.de\/pl\/kariera\/korzysci#breadcrumb","itemListElement":[{"@type":"ListItem","position":1,"name":"Startseite","item":"https:\/\/anhalt.de\/pl"},{"@type":"ListItem","position":2,"name":"Kariera","item":"https:\/\/anhalt.de\/pl\/kariera"},{"@type":"ListItem","position":3,"name":"Korzy\u015bci"}]},{"@type":"WebSite","@id":"https:\/\/anhalt.de\/pl#website","url":"https:\/\/anhalt.de\/pl","name":"Anhalt Logistics GmbH & Co. KG","description":"","publisher":{"@id":"https:\/\/anhalt.de\/pl#organization"},"potentialAction":[{"@type":"SearchAction","target":{"@type":"EntryPoint","urlTemplate":"https:\/\/anhalt.de\/pl?s={search_term_string}"},"query-input":{"@type":"PropertyValueSpecification","valueRequired":true,"valueName":"search_term_string"}}],"inLanguage":"pl-PL"},{"@type":"Organization","@id":"https:\/\/anhalt.de\/pl#organization","name":"Anhalt Logistics GmbH & Co. KG","url":"https:\/\/anhalt.de\/pl","logo":{"@type":"ImageObject","inLanguage":"pl-PL","@id":"https:\/\/anhalt.de\/pl#\/schema\/logo\/image\/","url":"https:\/\/anhalt.de\/wp-content\/uploads\/AnhaltLogistics_Logo20170228_RGB.svg","contentUrl":"https:\/\/anhalt.de\/wp-content\/uploads\/AnhaltLogistics_Logo20170228_RGB.svg","width":737,"height":283,"caption":"Anhalt Logistics GmbH & Co. KG"},"image":{"@id":"https:\/\/anhalt.de\/pl#\/schema\/logo\/image\/"},"sameAs":["https:\/\/www.facebook.com\/AnhaltLogistics","https:\/\/www.instagram.com\/anhaltlogistics","https:\/\/www.linkedin.com\/company\/anhalt-logistics"]}]}},"_links":{"self":[{"href":"https:\/\/anhalt.de\/pl\/wp-json\/wp\/v2\/pages\/1535","targetHints":{"allow":["GET"]}}],"collection":[{"href":"https:\/\/anhalt.de\/pl\/wp-json\/wp\/v2\/pages"}],"about":[{"href":"https:\/\/anhalt.de\/pl\/wp-json\/wp\/v2\/types\/page"}],"author":[{"embeddable":true,"href":"https:\/\/anhalt.de\/pl\/wp-json\/wp\/v2\/users\/1"}],"replies":[{"embeddable":true,"href":"https:\/\/anhalt.de\/pl\/wp-json\/wp\/v2\/comments?post=1535"}],"version-history":[{"count":8,"href":"https:\/\/anhalt.de\/pl\/wp-json\/wp\/v2\/pages\/1535\/revisions"}],"predecessor-version":[{"id":3385,"href":"https:\/\/anhalt.de\/pl\/wp-json\/wp\/v2\/pages\/1535\/revisions\/3385"}],"up":[{"embeddable":true,"href":"https:\/\/anhalt.de\/pl\/wp-json\/wp\/v2\/pages\/1501"}],"wp:attachment":[{"href":"https:\/\/anhalt.de\/pl\/wp-json\/wp\/v2\/media?parent=1535"}],"curies":[{"name":"wp","href":"https:\/\/api.w.org\/{rel}","templated":true}]}}