{"id":1580,"date":"2023-03-07T17:33:04","date_gmt":"2023-03-07T16:33:04","guid":{"rendered":"https:\/\/anhalt.de\/kariera\/to-jestesmy-my\/on-the-street"},"modified":"2023-08-04T11:34:52","modified_gmt":"2023-08-04T09:34:52","slug":"na-ulicy","status":"publish","type":"page","link":"https:\/\/anhalt.de\/pl\/kariera\/to-jestesmy-my\/na-ulicy","title":{"rendered":"W drodze"},"content":{"rendered":"<div class=\"wpb-content-wrapper\"><p>[vc_section el_id=&#8221;header-home&#8221; el_class=&#8221;headerbereich&#8221;][vc_row full_width=&#8221;stretch_row_content_no_spaces&#8221;][vc_column]<div id=\"ult-carousel-414359371469dd3c123c123\" class=\"ult-carousel-wrapper   ult_horizontal\" data-gutter=\"0\" data-rtl=\"false\" ><div class=\"ult-carousel-375252249669dd3c123bfb0 \" >[vc_row_inner el_class=&#8221;slider-row&#8221; css=&#8221;.vc_custom_1683191130982{background-image: url(https:\/\/anhalt.de\/wp-content\/uploads\/STS2924_sRGB_Q100-e1683113877845.jpg?id=2826) !important;}&#8221;][vc_column_inner width=&#8221;1\/2&#8243;][vc_column_text el_class=&#8221;slider-text&#8221;]<\/p>\n<h2>Tu nigdy nie jest nudno<\/h2>\n<p>[\/vc_column_text][\/vc_column_inner][vc_column_inner width=&#8221;1\/2&#8243;][\/vc_column_inner][\/vc_row_inner]<\/div><\/div>\t\t\t<script type=\"text\/javascript\">\n\t\t\t\tjQuery(document).ready(function ($) {\n\t\t\t\t\tif( typeof jQuery('.ult-carousel-375252249669dd3c123bfb0').slick == \"function\"){\n\t\t\t\t\t\t$('.ult-carousel-375252249669dd3c123bfb0').slick({dots: true,autoplay: true,autoplaySpeed: \"5000\",speed: \"300\",infinite: true,arrows: false,slidesToScroll:1,slidesToShow:1,swipe: true,draggable: true,touchMove: true,pauseOnHover: true,pauseOnFocus: false,responsive: [\n\t\t\t\t\t\t\t{\n\t\t\t\t\t\t\t  breakpoint: 1026,\n\t\t\t\t\t\t\t  settings: {\n\t\t\t\t\t\t\t\tslidesToShow: 1,\n\t\t\t\t\t\t\t\tslidesToScroll: 1,  \n\t\t\t\t\t\t\t  }\n\t\t\t\t\t\t\t},\n\t\t\t\t\t\t\t{\n\t\t\t\t\t\t\t  breakpoint: 1025,\n\t\t\t\t\t\t\t  settings: {\n\t\t\t\t\t\t\t\tslidesToShow: 1,\n\t\t\t\t\t\t\t\tslidesToScroll: 1\n\t\t\t\t\t\t\t  }\n\t\t\t\t\t\t\t},\n\t\t\t\t\t\t\t{\n\t\t\t\t\t\t\t  breakpoint: 760,\n\t\t\t\t\t\t\t  settings: {\n\t\t\t\t\t\t\t\tslidesToShow: 1,\n\t\t\t\t\t\t\t\tslidesToScroll: 1\n\t\t\t\t\t\t\t  }\n\t\t\t\t\t\t\t}\n\t\t\t\t\t\t],pauseOnDotsHover: true,customPaging: function(slider, i) {\n                   return '<i type=\"button\" style= \"color:#ffffff;\" class=\"ultsl-record\" data-role=\"none\"><\/i>';\n                },});\n\t\t\t\t\t}\n\t\t\t\t});\n\t\t\t<\/script>\n\t\t\t[\/vc_column][\/vc_row][\/vc_section][vc_section el_id=&#8221;home-willkommen&#8221;][vc_row][vc_column][vc_single_image image=&#8221;1057&#8243; img_size=&#8221;full&#8221; onclick=&#8221;custom_link&#8221; image_hovers=&#8221;false&#8221; el_class=&#8221;logo-bildmarke&#8221; link=&#8221;\/&#8221;][vc_column_text]<\/p>\n<h1>W drodze<\/h1>\n<p><strong>Tu nigdy nie jest nudno<\/strong><\/p>\n<p>Ka\u017cdego dnia nasza flota przemierza drogi Europy, wsp\u00f3\u0142pracuj\u0105c z naszym dzia\u0142em dyspozytorskim, aby zapewni\u0107 bezpieczny, czysty i punktualny transport. Stanowi\u0105 oni wa\u017cn\u0105 i nieodzown\u0105 cz\u0119\u015b\u0107 naszej firmy, dlatego s\u0105 wyposa\u017ceni w najnowocze\u015bniejszy sprz\u0119t. Nie tylko bezpiecze\u0144stwo naszej floty, ale r\u00f3wnie\u017c wysoki poziom komfortu kierowcy jest naszym priorytetem przy wyborze sprz\u0119tu.[\/vc_column_text][\/vc_column][\/vc_row][vc_row][vc_column width=&#8221;1\/2&#8243; el_class=&#8221;bild&#8221;][vc_single_image image=&#8221;1737&#8243; img_size=&#8221;full&#8221; image_hovers=&#8221;false&#8221;][\/vc_column][vc_column width=&#8221;1\/2&#8243; el_class=&#8221;text&#8221;][vc_column_text]Dzi\u0119ki naszym pracownikom biura opiekun\u00f3w kierowc\u00f3w nasi kierowcy zawsze maj\u0105 osob\u0119 kontaktow\u0105 po swojej stronie. Nasi zmotywowani i odpowiedzialni pracownicy s\u0105 regularnie szkoleni i specjalnie wykwalifikowani do warunk\u00f3w panuj\u0105cych w ich codziennej pracy, a tak\u017ce do wymagaj\u0105cego obchodzenia si\u0119 z produktami, kt\u00f3re transportujemy. Poprzez ci\u0105g\u0142e szkolenia kierowc\u00f3w wspieramy ich w codziennej pracy, aby spe\u0142niali nasze wysokie standardy jako\u015bci i bezpiecze\u0144stwa. Ponadto regularne organizujemy zebrania w celu wymiany informacji z kierownictwem, dysponentami i biurem opiekun\u00f3w kierowc\u00f3w.<\/p>\n<p><strong>Je\u015bli chcia\u0142(a)by\u015b do\u0142\u0105czy\u0107 do naszej floty powiniena\u015b\/powinne\u015b posiada\u0107 prawo jazdy kategorii C\/CE z modu\u0142em 95 \/ kart\u0105 kwalifikacji kierowcy, uprawnienia ADR oraz do\u015bwiadczenie w pracy na cysternach.<\/strong>[\/vc_column_text][\/vc_column][\/vc_row][\/vc_section][vc_section full_width=&#8221;stretch_row&#8221;][vc_row full_width=&#8221;stretch_row&#8221; bg_type=&#8221;image&#8221; parallax_style=&#8221;vcpb-default&#8221; bg_image_new=&#8221;id^1063|url^https:\/\/anhalt.de\/wp-content\/uploads\/2023-02-08_cMWT_Fotoshooting_Mitarbeitende_Gruppenfoto_Wiese-4107.jpg|caption^null|alt^null|title^Mitarbeitende Gruppenfoto|description^null&#8221; bg_image_repeat=&#8221;no-repeat&#8221; el_class=&#8221;cta-row&#8221;][vc_column][vc_column_text]<\/p>\n<h2>Zosta\u0144 cz\u0119\u015bci\u0105<br \/>\nnaszego zespo\u0142u!<\/h2>\n<p><a class=\"btn-bl\" href=\"https:\/\/anhalt.de\/karriere\/stellenangebote\">Nasze oferty pracy<\/a>[\/vc_column_text][\/vc_column][\/vc_row][\/vc_section]<\/p>\n<\/div>","protected":false},"excerpt":{"rendered":"<p>[vc_section el_id=&#8221;header-home&#8221; el_class=&#8221;headerbereich&#8221;][vc_row full_width=&#8221;stretch_row_content_no_spaces&#8221;][vc_column][\/vc_column][\/vc_row][\/vc_section][vc_section el_id=&#8221;home-willkommen&#8221;][vc_row][vc_column][vc_single_image image=&#8221;1057&#8243; img_size=&#8221;full&#8221; onclick=&#8221;custom_link&#8221; image_hovers=&#8221;false&#8221; el_class=&#8221;logo-bildmarke&#8221; link=&#8221;\/&#8221;][vc_column_text] W drodze Tu nigdy nie jest nudno Ka\u017cdego dnia nasza flota przemierza drogi Europy, wsp\u00f3\u0142pracuj\u0105c z naszym dzia\u0142em dyspozytorskim, aby zapewni\u0107 bezpieczny, czysty i punktualny transport. Stanowi\u0105 oni wa\u017cn\u0105 i nieodzown\u0105 cz\u0119\u015b\u0107 naszej firmy, dlatego s\u0105 wyposa\u017ceni w najnowocze\u015bniejszy sprz\u0119t. Nie tylko bezpiecze\u0144stwo naszej&hellip;<\/p>\n","protected":false},"author":2,"featured_media":0,"parent":1531,"menu_order":0,"comment_status":"closed","ping_status":"closed","template":"","meta":{"_acf_changed":false,"_custom_body_class":"","_custom_post_class":"","footnotes":""},"class_list":["post-1580","page","type-page","status-publish","hentry","description-off"],"acf":[],"yoast_head":"<!-- This site is optimized with the Yoast SEO plugin v27.3 - https:\/\/yoast.com\/product\/yoast-seo-wordpress\/ -->\n<title>W drodze - Anhalt Logistics GmbH &amp; Co. KG<\/title>\n<meta name=\"robots\" content=\"index, follow, max-snippet:-1, max-image-preview:large, max-video-preview:-1\" \/>\n<link rel=\"canonical\" href=\"https:\/\/anhalt.de\/pl\/kariera\/to-jestesmy-my\/na-ulicy\" \/>\n<meta property=\"og:locale\" content=\"pl_PL\" \/>\n<meta property=\"og:type\" content=\"article\" \/>\n<meta property=\"og:title\" content=\"W drodze - Anhalt Logistics GmbH &amp; Co. KG\" \/>\n<meta property=\"og:description\" content=\"[vc_section el_id=&#8221;header-home&#8221; el_class=&#8221;headerbereich&#8221;][vc_row full_width=&#8221;stretch_row_content_no_spaces&#8221;][vc_column][\/vc_column][\/vc_row][\/vc_section][vc_section el_id=&#8221;home-willkommen&#8221;][vc_row][vc_column][vc_single_image image=&#8221;1057&#8243; img_size=&#8221;full&#8221; onclick=&#8221;custom_link&#8221; image_hovers=&#8221;false&#8221; el_class=&#8221;logo-bildmarke&#8221; link=&#8221;\/&#8221;][vc_column_text] W drodze Tu nigdy nie jest nudno Ka\u017cdego dnia nasza flota przemierza drogi Europy, wsp\u00f3\u0142pracuj\u0105c z naszym dzia\u0142em dyspozytorskim, aby zapewni\u0107 bezpieczny, czysty i punktualny transport. Stanowi\u0105 oni wa\u017cn\u0105 i nieodzown\u0105 cz\u0119\u015b\u0107 naszej firmy, dlatego s\u0105 wyposa\u017ceni w najnowocze\u015bniejszy sprz\u0119t. Nie tylko bezpiecze\u0144stwo naszej&hellip;\" \/>\n<meta property=\"og:url\" content=\"https:\/\/anhalt.de\/pl\/kariera\/to-jestesmy-my\/na-ulicy\" \/>\n<meta property=\"og:site_name\" content=\"Anhalt Logistics GmbH &amp; Co. KG\" \/>\n<meta property=\"article:publisher\" content=\"https:\/\/www.facebook.com\/AnhaltLogistics\" \/>\n<meta property=\"article:modified_time\" content=\"2023-08-04T09:34:52+00:00\" \/>\n<meta name=\"twitter:card\" content=\"summary_large_image\" \/>\n<meta name=\"twitter:label1\" content=\"Szacowany czas czytania\" \/>\n\t<meta name=\"twitter:data1\" content=\"2 minuty\" \/>\n<script type=\"application\/ld+json\" class=\"yoast-schema-graph\">{\"@context\":\"https:\\\/\\\/schema.org\",\"@graph\":[{\"@type\":\"WebPage\",\"@id\":\"https:\\\/\\\/anhalt.de\\\/pl\\\/kariera\\\/to-jestesmy-my\\\/na-ulicy\",\"url\":\"https:\\\/\\\/anhalt.de\\\/pl\\\/kariera\\\/to-jestesmy-my\\\/na-ulicy\",\"name\":\"W drodze - Anhalt Logistics GmbH &amp; Co. KG\",\"isPartOf\":{\"@id\":\"https:\\\/\\\/anhalt.de\\\/pl#website\"},\"datePublished\":\"2023-03-07T16:33:04+00:00\",\"dateModified\":\"2023-08-04T09:34:52+00:00\",\"breadcrumb\":{\"@id\":\"https:\\\/\\\/anhalt.de\\\/pl\\\/kariera\\\/to-jestesmy-my\\\/na-ulicy#breadcrumb\"},\"inLanguage\":\"pl-PL\",\"potentialAction\":[{\"@type\":\"ReadAction\",\"target\":[\"https:\\\/\\\/anhalt.de\\\/pl\\\/kariera\\\/to-jestesmy-my\\\/na-ulicy\"]}]},{\"@type\":\"BreadcrumbList\",\"@id\":\"https:\\\/\\\/anhalt.de\\\/pl\\\/kariera\\\/to-jestesmy-my\\\/na-ulicy#breadcrumb\",\"itemListElement\":[{\"@type\":\"ListItem\",\"position\":1,\"name\":\"Startseite\",\"item\":\"https:\\\/\\\/anhalt.de\\\/pl\"},{\"@type\":\"ListItem\",\"position\":2,\"name\":\"Kariera\",\"item\":\"https:\\\/\\\/anhalt.de\\\/pl\\\/kariera\"},{\"@type\":\"ListItem\",\"position\":3,\"name\":\"To jeste\u015bmy my\",\"item\":\"https:\\\/\\\/anhalt.de\\\/pl\\\/kariera\\\/to-jestesmy-my\"},{\"@type\":\"ListItem\",\"position\":4,\"name\":\"W drodze\"}]},{\"@type\":\"WebSite\",\"@id\":\"https:\\\/\\\/anhalt.de\\\/pl#website\",\"url\":\"https:\\\/\\\/anhalt.de\\\/pl\",\"name\":\"Anhalt Logistics GmbH & Co. KG\",\"description\":\"\",\"publisher\":{\"@id\":\"https:\\\/\\\/anhalt.de\\\/pl#organization\"},\"potentialAction\":[{\"@type\":\"SearchAction\",\"target\":{\"@type\":\"EntryPoint\",\"urlTemplate\":\"https:\\\/\\\/anhalt.de\\\/pl?s={search_term_string}\"},\"query-input\":{\"@type\":\"PropertyValueSpecification\",\"valueRequired\":true,\"valueName\":\"search_term_string\"}}],\"inLanguage\":\"pl-PL\"},{\"@type\":\"Organization\",\"@id\":\"https:\\\/\\\/anhalt.de\\\/pl#organization\",\"name\":\"Anhalt Logistics GmbH & Co. KG\",\"url\":\"https:\\\/\\\/anhalt.de\\\/pl\",\"logo\":{\"@type\":\"ImageObject\",\"inLanguage\":\"pl-PL\",\"@id\":\"https:\\\/\\\/anhalt.de\\\/pl#\\\/schema\\\/logo\\\/image\\\/\",\"url\":\"https:\\\/\\\/anhalt.de\\\/wp-content\\\/uploads\\\/AnhaltLogistics_Logo20170228_RGB.svg\",\"contentUrl\":\"https:\\\/\\\/anhalt.de\\\/wp-content\\\/uploads\\\/AnhaltLogistics_Logo20170228_RGB.svg\",\"width\":737,\"height\":283,\"caption\":\"Anhalt Logistics GmbH & Co. KG\"},\"image\":{\"@id\":\"https:\\\/\\\/anhalt.de\\\/pl#\\\/schema\\\/logo\\\/image\\\/\"},\"sameAs\":[\"https:\\\/\\\/www.facebook.com\\\/AnhaltLogistics\",\"https:\\\/\\\/www.instagram.com\\\/anhaltlogistics\",\"https:\\\/\\\/www.linkedin.com\\\/company\\\/anhalt-logistics\"]}]}<\/script>\n<!-- \/ Yoast SEO plugin. -->","yoast_head_json":{"title":"W drodze - Anhalt Logistics GmbH &amp; Co. KG","robots":{"index":"index","follow":"follow","max-snippet":"max-snippet:-1","max-image-preview":"max-image-preview:large","max-video-preview":"max-video-preview:-1"},"canonical":"https:\/\/anhalt.de\/pl\/kariera\/to-jestesmy-my\/na-ulicy","og_locale":"pl_PL","og_type":"article","og_title":"W drodze - Anhalt Logistics GmbH &amp; Co. KG","og_description":"[vc_section el_id=&#8221;header-home&#8221; el_class=&#8221;headerbereich&#8221;][vc_row full_width=&#8221;stretch_row_content_no_spaces&#8221;][vc_column][\/vc_column][\/vc_row][\/vc_section][vc_section el_id=&#8221;home-willkommen&#8221;][vc_row][vc_column][vc_single_image image=&#8221;1057&#8243; img_size=&#8221;full&#8221; onclick=&#8221;custom_link&#8221; image_hovers=&#8221;false&#8221; el_class=&#8221;logo-bildmarke&#8221; link=&#8221;\/&#8221;][vc_column_text] W drodze Tu nigdy nie jest nudno Ka\u017cdego dnia nasza flota przemierza drogi Europy, wsp\u00f3\u0142pracuj\u0105c z naszym dzia\u0142em dyspozytorskim, aby zapewni\u0107 bezpieczny, czysty i punktualny transport. Stanowi\u0105 oni wa\u017cn\u0105 i nieodzown\u0105 cz\u0119\u015b\u0107 naszej firmy, dlatego s\u0105 wyposa\u017ceni w najnowocze\u015bniejszy sprz\u0119t. Nie tylko bezpiecze\u0144stwo naszej&hellip;","og_url":"https:\/\/anhalt.de\/pl\/kariera\/to-jestesmy-my\/na-ulicy","og_site_name":"Anhalt Logistics GmbH &amp; Co. KG","article_publisher":"https:\/\/www.facebook.com\/AnhaltLogistics","article_modified_time":"2023-08-04T09:34:52+00:00","twitter_card":"summary_large_image","twitter_misc":{"Szacowany czas czytania":"2 minuty"},"schema":{"@context":"https:\/\/schema.org","@graph":[{"@type":"WebPage","@id":"https:\/\/anhalt.de\/pl\/kariera\/to-jestesmy-my\/na-ulicy","url":"https:\/\/anhalt.de\/pl\/kariera\/to-jestesmy-my\/na-ulicy","name":"W drodze - Anhalt Logistics GmbH &amp; Co. KG","isPartOf":{"@id":"https:\/\/anhalt.de\/pl#website"},"datePublished":"2023-03-07T16:33:04+00:00","dateModified":"2023-08-04T09:34:52+00:00","breadcrumb":{"@id":"https:\/\/anhalt.de\/pl\/kariera\/to-jestesmy-my\/na-ulicy#breadcrumb"},"inLanguage":"pl-PL","potentialAction":[{"@type":"ReadAction","target":["https:\/\/anhalt.de\/pl\/kariera\/to-jestesmy-my\/na-ulicy"]}]},{"@type":"BreadcrumbList","@id":"https:\/\/anhalt.de\/pl\/kariera\/to-jestesmy-my\/na-ulicy#breadcrumb","itemListElement":[{"@type":"ListItem","position":1,"name":"Startseite","item":"https:\/\/anhalt.de\/pl"},{"@type":"ListItem","position":2,"name":"Kariera","item":"https:\/\/anhalt.de\/pl\/kariera"},{"@type":"ListItem","position":3,"name":"To jeste\u015bmy my","item":"https:\/\/anhalt.de\/pl\/kariera\/to-jestesmy-my"},{"@type":"ListItem","position":4,"name":"W drodze"}]},{"@type":"WebSite","@id":"https:\/\/anhalt.de\/pl#website","url":"https:\/\/anhalt.de\/pl","name":"Anhalt Logistics GmbH & Co. KG","description":"","publisher":{"@id":"https:\/\/anhalt.de\/pl#organization"},"potentialAction":[{"@type":"SearchAction","target":{"@type":"EntryPoint","urlTemplate":"https:\/\/anhalt.de\/pl?s={search_term_string}"},"query-input":{"@type":"PropertyValueSpecification","valueRequired":true,"valueName":"search_term_string"}}],"inLanguage":"pl-PL"},{"@type":"Organization","@id":"https:\/\/anhalt.de\/pl#organization","name":"Anhalt Logistics GmbH & Co. KG","url":"https:\/\/anhalt.de\/pl","logo":{"@type":"ImageObject","inLanguage":"pl-PL","@id":"https:\/\/anhalt.de\/pl#\/schema\/logo\/image\/","url":"https:\/\/anhalt.de\/wp-content\/uploads\/AnhaltLogistics_Logo20170228_RGB.svg","contentUrl":"https:\/\/anhalt.de\/wp-content\/uploads\/AnhaltLogistics_Logo20170228_RGB.svg","width":737,"height":283,"caption":"Anhalt Logistics GmbH & Co. KG"},"image":{"@id":"https:\/\/anhalt.de\/pl#\/schema\/logo\/image\/"},"sameAs":["https:\/\/www.facebook.com\/AnhaltLogistics","https:\/\/www.instagram.com\/anhaltlogistics","https:\/\/www.linkedin.com\/company\/anhalt-logistics"]}]}},"_links":{"self":[{"href":"https:\/\/anhalt.de\/pl\/wp-json\/wp\/v2\/pages\/1580","targetHints":{"allow":["GET"]}}],"collection":[{"href":"https:\/\/anhalt.de\/pl\/wp-json\/wp\/v2\/pages"}],"about":[{"href":"https:\/\/anhalt.de\/pl\/wp-json\/wp\/v2\/types\/page"}],"author":[{"embeddable":true,"href":"https:\/\/anhalt.de\/pl\/wp-json\/wp\/v2\/users\/2"}],"replies":[{"embeddable":true,"href":"https:\/\/anhalt.de\/pl\/wp-json\/wp\/v2\/comments?post=1580"}],"version-history":[{"count":13,"href":"https:\/\/anhalt.de\/pl\/wp-json\/wp\/v2\/pages\/1580\/revisions"}],"predecessor-version":[{"id":3455,"href":"https:\/\/anhalt.de\/pl\/wp-json\/wp\/v2\/pages\/1580\/revisions\/3455"}],"up":[{"embeddable":true,"href":"https:\/\/anhalt.de\/pl\/wp-json\/wp\/v2\/pages\/1531"}],"wp:attachment":[{"href":"https:\/\/anhalt.de\/pl\/wp-json\/wp\/v2\/media?parent=1580"}],"curies":[{"name":"wp","href":"https:\/\/api.w.org\/{rel}","templated":true}]}}