{"id":1585,"date":"2023-03-08T09:40:45","date_gmt":"2023-03-08T08:40:45","guid":{"rendered":"https:\/\/anhalt.de\/kariera\/to-jestesmy-my\/disposition"},"modified":"2023-08-04T11:36:02","modified_gmt":"2023-08-04T09:36:02","slug":"usposobienie","status":"publish","type":"page","link":"https:\/\/anhalt.de\/pl\/kariera\/to-jestesmy-my\/usposobienie","title":{"rendered":"Dyspozycja"},"content":{"rendered":"<div class=\"wpb-content-wrapper\"><p>[vc_section el_id=&#8221;header-home&#8221; el_class=&#8221;headerbereich&#8221;][vc_row full_width=&#8221;stretch_row_content_no_spaces&#8221;][vc_column]<div id=\"ult-carousel-117943469369dedd9271ed3\" class=\"ult-carousel-wrapper   ult_horizontal\" data-gutter=\"0\" data-rtl=\"false\" ><div class=\"ult-carousel-304188330769dedd9271ce5 \" >[vc_row_inner el_class=&#8221;slider-row&#8221; css=&#8221;.vc_custom_1683276813261{background-image: url(https:\/\/anhalt.de\/wp-content\/uploads\/2023-04-05-cMWT_Firmenbroschuere_Logistik-die-begeistert_0430-scaled-e1682672191562.jpg?id=2233) !important;}&#8221;][vc_column_inner width=&#8221;1\/2&#8243;][vc_column_text el_class=&#8221;slider-text&#8221;]<\/p>\n<h2>Tutaj bije serce logistyki<\/h2>\n<p>[\/vc_column_text][\/vc_column_inner][vc_column_inner width=&#8221;1\/2&#8243;][\/vc_column_inner][\/vc_row_inner]<\/div><\/div>\t\t\t<script type=\"text\/javascript\">\n\t\t\t\tjQuery(document).ready(function ($) {\n\t\t\t\t\tif( typeof jQuery('.ult-carousel-304188330769dedd9271ce5').slick == \"function\"){\n\t\t\t\t\t\t$('.ult-carousel-304188330769dedd9271ce5').slick({dots: true,autoplay: true,autoplaySpeed: \"5000\",speed: \"300\",infinite: true,arrows: false,slidesToScroll:1,slidesToShow:1,swipe: true,draggable: true,touchMove: true,pauseOnHover: true,pauseOnFocus: false,responsive: [\n\t\t\t\t\t\t\t{\n\t\t\t\t\t\t\t  breakpoint: 1026,\n\t\t\t\t\t\t\t  settings: {\n\t\t\t\t\t\t\t\tslidesToShow: 1,\n\t\t\t\t\t\t\t\tslidesToScroll: 1,  \n\t\t\t\t\t\t\t  }\n\t\t\t\t\t\t\t},\n\t\t\t\t\t\t\t{\n\t\t\t\t\t\t\t  breakpoint: 1025,\n\t\t\t\t\t\t\t  settings: {\n\t\t\t\t\t\t\t\tslidesToShow: 1,\n\t\t\t\t\t\t\t\tslidesToScroll: 1\n\t\t\t\t\t\t\t  }\n\t\t\t\t\t\t\t},\n\t\t\t\t\t\t\t{\n\t\t\t\t\t\t\t  breakpoint: 760,\n\t\t\t\t\t\t\t  settings: {\n\t\t\t\t\t\t\t\tslidesToShow: 1,\n\t\t\t\t\t\t\t\tslidesToScroll: 1\n\t\t\t\t\t\t\t  }\n\t\t\t\t\t\t\t}\n\t\t\t\t\t\t],pauseOnDotsHover: true,customPaging: function(slider, i) {\n                   return '<i type=\"button\" style= \"color:#ffffff;\" class=\"ultsl-record\" data-role=\"none\"><\/i>';\n                },});\n\t\t\t\t\t}\n\t\t\t\t});\n\t\t\t<\/script>\n\t\t\t[\/vc_column][\/vc_row][\/vc_section][vc_section el_id=&#8221;home-willkommen&#8221;][vc_row][vc_column][vc_single_image image=&#8221;1057&#8243; img_size=&#8221;full&#8221; onclick=&#8221;custom_link&#8221; image_hovers=&#8221;false&#8221; el_class=&#8221;logo-bildmarke&#8221; link=&#8221;\/&#8221;][vc_column_text]<\/p>\n<h1><strong>Dyspozycja<\/strong><\/h1>\n<p><strong>Tutaj bije serce logistyki<\/strong><\/p>\n<p>Nasi dyspozytorzy ponosz\u0105 codziennie du\u017c\u0105 odpowiedzialno\u015b\u0107 za koordynacj\u0119 i realizacj\u0119 zlece\u0144 naszych klient\u00f3w. Z tego powodu, a tak\u017ce w celu spe\u0142nienia naszych wysokich standard\u00f3w jako\u015bciowych szczeg\u00f3lnie wa\u017cne jest dla nas dalsze kszta\u0142cenie i szkolenie naszych dyspozytor\u00f3w. To oni s\u0105 elastycznymi umys\u0142ami i talentami organizacyjnymi w naszej firmie i nic nie jest w stanie ich wyprowadzi\u0107 z r\u00f3wnowagi.[\/vc_column_text][\/vc_column][\/vc_row][\/vc_section][vc_row][vc_column width=&#8221;1\/2&#8243; el_class=&#8221;bild&#8221;][vc_single_image image=&#8221;1741&#8243; img_size=&#8221;full&#8221; image_hovers=&#8221;false&#8221;][\/vc_column][vc_column width=&#8221;1\/2&#8243; el_class=&#8221;text&#8221;][vc_column_text]W swojej codziennej pracy przejmuj\u0105 komunikacj\u0119 z nasz\u0105 flot\u0105 i naszymi klientami, koordynuj\u0105 liczne procesy, monitoruj\u0105 zlecenia transportowe w ruchu lokalnym i dalekobie\u017cnym oraz maj\u0105 wszystko pod kontrol\u0105. Przede wszystkim my\u015bl\u0105 w spos\u00f3b zorientowany na rozwi\u0105zania, aby spe\u0142ni\u0107 \u017cyczenia klient\u00f3w, dotrzyma\u0107 harmonogramu i spe\u0142ni\u0107 specyficzne wymagania transportowe dla poszczeg\u00f3lnych produkt\u00f3w.<\/p>\n<p>Wraz ze swoim zespo\u0142em dbaj\u0105 w ten spos\u00f3b o sprawny, niezawodny i terminowy transport towar\u00f3w &#8211; drogowy, kolejowy lub morski.<\/p>\n<p><strong>Je\u015bli chcesz do\u0142\u0105czy\u0107 do naszego zespo\u0142u dysponent\u00f3w powinna\u015b\/powiniene\u015b lubi\u0107 prac\u0119 z lud\u017ami, by\u0107 zorganizowana(y) i cieszy\u0107 si\u0119 z podejmowania nowych wyzwa\u0144.<\/strong>[\/vc_column_text][\/vc_column][\/vc_row][vc_section el_class=&#8221;contentsection-bild-tabs&#8221;][\/vc_section][vc_section full_width=&#8221;stretch_row&#8221;][vc_row full_width=&#8221;stretch_row&#8221; bg_type=&#8221;image&#8221; parallax_style=&#8221;vcpb-default&#8221; bg_image_new=&#8221;id^1063|url^https:\/\/anhalt.de\/wp-content\/uploads\/2023-02-08_cMWT_Fotoshooting_Mitarbeitende_Gruppenfoto_Wiese-4107.jpg|caption^null|alt^null|title^Mitarbeitende Gruppenfoto|description^null&#8221; bg_image_repeat=&#8221;no-repeat&#8221; el_class=&#8221;cta-row&#8221;][vc_column][vc_column_text]<\/p>\n<h2>Zosta\u0144 cz\u0119\u015bci\u0105<br \/>\nnaszego zespo\u0142u!<\/h2>\n<p><a class=\"btn-bl\" href=\"https:\/\/anhalt.de\/karriere\/stellenangebote\">Nasze oferty pracy<\/a>[\/vc_column_text][\/vc_column][\/vc_row][\/vc_section]<\/p>\n<\/div>","protected":false},"excerpt":{"rendered":"<p>[vc_section el_id=&#8221;header-home&#8221; el_class=&#8221;headerbereich&#8221;][vc_row full_width=&#8221;stretch_row_content_no_spaces&#8221;][vc_column][\/vc_column][\/vc_row][\/vc_section][vc_section el_id=&#8221;home-willkommen&#8221;][vc_row][vc_column][vc_single_image image=&#8221;1057&#8243; img_size=&#8221;full&#8221; onclick=&#8221;custom_link&#8221; image_hovers=&#8221;false&#8221; el_class=&#8221;logo-bildmarke&#8221; link=&#8221;\/&#8221;][vc_column_text] Dyspozycja Tutaj bije serce logistyki Nasi dyspozytorzy ponosz\u0105 codziennie du\u017c\u0105 odpowiedzialno\u015b\u0107 za koordynacj\u0119 i realizacj\u0119 zlece\u0144 naszych klient\u00f3w. Z tego powodu, a tak\u017ce w celu spe\u0142nienia naszych wysokich standard\u00f3w jako\u015bciowych szczeg\u00f3lnie wa\u017cne jest dla nas dalsze kszta\u0142cenie i szkolenie naszych dyspozytor\u00f3w. To oni s\u0105&hellip;<\/p>\n","protected":false},"author":1,"featured_media":0,"parent":1531,"menu_order":1,"comment_status":"closed","ping_status":"closed","template":"","meta":{"_acf_changed":false,"_custom_body_class":"","_custom_post_class":"","footnotes":""},"class_list":["post-1585","page","type-page","status-publish","hentry","description-off"],"acf":[],"yoast_head":"<!-- This site is optimized with the Yoast SEO plugin v27.3 - https:\/\/yoast.com\/product\/yoast-seo-wordpress\/ -->\n<title>Dyspozycja - Anhalt Logistics GmbH &amp; Co. KG<\/title>\n<meta name=\"robots\" content=\"index, follow, max-snippet:-1, max-image-preview:large, max-video-preview:-1\" \/>\n<link rel=\"canonical\" href=\"https:\/\/anhalt.de\/pl\/kariera\/to-jestesmy-my\/usposobienie\" \/>\n<meta property=\"og:locale\" content=\"pl_PL\" \/>\n<meta property=\"og:type\" content=\"article\" \/>\n<meta property=\"og:title\" content=\"Dyspozycja - Anhalt Logistics GmbH &amp; Co. KG\" \/>\n<meta property=\"og:description\" content=\"[vc_section el_id=&#8221;header-home&#8221; el_class=&#8221;headerbereich&#8221;][vc_row full_width=&#8221;stretch_row_content_no_spaces&#8221;][vc_column][\/vc_column][\/vc_row][\/vc_section][vc_section el_id=&#8221;home-willkommen&#8221;][vc_row][vc_column][vc_single_image image=&#8221;1057&#8243; img_size=&#8221;full&#8221; onclick=&#8221;custom_link&#8221; image_hovers=&#8221;false&#8221; el_class=&#8221;logo-bildmarke&#8221; link=&#8221;\/&#8221;][vc_column_text] Dyspozycja Tutaj bije serce logistyki Nasi dyspozytorzy ponosz\u0105 codziennie du\u017c\u0105 odpowiedzialno\u015b\u0107 za koordynacj\u0119 i realizacj\u0119 zlece\u0144 naszych klient\u00f3w. Z tego powodu, a tak\u017ce w celu spe\u0142nienia naszych wysokich standard\u00f3w jako\u015bciowych szczeg\u00f3lnie wa\u017cne jest dla nas dalsze kszta\u0142cenie i szkolenie naszych dyspozytor\u00f3w. To oni s\u0105&hellip;\" \/>\n<meta property=\"og:url\" content=\"https:\/\/anhalt.de\/pl\/kariera\/to-jestesmy-my\/usposobienie\" \/>\n<meta property=\"og:site_name\" content=\"Anhalt Logistics GmbH &amp; Co. KG\" \/>\n<meta property=\"article:publisher\" content=\"https:\/\/www.facebook.com\/AnhaltLogistics\" \/>\n<meta property=\"article:modified_time\" content=\"2023-08-04T09:36:02+00:00\" \/>\n<meta name=\"twitter:card\" content=\"summary_large_image\" \/>\n<meta name=\"twitter:label1\" content=\"Szacowany czas czytania\" \/>\n\t<meta name=\"twitter:data1\" content=\"2 minuty\" \/>\n<script type=\"application\/ld+json\" class=\"yoast-schema-graph\">{\"@context\":\"https:\\\/\\\/schema.org\",\"@graph\":[{\"@type\":\"WebPage\",\"@id\":\"https:\\\/\\\/anhalt.de\\\/pl\\\/kariera\\\/to-jestesmy-my\\\/usposobienie\",\"url\":\"https:\\\/\\\/anhalt.de\\\/pl\\\/kariera\\\/to-jestesmy-my\\\/usposobienie\",\"name\":\"Dyspozycja - Anhalt Logistics GmbH &amp; Co. KG\",\"isPartOf\":{\"@id\":\"https:\\\/\\\/anhalt.de\\\/pl#website\"},\"datePublished\":\"2023-03-08T08:40:45+00:00\",\"dateModified\":\"2023-08-04T09:36:02+00:00\",\"breadcrumb\":{\"@id\":\"https:\\\/\\\/anhalt.de\\\/pl\\\/kariera\\\/to-jestesmy-my\\\/usposobienie#breadcrumb\"},\"inLanguage\":\"pl-PL\",\"potentialAction\":[{\"@type\":\"ReadAction\",\"target\":[\"https:\\\/\\\/anhalt.de\\\/pl\\\/kariera\\\/to-jestesmy-my\\\/usposobienie\"]}]},{\"@type\":\"BreadcrumbList\",\"@id\":\"https:\\\/\\\/anhalt.de\\\/pl\\\/kariera\\\/to-jestesmy-my\\\/usposobienie#breadcrumb\",\"itemListElement\":[{\"@type\":\"ListItem\",\"position\":1,\"name\":\"Startseite\",\"item\":\"https:\\\/\\\/anhalt.de\\\/pl\"},{\"@type\":\"ListItem\",\"position\":2,\"name\":\"Kariera\",\"item\":\"https:\\\/\\\/anhalt.de\\\/pl\\\/kariera\"},{\"@type\":\"ListItem\",\"position\":3,\"name\":\"To jeste\u015bmy my\",\"item\":\"https:\\\/\\\/anhalt.de\\\/pl\\\/kariera\\\/to-jestesmy-my\"},{\"@type\":\"ListItem\",\"position\":4,\"name\":\"Dyspozycja\"}]},{\"@type\":\"WebSite\",\"@id\":\"https:\\\/\\\/anhalt.de\\\/pl#website\",\"url\":\"https:\\\/\\\/anhalt.de\\\/pl\",\"name\":\"Anhalt Logistics GmbH & Co. KG\",\"description\":\"\",\"publisher\":{\"@id\":\"https:\\\/\\\/anhalt.de\\\/pl#organization\"},\"potentialAction\":[{\"@type\":\"SearchAction\",\"target\":{\"@type\":\"EntryPoint\",\"urlTemplate\":\"https:\\\/\\\/anhalt.de\\\/pl?s={search_term_string}\"},\"query-input\":{\"@type\":\"PropertyValueSpecification\",\"valueRequired\":true,\"valueName\":\"search_term_string\"}}],\"inLanguage\":\"pl-PL\"},{\"@type\":\"Organization\",\"@id\":\"https:\\\/\\\/anhalt.de\\\/pl#organization\",\"name\":\"Anhalt Logistics GmbH & Co. KG\",\"url\":\"https:\\\/\\\/anhalt.de\\\/pl\",\"logo\":{\"@type\":\"ImageObject\",\"inLanguage\":\"pl-PL\",\"@id\":\"https:\\\/\\\/anhalt.de\\\/pl#\\\/schema\\\/logo\\\/image\\\/\",\"url\":\"https:\\\/\\\/anhalt.de\\\/wp-content\\\/uploads\\\/AnhaltLogistics_Logo20170228_RGB.svg\",\"contentUrl\":\"https:\\\/\\\/anhalt.de\\\/wp-content\\\/uploads\\\/AnhaltLogistics_Logo20170228_RGB.svg\",\"width\":737,\"height\":283,\"caption\":\"Anhalt Logistics GmbH & Co. KG\"},\"image\":{\"@id\":\"https:\\\/\\\/anhalt.de\\\/pl#\\\/schema\\\/logo\\\/image\\\/\"},\"sameAs\":[\"https:\\\/\\\/www.facebook.com\\\/AnhaltLogistics\",\"https:\\\/\\\/www.instagram.com\\\/anhaltlogistics\",\"https:\\\/\\\/www.linkedin.com\\\/company\\\/anhalt-logistics\"]}]}<\/script>\n<!-- \/ Yoast SEO plugin. -->","yoast_head_json":{"title":"Dyspozycja - Anhalt Logistics GmbH &amp; Co. KG","robots":{"index":"index","follow":"follow","max-snippet":"max-snippet:-1","max-image-preview":"max-image-preview:large","max-video-preview":"max-video-preview:-1"},"canonical":"https:\/\/anhalt.de\/pl\/kariera\/to-jestesmy-my\/usposobienie","og_locale":"pl_PL","og_type":"article","og_title":"Dyspozycja - Anhalt Logistics GmbH &amp; Co. KG","og_description":"[vc_section el_id=&#8221;header-home&#8221; el_class=&#8221;headerbereich&#8221;][vc_row full_width=&#8221;stretch_row_content_no_spaces&#8221;][vc_column][\/vc_column][\/vc_row][\/vc_section][vc_section el_id=&#8221;home-willkommen&#8221;][vc_row][vc_column][vc_single_image image=&#8221;1057&#8243; img_size=&#8221;full&#8221; onclick=&#8221;custom_link&#8221; image_hovers=&#8221;false&#8221; el_class=&#8221;logo-bildmarke&#8221; link=&#8221;\/&#8221;][vc_column_text] Dyspozycja Tutaj bije serce logistyki Nasi dyspozytorzy ponosz\u0105 codziennie du\u017c\u0105 odpowiedzialno\u015b\u0107 za koordynacj\u0119 i realizacj\u0119 zlece\u0144 naszych klient\u00f3w. Z tego powodu, a tak\u017ce w celu spe\u0142nienia naszych wysokich standard\u00f3w jako\u015bciowych szczeg\u00f3lnie wa\u017cne jest dla nas dalsze kszta\u0142cenie i szkolenie naszych dyspozytor\u00f3w. To oni s\u0105&hellip;","og_url":"https:\/\/anhalt.de\/pl\/kariera\/to-jestesmy-my\/usposobienie","og_site_name":"Anhalt Logistics GmbH &amp; Co. KG","article_publisher":"https:\/\/www.facebook.com\/AnhaltLogistics","article_modified_time":"2023-08-04T09:36:02+00:00","twitter_card":"summary_large_image","twitter_misc":{"Szacowany czas czytania":"2 minuty"},"schema":{"@context":"https:\/\/schema.org","@graph":[{"@type":"WebPage","@id":"https:\/\/anhalt.de\/pl\/kariera\/to-jestesmy-my\/usposobienie","url":"https:\/\/anhalt.de\/pl\/kariera\/to-jestesmy-my\/usposobienie","name":"Dyspozycja - Anhalt Logistics GmbH &amp; Co. KG","isPartOf":{"@id":"https:\/\/anhalt.de\/pl#website"},"datePublished":"2023-03-08T08:40:45+00:00","dateModified":"2023-08-04T09:36:02+00:00","breadcrumb":{"@id":"https:\/\/anhalt.de\/pl\/kariera\/to-jestesmy-my\/usposobienie#breadcrumb"},"inLanguage":"pl-PL","potentialAction":[{"@type":"ReadAction","target":["https:\/\/anhalt.de\/pl\/kariera\/to-jestesmy-my\/usposobienie"]}]},{"@type":"BreadcrumbList","@id":"https:\/\/anhalt.de\/pl\/kariera\/to-jestesmy-my\/usposobienie#breadcrumb","itemListElement":[{"@type":"ListItem","position":1,"name":"Startseite","item":"https:\/\/anhalt.de\/pl"},{"@type":"ListItem","position":2,"name":"Kariera","item":"https:\/\/anhalt.de\/pl\/kariera"},{"@type":"ListItem","position":3,"name":"To jeste\u015bmy my","item":"https:\/\/anhalt.de\/pl\/kariera\/to-jestesmy-my"},{"@type":"ListItem","position":4,"name":"Dyspozycja"}]},{"@type":"WebSite","@id":"https:\/\/anhalt.de\/pl#website","url":"https:\/\/anhalt.de\/pl","name":"Anhalt Logistics GmbH & Co. KG","description":"","publisher":{"@id":"https:\/\/anhalt.de\/pl#organization"},"potentialAction":[{"@type":"SearchAction","target":{"@type":"EntryPoint","urlTemplate":"https:\/\/anhalt.de\/pl?s={search_term_string}"},"query-input":{"@type":"PropertyValueSpecification","valueRequired":true,"valueName":"search_term_string"}}],"inLanguage":"pl-PL"},{"@type":"Organization","@id":"https:\/\/anhalt.de\/pl#organization","name":"Anhalt Logistics GmbH & Co. KG","url":"https:\/\/anhalt.de\/pl","logo":{"@type":"ImageObject","inLanguage":"pl-PL","@id":"https:\/\/anhalt.de\/pl#\/schema\/logo\/image\/","url":"https:\/\/anhalt.de\/wp-content\/uploads\/AnhaltLogistics_Logo20170228_RGB.svg","contentUrl":"https:\/\/anhalt.de\/wp-content\/uploads\/AnhaltLogistics_Logo20170228_RGB.svg","width":737,"height":283,"caption":"Anhalt Logistics GmbH & Co. KG"},"image":{"@id":"https:\/\/anhalt.de\/pl#\/schema\/logo\/image\/"},"sameAs":["https:\/\/www.facebook.com\/AnhaltLogistics","https:\/\/www.instagram.com\/anhaltlogistics","https:\/\/www.linkedin.com\/company\/anhalt-logistics"]}]}},"_links":{"self":[{"href":"https:\/\/anhalt.de\/pl\/wp-json\/wp\/v2\/pages\/1585","targetHints":{"allow":["GET"]}}],"collection":[{"href":"https:\/\/anhalt.de\/pl\/wp-json\/wp\/v2\/pages"}],"about":[{"href":"https:\/\/anhalt.de\/pl\/wp-json\/wp\/v2\/types\/page"}],"author":[{"embeddable":true,"href":"https:\/\/anhalt.de\/pl\/wp-json\/wp\/v2\/users\/1"}],"replies":[{"embeddable":true,"href":"https:\/\/anhalt.de\/pl\/wp-json\/wp\/v2\/comments?post=1585"}],"version-history":[{"count":6,"href":"https:\/\/anhalt.de\/pl\/wp-json\/wp\/v2\/pages\/1585\/revisions"}],"predecessor-version":[{"id":3459,"href":"https:\/\/anhalt.de\/pl\/wp-json\/wp\/v2\/pages\/1585\/revisions\/3459"}],"up":[{"embeddable":true,"href":"https:\/\/anhalt.de\/pl\/wp-json\/wp\/v2\/pages\/1531"}],"wp:attachment":[{"href":"https:\/\/anhalt.de\/pl\/wp-json\/wp\/v2\/media?parent=1585"}],"curies":[{"name":"wp","href":"https:\/\/api.w.org\/{rel}","templated":true}]}}