{"id":1597,"date":"2023-03-08T09:46:53","date_gmt":"2023-03-08T08:46:53","guid":{"rendered":"https:\/\/anhalt.de\/kariera\/to-jestesmy-my\/tank-cleaning"},"modified":"2023-08-04T11:37:29","modified_gmt":"2023-08-04T09:37:29","slug":"czyszczenie-zbiornika","status":"publish","type":"page","link":"https:\/\/anhalt.de\/pl\/kariera\/to-jestesmy-my\/czyszczenie-zbiornika","title":{"rendered":"Myjnia zbiornik\u00f3w"},"content":{"rendered":"<div class=\"wpb-content-wrapper\"><p>[vc_section el_id=&#8221;header-home&#8221; el_class=&#8221;headerbereich&#8221;][vc_row full_width=&#8221;stretch_row_content_no_spaces&#8221;][vc_column]<div id=\"ult-carousel-269949231369dedd927d7ab\" class=\"ult-carousel-wrapper   ult_horizontal\" data-gutter=\"0\" data-rtl=\"false\" ><div class=\"ult-carousel-52240219069dedd927d5eb \" >[vc_row_inner el_class=&#8221;slider-row&#8221; css=&#8221;.vc_custom_1683194364703{background-image: url(https:\/\/anhalt.de\/wp-content\/uploads\/2023-03-10_cMWT_Fotoshooting_Tankreinigung_Innenreinigung_bearbeitet-2-min-e1683194243596.png?id=2966) !important;}&#8221;][vc_column_inner width=&#8221;1\/2&#8243;][vc_column_text el_class=&#8221;slider-text&#8221;]<\/p>\n<h2>Tutaj dbamy o czysto\u015b\u0107<\/h2>\n<p>[\/vc_column_text][\/vc_column_inner][vc_column_inner width=&#8221;1\/2&#8243;][\/vc_column_inner][\/vc_row_inner]<\/div><\/div>\t\t\t<script type=\"text\/javascript\">\n\t\t\t\tjQuery(document).ready(function ($) {\n\t\t\t\t\tif( typeof jQuery('.ult-carousel-52240219069dedd927d5eb').slick == \"function\"){\n\t\t\t\t\t\t$('.ult-carousel-52240219069dedd927d5eb').slick({dots: true,autoplay: true,autoplaySpeed: \"5000\",speed: \"300\",infinite: true,arrows: false,slidesToScroll:1,slidesToShow:1,swipe: true,draggable: true,touchMove: true,pauseOnHover: true,pauseOnFocus: false,responsive: [\n\t\t\t\t\t\t\t{\n\t\t\t\t\t\t\t  breakpoint: 1026,\n\t\t\t\t\t\t\t  settings: {\n\t\t\t\t\t\t\t\tslidesToShow: 1,\n\t\t\t\t\t\t\t\tslidesToScroll: 1,  \n\t\t\t\t\t\t\t  }\n\t\t\t\t\t\t\t},\n\t\t\t\t\t\t\t{\n\t\t\t\t\t\t\t  breakpoint: 1025,\n\t\t\t\t\t\t\t  settings: {\n\t\t\t\t\t\t\t\tslidesToShow: 1,\n\t\t\t\t\t\t\t\tslidesToScroll: 1\n\t\t\t\t\t\t\t  }\n\t\t\t\t\t\t\t},\n\t\t\t\t\t\t\t{\n\t\t\t\t\t\t\t  breakpoint: 760,\n\t\t\t\t\t\t\t  settings: {\n\t\t\t\t\t\t\t\tslidesToShow: 1,\n\t\t\t\t\t\t\t\tslidesToScroll: 1\n\t\t\t\t\t\t\t  }\n\t\t\t\t\t\t\t}\n\t\t\t\t\t\t],pauseOnDotsHover: true,customPaging: function(slider, i) {\n                   return '<i type=\"button\" style= \"color:#ffffff;\" class=\"ultsl-record\" data-role=\"none\"><\/i>';\n                },});\n\t\t\t\t\t}\n\t\t\t\t});\n\t\t\t<\/script>\n\t\t\t[\/vc_column][\/vc_row][\/vc_section][vc_section el_id=&#8221;home-willkommen&#8221;][vc_row][vc_column][vc_single_image image=&#8221;1057&#8243; img_size=&#8221;full&#8221; onclick=&#8221;custom_link&#8221; image_hovers=&#8221;false&#8221; el_class=&#8221;logo-bildmarke&#8221; link=&#8221;\/&#8221;][vc_column_text]<\/p>\n<h1>Myjnia zbiornik\u00f3w<\/h1>\n<p><strong>Tutaj dbamy o czysto\u015b\u0107<\/strong><\/p>\n<p>W naszych w\u0142asnych myjniach w Bargen i Duisburgu nasi pracownicy wk\u0142adaj\u0105 ca\u0142e serce w dok\u0142adne i wolne od resztek mycie wn\u0119trz kontener\u00f3w i cystern oraz mycie zewn\u0119trzne. Nie tylko nasz w\u0142asny sprz\u0119t jest tutaj myty, r\u00f3wnie\u017c firmy zewn\u0119trzne regularnie odwiedzaj\u0105 nas w celu mycia wn\u0119trz i na zewn\u0105trz. Nasi pracownicy zajmuj\u0105cy si\u0119 myciem cystern maj\u0105 sta\u0142y kontakt z r\u00f3\u017cnymi kierowcami i ch\u0119tnie udzielaj\u0105 porad klientom korzystaj\u0105cym z us\u0142ug myjni.[\/vc_column_text][\/vc_column][\/vc_row][\/vc_section][vc_row][vc_column width=&#8221;1\/2&#8243; el_class=&#8221;bild&#8221;][vc_single_image image=&#8221;2970&#8243; img_size=&#8221;full&#8221; image_hovers=&#8221;false&#8221;][\/vc_column][vc_column width=&#8221;1\/2&#8243; el_class=&#8221;text&#8221;][vc_column_text]W naszej myjni zbiornik\u00f3w przeprowadzane s\u0105 r\u00f3wnie\u017c drobne naprawy wok\u00f3\u0142 cysterny, takie jak wymiana uszczelek i pr\u00f3ba szczelno\u015bci, aby przygotowa\u0107 cystern\u0119 do kolejnego za\u0142adunku. Poniewa\u017c w tej dziedzinie nale\u017cy przestrzega\u0107 wielu przepis\u00f3w bezpiecze\u0144stwa i czysto\u015bci, praca przy myciu zbiornik\u00f3w jest wymagaj\u0105ca i wi\u0105\u017ce si\u0119 z regularnymi szkoleniami.<\/p>\n<p><strong>Je\u015bli chcesz do\u0142\u0105czy\u0107 do naszego zespo\u0142u myjni powinna\u015b\/powiniene\u015b lubi\u0107 prac\u0119 z lud\u017ami i mie\u0107 dobre poczucie jako\u015bci i bezpiecze\u0144stwa.<\/strong>[\/vc_column_text][\/vc_column][\/vc_row][vc_section full_width=&#8221;stretch_row&#8221;][vc_row full_width=&#8221;stretch_row&#8221; bg_type=&#8221;image&#8221; parallax_style=&#8221;vcpb-default&#8221; bg_image_new=&#8221;id^1063|url^https:\/\/anhalt.de\/wp-content\/uploads\/2023-02-08_cMWT_Fotoshooting_Mitarbeitende_Gruppenfoto_Wiese-4107.jpg|caption^null|alt^null|title^Mitarbeitende Gruppenfoto|description^null&#8221; bg_image_repeat=&#8221;no-repeat&#8221; el_class=&#8221;cta-row&#8221;][vc_column][vc_column_text]<\/p>\n<h2>Zosta\u0144 cz\u0119\u015bci\u0105<br \/>\nnaszego zespo\u0142u!<\/h2>\n<p><a class=\"btn-bl\" href=\"https:\/\/anhalt.de\/karriere\/stellenangebote\">Nasze oferty pracy<\/a>[\/vc_column_text][\/vc_column][\/vc_row][\/vc_section]<\/p>\n<\/div>","protected":false},"excerpt":{"rendered":"<p>[vc_section el_id=&#8221;header-home&#8221; el_class=&#8221;headerbereich&#8221;][vc_row full_width=&#8221;stretch_row_content_no_spaces&#8221;][vc_column][\/vc_column][\/vc_row][\/vc_section][vc_section el_id=&#8221;home-willkommen&#8221;][vc_row][vc_column][vc_single_image image=&#8221;1057&#8243; img_size=&#8221;full&#8221; onclick=&#8221;custom_link&#8221; image_hovers=&#8221;false&#8221; el_class=&#8221;logo-bildmarke&#8221; link=&#8221;\/&#8221;][vc_column_text] Myjnia zbiornik\u00f3w Tutaj dbamy o czysto\u015b\u0107 W naszych w\u0142asnych myjniach w Bargen i Duisburgu nasi pracownicy wk\u0142adaj\u0105 ca\u0142e serce w dok\u0142adne i wolne od resztek mycie wn\u0119trz kontener\u00f3w i cystern oraz mycie zewn\u0119trzne. Nie tylko nasz w\u0142asny sprz\u0119t jest tutaj myty, r\u00f3wnie\u017c firmy zewn\u0119trzne&hellip;<\/p>\n","protected":false},"author":1,"featured_media":0,"parent":1531,"menu_order":4,"comment_status":"closed","ping_status":"closed","template":"","meta":{"_acf_changed":false,"_custom_body_class":"","_custom_post_class":"","footnotes":""},"class_list":["post-1597","page","type-page","status-publish","hentry","description-off"],"acf":[],"yoast_head":"<!-- This site is optimized with the Yoast SEO plugin v27.3 - https:\/\/yoast.com\/product\/yoast-seo-wordpress\/ -->\n<title>Myjnia zbiornik\u00f3w - Anhalt Logistics GmbH &amp; Co. KG<\/title>\n<meta name=\"robots\" content=\"index, follow, max-snippet:-1, max-image-preview:large, max-video-preview:-1\" \/>\n<link rel=\"canonical\" href=\"https:\/\/anhalt.de\/pl\/kariera\/to-jestesmy-my\/czyszczenie-zbiornika\" \/>\n<meta property=\"og:locale\" content=\"pl_PL\" \/>\n<meta property=\"og:type\" content=\"article\" \/>\n<meta property=\"og:title\" content=\"Myjnia zbiornik\u00f3w - Anhalt Logistics GmbH &amp; Co. KG\" \/>\n<meta property=\"og:description\" content=\"[vc_section el_id=&#8221;header-home&#8221; el_class=&#8221;headerbereich&#8221;][vc_row full_width=&#8221;stretch_row_content_no_spaces&#8221;][vc_column][\/vc_column][\/vc_row][\/vc_section][vc_section el_id=&#8221;home-willkommen&#8221;][vc_row][vc_column][vc_single_image image=&#8221;1057&#8243; img_size=&#8221;full&#8221; onclick=&#8221;custom_link&#8221; image_hovers=&#8221;false&#8221; el_class=&#8221;logo-bildmarke&#8221; link=&#8221;\/&#8221;][vc_column_text] Myjnia zbiornik\u00f3w Tutaj dbamy o czysto\u015b\u0107 W naszych w\u0142asnych myjniach w Bargen i Duisburgu nasi pracownicy wk\u0142adaj\u0105 ca\u0142e serce w dok\u0142adne i wolne od resztek mycie wn\u0119trz kontener\u00f3w i cystern oraz mycie zewn\u0119trzne. Nie tylko nasz w\u0142asny sprz\u0119t jest tutaj myty, r\u00f3wnie\u017c firmy zewn\u0119trzne&hellip;\" \/>\n<meta property=\"og:url\" content=\"https:\/\/anhalt.de\/pl\/kariera\/to-jestesmy-my\/czyszczenie-zbiornika\" \/>\n<meta property=\"og:site_name\" content=\"Anhalt Logistics GmbH &amp; Co. KG\" \/>\n<meta property=\"article:publisher\" content=\"https:\/\/www.facebook.com\/AnhaltLogistics\" \/>\n<meta property=\"article:modified_time\" content=\"2023-08-04T09:37:29+00:00\" \/>\n<meta name=\"twitter:card\" content=\"summary_large_image\" \/>\n<meta name=\"twitter:label1\" content=\"Szacowany czas czytania\" \/>\n\t<meta name=\"twitter:data1\" content=\"2 minuty\" \/>\n<script type=\"application\/ld+json\" class=\"yoast-schema-graph\">{\"@context\":\"https:\\\/\\\/schema.org\",\"@graph\":[{\"@type\":\"WebPage\",\"@id\":\"https:\\\/\\\/anhalt.de\\\/pl\\\/kariera\\\/to-jestesmy-my\\\/czyszczenie-zbiornika\",\"url\":\"https:\\\/\\\/anhalt.de\\\/pl\\\/kariera\\\/to-jestesmy-my\\\/czyszczenie-zbiornika\",\"name\":\"Myjnia zbiornik\u00f3w - Anhalt Logistics GmbH &amp; Co. KG\",\"isPartOf\":{\"@id\":\"https:\\\/\\\/anhalt.de\\\/pl#website\"},\"datePublished\":\"2023-03-08T08:46:53+00:00\",\"dateModified\":\"2023-08-04T09:37:29+00:00\",\"breadcrumb\":{\"@id\":\"https:\\\/\\\/anhalt.de\\\/pl\\\/kariera\\\/to-jestesmy-my\\\/czyszczenie-zbiornika#breadcrumb\"},\"inLanguage\":\"pl-PL\",\"potentialAction\":[{\"@type\":\"ReadAction\",\"target\":[\"https:\\\/\\\/anhalt.de\\\/pl\\\/kariera\\\/to-jestesmy-my\\\/czyszczenie-zbiornika\"]}]},{\"@type\":\"BreadcrumbList\",\"@id\":\"https:\\\/\\\/anhalt.de\\\/pl\\\/kariera\\\/to-jestesmy-my\\\/czyszczenie-zbiornika#breadcrumb\",\"itemListElement\":[{\"@type\":\"ListItem\",\"position\":1,\"name\":\"Startseite\",\"item\":\"https:\\\/\\\/anhalt.de\\\/pl\"},{\"@type\":\"ListItem\",\"position\":2,\"name\":\"Kariera\",\"item\":\"https:\\\/\\\/anhalt.de\\\/pl\\\/kariera\"},{\"@type\":\"ListItem\",\"position\":3,\"name\":\"To jeste\u015bmy my\",\"item\":\"https:\\\/\\\/anhalt.de\\\/pl\\\/kariera\\\/to-jestesmy-my\"},{\"@type\":\"ListItem\",\"position\":4,\"name\":\"Myjnia zbiornik\u00f3w\"}]},{\"@type\":\"WebSite\",\"@id\":\"https:\\\/\\\/anhalt.de\\\/pl#website\",\"url\":\"https:\\\/\\\/anhalt.de\\\/pl\",\"name\":\"Anhalt Logistics GmbH & Co. KG\",\"description\":\"\",\"publisher\":{\"@id\":\"https:\\\/\\\/anhalt.de\\\/pl#organization\"},\"potentialAction\":[{\"@type\":\"SearchAction\",\"target\":{\"@type\":\"EntryPoint\",\"urlTemplate\":\"https:\\\/\\\/anhalt.de\\\/pl?s={search_term_string}\"},\"query-input\":{\"@type\":\"PropertyValueSpecification\",\"valueRequired\":true,\"valueName\":\"search_term_string\"}}],\"inLanguage\":\"pl-PL\"},{\"@type\":\"Organization\",\"@id\":\"https:\\\/\\\/anhalt.de\\\/pl#organization\",\"name\":\"Anhalt Logistics GmbH & Co. KG\",\"url\":\"https:\\\/\\\/anhalt.de\\\/pl\",\"logo\":{\"@type\":\"ImageObject\",\"inLanguage\":\"pl-PL\",\"@id\":\"https:\\\/\\\/anhalt.de\\\/pl#\\\/schema\\\/logo\\\/image\\\/\",\"url\":\"https:\\\/\\\/anhalt.de\\\/wp-content\\\/uploads\\\/AnhaltLogistics_Logo20170228_RGB.svg\",\"contentUrl\":\"https:\\\/\\\/anhalt.de\\\/wp-content\\\/uploads\\\/AnhaltLogistics_Logo20170228_RGB.svg\",\"width\":737,\"height\":283,\"caption\":\"Anhalt Logistics GmbH & Co. KG\"},\"image\":{\"@id\":\"https:\\\/\\\/anhalt.de\\\/pl#\\\/schema\\\/logo\\\/image\\\/\"},\"sameAs\":[\"https:\\\/\\\/www.facebook.com\\\/AnhaltLogistics\",\"https:\\\/\\\/www.instagram.com\\\/anhaltlogistics\",\"https:\\\/\\\/www.linkedin.com\\\/company\\\/anhalt-logistics\"]}]}<\/script>\n<!-- \/ Yoast SEO plugin. -->","yoast_head_json":{"title":"Myjnia zbiornik\u00f3w - Anhalt Logistics GmbH &amp; Co. KG","robots":{"index":"index","follow":"follow","max-snippet":"max-snippet:-1","max-image-preview":"max-image-preview:large","max-video-preview":"max-video-preview:-1"},"canonical":"https:\/\/anhalt.de\/pl\/kariera\/to-jestesmy-my\/czyszczenie-zbiornika","og_locale":"pl_PL","og_type":"article","og_title":"Myjnia zbiornik\u00f3w - Anhalt Logistics GmbH &amp; Co. KG","og_description":"[vc_section el_id=&#8221;header-home&#8221; el_class=&#8221;headerbereich&#8221;][vc_row full_width=&#8221;stretch_row_content_no_spaces&#8221;][vc_column][\/vc_column][\/vc_row][\/vc_section][vc_section el_id=&#8221;home-willkommen&#8221;][vc_row][vc_column][vc_single_image image=&#8221;1057&#8243; img_size=&#8221;full&#8221; onclick=&#8221;custom_link&#8221; image_hovers=&#8221;false&#8221; el_class=&#8221;logo-bildmarke&#8221; link=&#8221;\/&#8221;][vc_column_text] Myjnia zbiornik\u00f3w Tutaj dbamy o czysto\u015b\u0107 W naszych w\u0142asnych myjniach w Bargen i Duisburgu nasi pracownicy wk\u0142adaj\u0105 ca\u0142e serce w dok\u0142adne i wolne od resztek mycie wn\u0119trz kontener\u00f3w i cystern oraz mycie zewn\u0119trzne. Nie tylko nasz w\u0142asny sprz\u0119t jest tutaj myty, r\u00f3wnie\u017c firmy zewn\u0119trzne&hellip;","og_url":"https:\/\/anhalt.de\/pl\/kariera\/to-jestesmy-my\/czyszczenie-zbiornika","og_site_name":"Anhalt Logistics GmbH &amp; Co. KG","article_publisher":"https:\/\/www.facebook.com\/AnhaltLogistics","article_modified_time":"2023-08-04T09:37:29+00:00","twitter_card":"summary_large_image","twitter_misc":{"Szacowany czas czytania":"2 minuty"},"schema":{"@context":"https:\/\/schema.org","@graph":[{"@type":"WebPage","@id":"https:\/\/anhalt.de\/pl\/kariera\/to-jestesmy-my\/czyszczenie-zbiornika","url":"https:\/\/anhalt.de\/pl\/kariera\/to-jestesmy-my\/czyszczenie-zbiornika","name":"Myjnia zbiornik\u00f3w - Anhalt Logistics GmbH &amp; Co. KG","isPartOf":{"@id":"https:\/\/anhalt.de\/pl#website"},"datePublished":"2023-03-08T08:46:53+00:00","dateModified":"2023-08-04T09:37:29+00:00","breadcrumb":{"@id":"https:\/\/anhalt.de\/pl\/kariera\/to-jestesmy-my\/czyszczenie-zbiornika#breadcrumb"},"inLanguage":"pl-PL","potentialAction":[{"@type":"ReadAction","target":["https:\/\/anhalt.de\/pl\/kariera\/to-jestesmy-my\/czyszczenie-zbiornika"]}]},{"@type":"BreadcrumbList","@id":"https:\/\/anhalt.de\/pl\/kariera\/to-jestesmy-my\/czyszczenie-zbiornika#breadcrumb","itemListElement":[{"@type":"ListItem","position":1,"name":"Startseite","item":"https:\/\/anhalt.de\/pl"},{"@type":"ListItem","position":2,"name":"Kariera","item":"https:\/\/anhalt.de\/pl\/kariera"},{"@type":"ListItem","position":3,"name":"To jeste\u015bmy my","item":"https:\/\/anhalt.de\/pl\/kariera\/to-jestesmy-my"},{"@type":"ListItem","position":4,"name":"Myjnia zbiornik\u00f3w"}]},{"@type":"WebSite","@id":"https:\/\/anhalt.de\/pl#website","url":"https:\/\/anhalt.de\/pl","name":"Anhalt Logistics GmbH & Co. KG","description":"","publisher":{"@id":"https:\/\/anhalt.de\/pl#organization"},"potentialAction":[{"@type":"SearchAction","target":{"@type":"EntryPoint","urlTemplate":"https:\/\/anhalt.de\/pl?s={search_term_string}"},"query-input":{"@type":"PropertyValueSpecification","valueRequired":true,"valueName":"search_term_string"}}],"inLanguage":"pl-PL"},{"@type":"Organization","@id":"https:\/\/anhalt.de\/pl#organization","name":"Anhalt Logistics GmbH & Co. KG","url":"https:\/\/anhalt.de\/pl","logo":{"@type":"ImageObject","inLanguage":"pl-PL","@id":"https:\/\/anhalt.de\/pl#\/schema\/logo\/image\/","url":"https:\/\/anhalt.de\/wp-content\/uploads\/AnhaltLogistics_Logo20170228_RGB.svg","contentUrl":"https:\/\/anhalt.de\/wp-content\/uploads\/AnhaltLogistics_Logo20170228_RGB.svg","width":737,"height":283,"caption":"Anhalt Logistics GmbH & Co. KG"},"image":{"@id":"https:\/\/anhalt.de\/pl#\/schema\/logo\/image\/"},"sameAs":["https:\/\/www.facebook.com\/AnhaltLogistics","https:\/\/www.instagram.com\/anhaltlogistics","https:\/\/www.linkedin.com\/company\/anhalt-logistics"]}]}},"_links":{"self":[{"href":"https:\/\/anhalt.de\/pl\/wp-json\/wp\/v2\/pages\/1597","targetHints":{"allow":["GET"]}}],"collection":[{"href":"https:\/\/anhalt.de\/pl\/wp-json\/wp\/v2\/pages"}],"about":[{"href":"https:\/\/anhalt.de\/pl\/wp-json\/wp\/v2\/types\/page"}],"author":[{"embeddable":true,"href":"https:\/\/anhalt.de\/pl\/wp-json\/wp\/v2\/users\/1"}],"replies":[{"embeddable":true,"href":"https:\/\/anhalt.de\/pl\/wp-json\/wp\/v2\/comments?post=1597"}],"version-history":[{"count":4,"href":"https:\/\/anhalt.de\/pl\/wp-json\/wp\/v2\/pages\/1597\/revisions"}],"predecessor-version":[{"id":3471,"href":"https:\/\/anhalt.de\/pl\/wp-json\/wp\/v2\/pages\/1597\/revisions\/3471"}],"up":[{"embeddable":true,"href":"https:\/\/anhalt.de\/pl\/wp-json\/wp\/v2\/pages\/1531"}],"wp:attachment":[{"href":"https:\/\/anhalt.de\/pl\/wp-json\/wp\/v2\/media?parent=1597"}],"curies":[{"name":"wp","href":"https:\/\/api.w.org\/{rel}","templated":true}]}}