{"id":1601,"date":"2023-03-08T09:56:26","date_gmt":"2023-03-08T08:56:26","guid":{"rendered":"https:\/\/anhalt.de\/kariera\/to-jestesmy-my\/it"},"modified":"2023-08-04T11:38:03","modified_gmt":"2023-08-04T09:38:03","slug":"it","status":"publish","type":"page","link":"https:\/\/anhalt.de\/pl\/kariera\/to-jestesmy-my\/it","title":{"rendered":"IT"},"content":{"rendered":"<div class=\"wpb-content-wrapper\"><p>[vc_section el_id=&#8221;header-home&#8221; el_class=&#8221;headerbereich&#8221;][vc_row full_width=&#8221;stretch_row_content_no_spaces&#8221;][vc_column]<div id=\"ult-carousel-208572226169dd3a1f979a7\" class=\"ult-carousel-wrapper   ult_horizontal\" data-gutter=\"0\" data-rtl=\"false\" ><div class=\"ult-carousel-397072512969dd3a1f9783b \" >[vc_row_inner el_class=&#8221;slider-row&#8221; css=&#8221;.vc_custom_1683273634028{background-image: url(https:\/\/anhalt.de\/wp-content\/uploads\/information-server-2021-09-24-03-38-56-utc.jpg?id=3143) !important;}&#8221;][vc_column_inner width=&#8221;1\/2&#8243;][vc_column_text el_class=&#8221;slider-text&#8221;]<\/p>\n<h2>Tutaj wszyscy trzymaj\u0105 si\u0119 razem<\/h2>\n<p>[\/vc_column_text][\/vc_column_inner][vc_column_inner width=&#8221;1\/2&#8243;][\/vc_column_inner][\/vc_row_inner]<\/div><\/div>\t\t\t<script type=\"text\/javascript\">\n\t\t\t\tjQuery(document).ready(function ($) {\n\t\t\t\t\tif( typeof jQuery('.ult-carousel-397072512969dd3a1f9783b').slick == \"function\"){\n\t\t\t\t\t\t$('.ult-carousel-397072512969dd3a1f9783b').slick({dots: true,autoplay: true,autoplaySpeed: \"5000\",speed: \"300\",infinite: true,arrows: false,slidesToScroll:1,slidesToShow:1,swipe: true,draggable: true,touchMove: true,pauseOnHover: true,pauseOnFocus: false,responsive: [\n\t\t\t\t\t\t\t{\n\t\t\t\t\t\t\t  breakpoint: 1026,\n\t\t\t\t\t\t\t  settings: {\n\t\t\t\t\t\t\t\tslidesToShow: 1,\n\t\t\t\t\t\t\t\tslidesToScroll: 1,  \n\t\t\t\t\t\t\t  }\n\t\t\t\t\t\t\t},\n\t\t\t\t\t\t\t{\n\t\t\t\t\t\t\t  breakpoint: 1025,\n\t\t\t\t\t\t\t  settings: {\n\t\t\t\t\t\t\t\tslidesToShow: 1,\n\t\t\t\t\t\t\t\tslidesToScroll: 1\n\t\t\t\t\t\t\t  }\n\t\t\t\t\t\t\t},\n\t\t\t\t\t\t\t{\n\t\t\t\t\t\t\t  breakpoint: 760,\n\t\t\t\t\t\t\t  settings: {\n\t\t\t\t\t\t\t\tslidesToShow: 1,\n\t\t\t\t\t\t\t\tslidesToScroll: 1\n\t\t\t\t\t\t\t  }\n\t\t\t\t\t\t\t}\n\t\t\t\t\t\t],pauseOnDotsHover: true,customPaging: function(slider, i) {\n                   return '<i type=\"button\" style= \"color:#ffffff;\" class=\"ultsl-record\" data-role=\"none\"><\/i>';\n                },});\n\t\t\t\t\t}\n\t\t\t\t});\n\t\t\t<\/script>\n\t\t\t[\/vc_column][\/vc_row][\/vc_section][vc_section el_id=&#8221;home-willkommen&#8221;][vc_row][vc_column][vc_single_image image=&#8221;1057&#8243; img_size=&#8221;full&#8221; onclick=&#8221;custom_link&#8221; image_hovers=&#8221;false&#8221; el_class=&#8221;logo-bildmarke&#8221; link=&#8221;\/&#8221;][vc_column_text]<\/p>\n<h1>IT<\/h1>\n<p><strong>Tutaj wszyscy trzymaj\u0105 si\u0119 razem<\/strong><\/p>\n<p>W naszym dziale IT pracownicy odpowiadaj\u0105 za gotowo\u015b\u0107 operacyjn\u0105 w ka\u017cdym z naszych oddzia\u0142\u00f3w i zajmuj\u0105 si\u0119 zr\u00f3\u017cnicowanym zakresem nowoczesnych us\u0142ug IT. Wspieraj\u0105 u\u017cytkownik\u00f3w I i II poziomu oraz pozostaj\u0105 w \u015bcis\u0142ym kontakcie z zewn\u0119trznymi dostawcami us\u0142ug.[\/vc_column_text][\/vc_column][\/vc_row][\/vc_section][vc_row][vc_column width=&#8221;1\/2&#8243; el_class=&#8221;bild&#8221;][vc_single_image image=&#8221;1744&#8243; img_size=&#8221;full&#8221; image_hovers=&#8221;false&#8221;][\/vc_column][vc_column width=&#8221;1\/2&#8243; el_class=&#8221;text&#8221;][vc_column_text]Nasz zesp\u00f3\u0142 IT jest pierwszym punktem kontaktowym w przypadku problem\u00f3w technicznych i zajmuje si\u0119 administracj\u0105 u\u017cywanych system\u00f3w operacyjnych oraz naszym wirtualnym \u015brodowiskiem serwerowym. Zesp\u00f3\u0142 ten dba r\u00f3wnie\u017c o us\u0142ugi sieciowe i serwerowe oraz dokumentuje wszystkie procesy IT.<\/p>\n<p>Nasz dzia\u0142 IT jest r\u00f3wnie\u017c wa\u017cnym elementem planowania i realizacji r\u00f3\u017cnych projekt\u00f3w.<\/p>\n<p><strong>Je\u017celi chcesz do\u0142\u0105czy\u0107 do naszego zespo\u0142u IT powinna\u015b\/powiniene\u015b pracowa\u0107 w spos\u00f3b zorientowany na rozwi\u0105zania i skrupulatny, lubi\u0107 prac\u0119 z lud\u017ami i mie\u0107 do\u015bwiadczenie jako administrator system\u00f3w IT.<\/strong>[\/vc_column_text][\/vc_column][\/vc_row][vc_section full_width=&#8221;stretch_row&#8221;][vc_row full_width=&#8221;stretch_row&#8221; bg_type=&#8221;image&#8221; parallax_style=&#8221;vcpb-default&#8221; bg_image_new=&#8221;id^1063|url^https:\/\/anhalt.de\/wp-content\/uploads\/2023-02-08_cMWT_Fotoshooting_Mitarbeitende_Gruppenfoto_Wiese-4107.jpg|caption^null|alt^null|title^Mitarbeitende Gruppenfoto|description^null&#8221; bg_image_repeat=&#8221;no-repeat&#8221; el_class=&#8221;cta-row&#8221;][vc_column][vc_column_text]<\/p>\n<h2>Zosta\u0144 cz\u0119\u015bci\u0105<br \/>\nnaszego zespo\u0142u!<\/h2>\n<p><a class=\"btn-bl\" href=\"https:\/\/anhalt.de\/karriere\/stellenangebote\">Nasze oferty pracy<\/a>[\/vc_column_text][\/vc_column][\/vc_row][\/vc_section]<\/p>\n<\/div>","protected":false},"excerpt":{"rendered":"<p>[vc_section el_id=&#8221;header-home&#8221; el_class=&#8221;headerbereich&#8221;][vc_row full_width=&#8221;stretch_row_content_no_spaces&#8221;][vc_column][\/vc_column][\/vc_row][\/vc_section][vc_section el_id=&#8221;home-willkommen&#8221;][vc_row][vc_column][vc_single_image image=&#8221;1057&#8243; img_size=&#8221;full&#8221; onclick=&#8221;custom_link&#8221; image_hovers=&#8221;false&#8221; el_class=&#8221;logo-bildmarke&#8221; link=&#8221;\/&#8221;][vc_column_text] IT Tutaj wszyscy trzymaj\u0105 si\u0119 razem W naszym dziale IT pracownicy odpowiadaj\u0105 za gotowo\u015b\u0107 operacyjn\u0105 w ka\u017cdym z naszych oddzia\u0142\u00f3w i zajmuj\u0105 si\u0119 zr\u00f3\u017cnicowanym zakresem nowoczesnych us\u0142ug IT. Wspieraj\u0105 u\u017cytkownik\u00f3w I i II poziomu oraz pozostaj\u0105 w \u015bcis\u0142ym kontakcie z zewn\u0119trznymi dostawcami us\u0142ug.[\/vc_column_text][\/vc_column][\/vc_row][\/vc_section][vc_row][vc_column width=&#8221;1\/2&#8243;&hellip;<\/p>\n","protected":false},"author":1,"featured_media":0,"parent":1531,"menu_order":5,"comment_status":"closed","ping_status":"closed","template":"","meta":{"_acf_changed":false,"_custom_body_class":"","_custom_post_class":"","footnotes":""},"class_list":["post-1601","page","type-page","status-publish","hentry","description-off"],"acf":[],"yoast_head":"<!-- This site is optimized with the Yoast SEO plugin v27.3 - https:\/\/yoast.com\/product\/yoast-seo-wordpress\/ -->\n<title>IT - Anhalt Logistics GmbH &amp; Co. KG<\/title>\n<meta name=\"robots\" content=\"index, follow, max-snippet:-1, max-image-preview:large, max-video-preview:-1\" \/>\n<link rel=\"canonical\" href=\"https:\/\/anhalt.de\/pl\/kariera\/to-jestesmy-my\/it\" \/>\n<meta property=\"og:locale\" content=\"pl_PL\" \/>\n<meta property=\"og:type\" content=\"article\" \/>\n<meta property=\"og:title\" content=\"IT - Anhalt Logistics GmbH &amp; Co. KG\" \/>\n<meta property=\"og:description\" content=\"[vc_section el_id=&#8221;header-home&#8221; el_class=&#8221;headerbereich&#8221;][vc_row full_width=&#8221;stretch_row_content_no_spaces&#8221;][vc_column][\/vc_column][\/vc_row][\/vc_section][vc_section el_id=&#8221;home-willkommen&#8221;][vc_row][vc_column][vc_single_image image=&#8221;1057&#8243; img_size=&#8221;full&#8221; onclick=&#8221;custom_link&#8221; image_hovers=&#8221;false&#8221; el_class=&#8221;logo-bildmarke&#8221; link=&#8221;\/&#8221;][vc_column_text] IT Tutaj wszyscy trzymaj\u0105 si\u0119 razem W naszym dziale IT pracownicy odpowiadaj\u0105 za gotowo\u015b\u0107 operacyjn\u0105 w ka\u017cdym z naszych oddzia\u0142\u00f3w i zajmuj\u0105 si\u0119 zr\u00f3\u017cnicowanym zakresem nowoczesnych us\u0142ug IT. Wspieraj\u0105 u\u017cytkownik\u00f3w I i II poziomu oraz pozostaj\u0105 w \u015bcis\u0142ym kontakcie z zewn\u0119trznymi dostawcami us\u0142ug.[\/vc_column_text][\/vc_column][\/vc_row][\/vc_section][vc_row][vc_column width=&#8221;1\/2&#8243;&hellip;\" \/>\n<meta property=\"og:url\" content=\"https:\/\/anhalt.de\/pl\/kariera\/to-jestesmy-my\/it\" \/>\n<meta property=\"og:site_name\" content=\"Anhalt Logistics GmbH &amp; Co. KG\" \/>\n<meta property=\"article:publisher\" content=\"https:\/\/www.facebook.com\/AnhaltLogistics\" \/>\n<meta property=\"article:modified_time\" content=\"2023-08-04T09:38:03+00:00\" \/>\n<meta name=\"twitter:card\" content=\"summary_large_image\" \/>\n<meta name=\"twitter:label1\" content=\"Szacowany czas czytania\" \/>\n\t<meta name=\"twitter:data1\" content=\"1 minuta\" \/>\n<script type=\"application\/ld+json\" class=\"yoast-schema-graph\">{\"@context\":\"https:\\\/\\\/schema.org\",\"@graph\":[{\"@type\":\"WebPage\",\"@id\":\"https:\\\/\\\/anhalt.de\\\/pl\\\/kariera\\\/to-jestesmy-my\\\/it\",\"url\":\"https:\\\/\\\/anhalt.de\\\/pl\\\/kariera\\\/to-jestesmy-my\\\/it\",\"name\":\"IT - Anhalt Logistics GmbH &amp; Co. KG\",\"isPartOf\":{\"@id\":\"https:\\\/\\\/anhalt.de\\\/pl#website\"},\"datePublished\":\"2023-03-08T08:56:26+00:00\",\"dateModified\":\"2023-08-04T09:38:03+00:00\",\"breadcrumb\":{\"@id\":\"https:\\\/\\\/anhalt.de\\\/pl\\\/kariera\\\/to-jestesmy-my\\\/it#breadcrumb\"},\"inLanguage\":\"pl-PL\",\"potentialAction\":[{\"@type\":\"ReadAction\",\"target\":[\"https:\\\/\\\/anhalt.de\\\/pl\\\/kariera\\\/to-jestesmy-my\\\/it\"]}]},{\"@type\":\"BreadcrumbList\",\"@id\":\"https:\\\/\\\/anhalt.de\\\/pl\\\/kariera\\\/to-jestesmy-my\\\/it#breadcrumb\",\"itemListElement\":[{\"@type\":\"ListItem\",\"position\":1,\"name\":\"Startseite\",\"item\":\"https:\\\/\\\/anhalt.de\\\/pl\"},{\"@type\":\"ListItem\",\"position\":2,\"name\":\"Kariera\",\"item\":\"https:\\\/\\\/anhalt.de\\\/pl\\\/kariera\"},{\"@type\":\"ListItem\",\"position\":3,\"name\":\"To jeste\u015bmy my\",\"item\":\"https:\\\/\\\/anhalt.de\\\/pl\\\/kariera\\\/to-jestesmy-my\"},{\"@type\":\"ListItem\",\"position\":4,\"name\":\"IT\"}]},{\"@type\":\"WebSite\",\"@id\":\"https:\\\/\\\/anhalt.de\\\/pl#website\",\"url\":\"https:\\\/\\\/anhalt.de\\\/pl\",\"name\":\"Anhalt Logistics GmbH & Co. KG\",\"description\":\"\",\"publisher\":{\"@id\":\"https:\\\/\\\/anhalt.de\\\/pl#organization\"},\"potentialAction\":[{\"@type\":\"SearchAction\",\"target\":{\"@type\":\"EntryPoint\",\"urlTemplate\":\"https:\\\/\\\/anhalt.de\\\/pl?s={search_term_string}\"},\"query-input\":{\"@type\":\"PropertyValueSpecification\",\"valueRequired\":true,\"valueName\":\"search_term_string\"}}],\"inLanguage\":\"pl-PL\"},{\"@type\":\"Organization\",\"@id\":\"https:\\\/\\\/anhalt.de\\\/pl#organization\",\"name\":\"Anhalt Logistics GmbH & Co. KG\",\"url\":\"https:\\\/\\\/anhalt.de\\\/pl\",\"logo\":{\"@type\":\"ImageObject\",\"inLanguage\":\"pl-PL\",\"@id\":\"https:\\\/\\\/anhalt.de\\\/pl#\\\/schema\\\/logo\\\/image\\\/\",\"url\":\"https:\\\/\\\/anhalt.de\\\/wp-content\\\/uploads\\\/AnhaltLogistics_Logo20170228_RGB.svg\",\"contentUrl\":\"https:\\\/\\\/anhalt.de\\\/wp-content\\\/uploads\\\/AnhaltLogistics_Logo20170228_RGB.svg\",\"width\":737,\"height\":283,\"caption\":\"Anhalt Logistics GmbH & Co. KG\"},\"image\":{\"@id\":\"https:\\\/\\\/anhalt.de\\\/pl#\\\/schema\\\/logo\\\/image\\\/\"},\"sameAs\":[\"https:\\\/\\\/www.facebook.com\\\/AnhaltLogistics\",\"https:\\\/\\\/www.instagram.com\\\/anhaltlogistics\",\"https:\\\/\\\/www.linkedin.com\\\/company\\\/anhalt-logistics\"]}]}<\/script>\n<!-- \/ Yoast SEO plugin. -->","yoast_head_json":{"title":"IT - Anhalt Logistics GmbH &amp; Co. KG","robots":{"index":"index","follow":"follow","max-snippet":"max-snippet:-1","max-image-preview":"max-image-preview:large","max-video-preview":"max-video-preview:-1"},"canonical":"https:\/\/anhalt.de\/pl\/kariera\/to-jestesmy-my\/it","og_locale":"pl_PL","og_type":"article","og_title":"IT - Anhalt Logistics GmbH &amp; Co. KG","og_description":"[vc_section el_id=&#8221;header-home&#8221; el_class=&#8221;headerbereich&#8221;][vc_row full_width=&#8221;stretch_row_content_no_spaces&#8221;][vc_column][\/vc_column][\/vc_row][\/vc_section][vc_section el_id=&#8221;home-willkommen&#8221;][vc_row][vc_column][vc_single_image image=&#8221;1057&#8243; img_size=&#8221;full&#8221; onclick=&#8221;custom_link&#8221; image_hovers=&#8221;false&#8221; el_class=&#8221;logo-bildmarke&#8221; link=&#8221;\/&#8221;][vc_column_text] IT Tutaj wszyscy trzymaj\u0105 si\u0119 razem W naszym dziale IT pracownicy odpowiadaj\u0105 za gotowo\u015b\u0107 operacyjn\u0105 w ka\u017cdym z naszych oddzia\u0142\u00f3w i zajmuj\u0105 si\u0119 zr\u00f3\u017cnicowanym zakresem nowoczesnych us\u0142ug IT. Wspieraj\u0105 u\u017cytkownik\u00f3w I i II poziomu oraz pozostaj\u0105 w \u015bcis\u0142ym kontakcie z zewn\u0119trznymi dostawcami us\u0142ug.[\/vc_column_text][\/vc_column][\/vc_row][\/vc_section][vc_row][vc_column width=&#8221;1\/2&#8243;&hellip;","og_url":"https:\/\/anhalt.de\/pl\/kariera\/to-jestesmy-my\/it","og_site_name":"Anhalt Logistics GmbH &amp; Co. KG","article_publisher":"https:\/\/www.facebook.com\/AnhaltLogistics","article_modified_time":"2023-08-04T09:38:03+00:00","twitter_card":"summary_large_image","twitter_misc":{"Szacowany czas czytania":"1 minuta"},"schema":{"@context":"https:\/\/schema.org","@graph":[{"@type":"WebPage","@id":"https:\/\/anhalt.de\/pl\/kariera\/to-jestesmy-my\/it","url":"https:\/\/anhalt.de\/pl\/kariera\/to-jestesmy-my\/it","name":"IT - Anhalt Logistics GmbH &amp; Co. KG","isPartOf":{"@id":"https:\/\/anhalt.de\/pl#website"},"datePublished":"2023-03-08T08:56:26+00:00","dateModified":"2023-08-04T09:38:03+00:00","breadcrumb":{"@id":"https:\/\/anhalt.de\/pl\/kariera\/to-jestesmy-my\/it#breadcrumb"},"inLanguage":"pl-PL","potentialAction":[{"@type":"ReadAction","target":["https:\/\/anhalt.de\/pl\/kariera\/to-jestesmy-my\/it"]}]},{"@type":"BreadcrumbList","@id":"https:\/\/anhalt.de\/pl\/kariera\/to-jestesmy-my\/it#breadcrumb","itemListElement":[{"@type":"ListItem","position":1,"name":"Startseite","item":"https:\/\/anhalt.de\/pl"},{"@type":"ListItem","position":2,"name":"Kariera","item":"https:\/\/anhalt.de\/pl\/kariera"},{"@type":"ListItem","position":3,"name":"To jeste\u015bmy my","item":"https:\/\/anhalt.de\/pl\/kariera\/to-jestesmy-my"},{"@type":"ListItem","position":4,"name":"IT"}]},{"@type":"WebSite","@id":"https:\/\/anhalt.de\/pl#website","url":"https:\/\/anhalt.de\/pl","name":"Anhalt Logistics GmbH & Co. KG","description":"","publisher":{"@id":"https:\/\/anhalt.de\/pl#organization"},"potentialAction":[{"@type":"SearchAction","target":{"@type":"EntryPoint","urlTemplate":"https:\/\/anhalt.de\/pl?s={search_term_string}"},"query-input":{"@type":"PropertyValueSpecification","valueRequired":true,"valueName":"search_term_string"}}],"inLanguage":"pl-PL"},{"@type":"Organization","@id":"https:\/\/anhalt.de\/pl#organization","name":"Anhalt Logistics GmbH & Co. KG","url":"https:\/\/anhalt.de\/pl","logo":{"@type":"ImageObject","inLanguage":"pl-PL","@id":"https:\/\/anhalt.de\/pl#\/schema\/logo\/image\/","url":"https:\/\/anhalt.de\/wp-content\/uploads\/AnhaltLogistics_Logo20170228_RGB.svg","contentUrl":"https:\/\/anhalt.de\/wp-content\/uploads\/AnhaltLogistics_Logo20170228_RGB.svg","width":737,"height":283,"caption":"Anhalt Logistics GmbH & Co. KG"},"image":{"@id":"https:\/\/anhalt.de\/pl#\/schema\/logo\/image\/"},"sameAs":["https:\/\/www.facebook.com\/AnhaltLogistics","https:\/\/www.instagram.com\/anhaltlogistics","https:\/\/www.linkedin.com\/company\/anhalt-logistics"]}]}},"_links":{"self":[{"href":"https:\/\/anhalt.de\/pl\/wp-json\/wp\/v2\/pages\/1601","targetHints":{"allow":["GET"]}}],"collection":[{"href":"https:\/\/anhalt.de\/pl\/wp-json\/wp\/v2\/pages"}],"about":[{"href":"https:\/\/anhalt.de\/pl\/wp-json\/wp\/v2\/types\/page"}],"author":[{"embeddable":true,"href":"https:\/\/anhalt.de\/pl\/wp-json\/wp\/v2\/users\/1"}],"replies":[{"embeddable":true,"href":"https:\/\/anhalt.de\/pl\/wp-json\/wp\/v2\/comments?post=1601"}],"version-history":[{"count":5,"href":"https:\/\/anhalt.de\/pl\/wp-json\/wp\/v2\/pages\/1601\/revisions"}],"predecessor-version":[{"id":3475,"href":"https:\/\/anhalt.de\/pl\/wp-json\/wp\/v2\/pages\/1601\/revisions\/3475"}],"up":[{"embeddable":true,"href":"https:\/\/anhalt.de\/pl\/wp-json\/wp\/v2\/pages\/1531"}],"wp:attachment":[{"href":"https:\/\/anhalt.de\/pl\/wp-json\/wp\/v2\/media?parent=1601"}],"curies":[{"name":"wp","href":"https:\/\/api.w.org\/{rel}","templated":true}]}}