{"id":1645,"date":"2023-02-20T14:19:03","date_gmt":"2023-02-20T13:19:03","guid":{"rendered":"https:\/\/anhalt.de\/firma\/our-principles"},"modified":"2023-08-03T08:35:39","modified_gmt":"2023-08-03T06:35:39","slug":"nasze-zasady","status":"publish","type":"page","link":"https:\/\/anhalt.de\/pl\/firma\/nasze-zasady","title":{"rendered":"Nasze warto\u015bci"},"content":{"rendered":"<div class=\"wpb-content-wrapper\"><p>[vc_section el_id=&#8221;header-home&#8221; el_class=&#8221;headerbereich&#8221;][vc_row full_width=&#8221;stretch_row_content_no_spaces&#8221;][vc_column]<div id=\"ult-carousel-54267070269dd206468956\" class=\"ult-carousel-wrapper   ult_horizontal\" data-gutter=\"0\" data-rtl=\"false\" ><div class=\"ult-carousel-419639597469dd2064687c3 \" >[vc_row_inner el_class=&#8221;slider-row&#8221; css=&#8221;.vc_custom_1682965163075{background-image: url(https:\/\/anhalt.de\/wp-content\/uploads\/210414_daf_spedition_anhalt_063-scaled.jpg?id=2459) !important;}&#8221;][vc_column_inner width=&#8221;1\/2&#8243;][vc_column_text el_class=&#8221;slider-text&#8221;]<\/p>\n<h2>NASZE WARTO\u015aCI<\/h2>\n<p>[\/vc_column_text][\/vc_column_inner][vc_column_inner width=&#8221;1\/2&#8243;][\/vc_column_inner][\/vc_row_inner]<\/div><\/div>\t\t\t<script type=\"text\/javascript\">\n\t\t\t\tjQuery(document).ready(function ($) {\n\t\t\t\t\tif( typeof jQuery('.ult-carousel-419639597469dd2064687c3').slick == \"function\"){\n\t\t\t\t\t\t$('.ult-carousel-419639597469dd2064687c3').slick({dots: true,autoplay: true,autoplaySpeed: \"5000\",speed: \"300\",infinite: true,arrows: false,slidesToScroll:1,slidesToShow:1,swipe: true,draggable: true,touchMove: true,pauseOnHover: true,pauseOnFocus: false,responsive: [\n\t\t\t\t\t\t\t{\n\t\t\t\t\t\t\t  breakpoint: 1026,\n\t\t\t\t\t\t\t  settings: {\n\t\t\t\t\t\t\t\tslidesToShow: 1,\n\t\t\t\t\t\t\t\tslidesToScroll: 1,  \n\t\t\t\t\t\t\t  }\n\t\t\t\t\t\t\t},\n\t\t\t\t\t\t\t{\n\t\t\t\t\t\t\t  breakpoint: 1025,\n\t\t\t\t\t\t\t  settings: {\n\t\t\t\t\t\t\t\tslidesToShow: 1,\n\t\t\t\t\t\t\t\tslidesToScroll: 1\n\t\t\t\t\t\t\t  }\n\t\t\t\t\t\t\t},\n\t\t\t\t\t\t\t{\n\t\t\t\t\t\t\t  breakpoint: 760,\n\t\t\t\t\t\t\t  settings: {\n\t\t\t\t\t\t\t\tslidesToShow: 1,\n\t\t\t\t\t\t\t\tslidesToScroll: 1\n\t\t\t\t\t\t\t  }\n\t\t\t\t\t\t\t}\n\t\t\t\t\t\t],pauseOnDotsHover: true,customPaging: function(slider, i) {\n                   return '<i type=\"button\" style= \"color:#ffffff;\" class=\"ultsl-record\" data-role=\"none\"><\/i>';\n                },});\n\t\t\t\t\t}\n\t\t\t\t});\n\t\t\t<\/script>\n\t\t\t[\/vc_column][\/vc_row][\/vc_section][vc_section el_id=&#8221;home-willkommen&#8221;][vc_row][vc_column][vc_single_image image=&#8221;1057&#8243; img_size=&#8221;full&#8221; onclick=&#8221;custom_link&#8221; image_hovers=&#8221;false&#8221; el_class=&#8221;logo-bildmarke&#8221; link=&#8221;\/&#8221;][\/vc_column][\/vc_row][\/vc_section][vc_row][vc_column][vc_column_text]<\/p>\n<h1><strong>FILOZOFIA NASZEJ FIRMY<\/strong><\/h1>\n<p>[\/vc_column_text][\/vc_column][\/vc_row][vc_row][vc_column width=&#8221;1\/2&#8243; el_class=&#8221;text&#8221;][vc_column_text]<strong>Anhalt &#8211; nazwa ta oznacza tradycj\u0119, nowoczesno\u015b\u0107 i przysz\u0142o\u015b\u0107.<\/strong><\/p>\n<p>Nasz sukces i nasza konsekwencja s\u0105 definiowane przez nasze zorientowane na cel i odpowiedzialne dzia\u0142ania oraz ci\u0105g\u0142e d\u0105\u017cenie do Jako\u015bci-1A.<\/p>\n<p>W naszej firmie ka\u017cdy jest cz\u0119\u015bci\u0105 wielkiej rodziny. \u017byczliwo\u015b\u0107, bezpiecze\u0144stwo i niezawodno\u015b\u0107 zapewniaj\u0105 bardzo dobry klimat zespo\u0142u i sprzyjaj\u0105 sp\u00f3jno\u015bci.[\/vc_column_text][\/vc_column][vc_column width=&#8221;1\/2&#8243; el_class=&#8221;bild&#8221;][vc_column_text]Bezpiecze\u0144stwo jest dla nas podstawowym wymogiem we wszystkich obszarach.<\/p>\n<p>Dzi\u0119ki naszej du\u017cej elastyczno\u015bci jeste\u015bmy w stanie sprosta\u0107 ka\u017cdemu logistycznemu wyzwaniu &#8211; \u0142\u0105czy nas pasja do logistyki!<\/p>\n<p>Uczciwo\u015b\u0107 i odpowiedzialne dzia\u0142ania to dla nas rzecz oczywista oraz integralna cz\u0119\u015b\u0107 integralna cz\u0119\u015b\u0107 kultury naszego przedsi\u0119biorstwa.[\/vc_column_text][\/vc_column][\/vc_row][vc_row][vc_column][vc_single_image image=&#8221;1275&#8243; img_size=&#8221;full&#8221; image_hovers=&#8221;false&#8221;][\/vc_column][vc_column][vc_separator border_width=&#8221;3&#8243;][\/vc_column][\/vc_row][vc_row css=&#8221;.vc_custom_1681222011822{margin-top: 50px !important;}&#8221;][vc_column width=&#8221;1\/2&#8243; el_class=&#8221;bild&#8221;][vc_column_text]<\/p>\n<h2><strong>WARTO\u015aCI NASZEJ FIRMY<\/strong><\/h2>\n<p>Poni\u017csze warto\u015bci odzwierciedlaj\u0105 istot\u0119 naszej rodzinnej wsp\u00f3lnoty biznesowej:<\/p>\n<ul>\n<li>Bezpiecze\u0144stwo<\/li>\n<li>Sukces<\/li>\n<li>Rozwa\u017cno\u015b\u0107<\/li>\n<li>Spoisto\u015b\u0107<\/li>\n<li>Uczciwo\u015b\u0107<\/li>\n<li>Elastyczno\u015b\u0107<\/li>\n<\/ul>\n<p>[\/vc_column_text][\/vc_column][vc_column width=&#8221;1\/2&#8243; el_class=&#8221;text&#8221;][vc_single_image image=&#8221;627&#8243; img_size=&#8221;medium&#8221; image_hovers=&#8221;false&#8221;][\/vc_column][vc_column][vc_separator border_width=&#8221;3&#8243;][\/vc_column][\/vc_row][vc_row][vc_column][vc_column_text]<\/p>\n<h2><strong>ZR\u00d3WNOWA\u017bONY ROZW\u00d3J &amp; JAKO\u015a\u0106 1A<\/strong><\/h2>\n<p>[\/vc_column_text][\/vc_column][\/vc_row][vc_row][vc_column width=&#8221;1\/3&#8243;][vc_column_text]<\/p>\n<h4>Ekologia<\/h4>\n<p>Ponosimy odpowiedzialno\u015b\u0107 za przyrod\u0119 i \u015brodowisko[\/vc_column_text][\/vc_column][vc_column width=&#8221;1\/3&#8243;][vc_column_text]<\/p>\n<h4><strong>Odpowiedzialno\u015b\u0107 spo\u0142eczna<\/strong><\/h4>\n<p>Ludzie s\u0105 w centrum uwagi[\/vc_column_text][\/vc_column][vc_column width=&#8221;1\/3&#8243;][vc_column_text]<\/p>\n<h4>\u00d6konomie<\/h4>\n<p>Die Zukunft unseres Logistikunternehmens[\/vc_column_text][\/vc_column][\/vc_row][vc_row][vc_column][vc_column_text]Nasze us\u0142ugi logistyczne w sektorze transportu i mycia zbiornik\u00f3w s\u0105 certyfikowane i z powodzeniem spe\u0142niamy nasz obowi\u0105zek raportowy.<\/p>\n<p>\u015awiadczymy wysokiej jako\u015bci us\u0142ugi logistyczne i promujemy odpowiedzialn\u0105 i zr\u00f3wnowa\u017con\u0105 interakcj\u0119 ze \u015brodowiskiem i lud\u017ami, aby zadba\u0107 r\u00f3wnie\u017c o potrzeby przysz\u0142ych pokole\u0144. W tym celu, na przyk\u0142ad przenosimy du\u017c\u0105 liczb\u0119 naszych transport\u00f3w z transportu drogowego na przyjazny dla \u015brodowiska transport kolejowy, aby w zr\u00f3wnowa\u017cony spos\u00f3b zmniejszy\u0107 emisj\u0119 CO2 przez nasz\u0105 flot\u0119.<\/p>\n<p>&nbsp;<\/p>\n<p><strong>Dzi\u0119ki naszemu zespo\u0142owi zarz\u0105dzania jako\u015bci\u0105 zapewniamy, \u017ce<\/strong><\/p>\n<ul>\n<li>procesy operacyjne s\u0105 zoptymalizowane i udokumentowane.<\/li>\n<li>przestrzegane s\u0105 wymogi prawne.<\/li>\n<li>spe\u0142niamy nasze standardy Jako\u015bci 1A.<\/li>\n<li>mo\u017cemy reagowa\u0107 na indywidualne \u017cyczenia i potrzeby naszych klient\u00f3w.<\/li>\n<li>stale si\u0119 rozwijamy i udoskonalamy.<\/li>\n<\/ul>\n<p>[\/vc_column_text][\/vc_column][\/vc_row]<\/p>\n<\/div>","protected":false},"excerpt":{"rendered":"<p>[vc_section el_id=&#8221;header-home&#8221; el_class=&#8221;headerbereich&#8221;][vc_row full_width=&#8221;stretch_row_content_no_spaces&#8221;][vc_column][\/vc_column][\/vc_row][\/vc_section][vc_section el_id=&#8221;home-willkommen&#8221;][vc_row][vc_column][vc_single_image image=&#8221;1057&#8243; img_size=&#8221;full&#8221; onclick=&#8221;custom_link&#8221; image_hovers=&#8221;false&#8221; el_class=&#8221;logo-bildmarke&#8221; link=&#8221;\/&#8221;][\/vc_column][\/vc_row][\/vc_section][vc_row][vc_column][vc_column_text] FILOZOFIA NASZEJ FIRMY [\/vc_column_text][\/vc_column][\/vc_row][vc_row][vc_column width=&#8221;1\/2&#8243; el_class=&#8221;text&#8221;][vc_column_text]Anhalt &#8211; nazwa ta oznacza tradycj\u0119, nowoczesno\u015b\u0107 i przysz\u0142o\u015b\u0107. Nasz sukces i nasza konsekwencja s\u0105 definiowane przez nasze zorientowane na cel i odpowiedzialne dzia\u0142ania oraz ci\u0105g\u0142e d\u0105\u017cenie do Jako\u015bci-1A. W naszej firmie ka\u017cdy jest cz\u0119\u015bci\u0105 wielkiej rodziny. \u017byczliwo\u015b\u0107, bezpiecze\u0144stwo&hellip;<\/p>\n","protected":false},"author":1,"featured_media":0,"parent":1505,"menu_order":0,"comment_status":"closed","ping_status":"closed","template":"","meta":{"_acf_changed":false,"_custom_body_class":"","_custom_post_class":"","footnotes":""},"class_list":["post-1645","page","type-page","status-publish","hentry","description-off"],"acf":[],"yoast_head":"<!-- This site is optimized with the Yoast SEO plugin v27.3 - https:\/\/yoast.com\/product\/yoast-seo-wordpress\/ -->\n<title>Nasze warto\u015bci - Anhalt Logistics GmbH &amp; Co. KG<\/title>\n<meta name=\"robots\" content=\"index, follow, max-snippet:-1, max-image-preview:large, max-video-preview:-1\" \/>\n<link rel=\"canonical\" href=\"https:\/\/anhalt.de\/pl\/firma\/nasze-zasady\" \/>\n<meta property=\"og:locale\" content=\"pl_PL\" \/>\n<meta property=\"og:type\" content=\"article\" \/>\n<meta property=\"og:title\" content=\"Nasze warto\u015bci - Anhalt Logistics GmbH &amp; Co. KG\" \/>\n<meta property=\"og:description\" content=\"[vc_section el_id=&#8221;header-home&#8221; el_class=&#8221;headerbereich&#8221;][vc_row full_width=&#8221;stretch_row_content_no_spaces&#8221;][vc_column][\/vc_column][\/vc_row][\/vc_section][vc_section el_id=&#8221;home-willkommen&#8221;][vc_row][vc_column][vc_single_image image=&#8221;1057&#8243; img_size=&#8221;full&#8221; onclick=&#8221;custom_link&#8221; image_hovers=&#8221;false&#8221; el_class=&#8221;logo-bildmarke&#8221; link=&#8221;\/&#8221;][\/vc_column][\/vc_row][\/vc_section][vc_row][vc_column][vc_column_text] FILOZOFIA NASZEJ FIRMY [\/vc_column_text][\/vc_column][\/vc_row][vc_row][vc_column width=&#8221;1\/2&#8243; el_class=&#8221;text&#8221;][vc_column_text]Anhalt &#8211; nazwa ta oznacza tradycj\u0119, nowoczesno\u015b\u0107 i przysz\u0142o\u015b\u0107. Nasz sukces i nasza konsekwencja s\u0105 definiowane przez nasze zorientowane na cel i odpowiedzialne dzia\u0142ania oraz ci\u0105g\u0142e d\u0105\u017cenie do Jako\u015bci-1A. W naszej firmie ka\u017cdy jest cz\u0119\u015bci\u0105 wielkiej rodziny. \u017byczliwo\u015b\u0107, bezpiecze\u0144stwo&hellip;\" \/>\n<meta property=\"og:url\" content=\"https:\/\/anhalt.de\/pl\/firma\/nasze-zasady\" \/>\n<meta property=\"og:site_name\" content=\"Anhalt Logistics GmbH &amp; Co. KG\" \/>\n<meta property=\"article:publisher\" content=\"https:\/\/www.facebook.com\/AnhaltLogistics\" \/>\n<meta property=\"article:modified_time\" content=\"2023-08-03T06:35:39+00:00\" \/>\n<meta name=\"twitter:card\" content=\"summary_large_image\" \/>\n<meta name=\"twitter:label1\" content=\"Szacowany czas czytania\" \/>\n\t<meta name=\"twitter:data1\" content=\"2 minuty\" \/>\n<script type=\"application\/ld+json\" class=\"yoast-schema-graph\">{\"@context\":\"https:\\\/\\\/schema.org\",\"@graph\":[{\"@type\":\"WebPage\",\"@id\":\"https:\\\/\\\/anhalt.de\\\/pl\\\/firma\\\/nasze-zasady\",\"url\":\"https:\\\/\\\/anhalt.de\\\/pl\\\/firma\\\/nasze-zasady\",\"name\":\"Nasze warto\u015bci - Anhalt Logistics GmbH &amp; Co. KG\",\"isPartOf\":{\"@id\":\"https:\\\/\\\/anhalt.de\\\/pl#website\"},\"datePublished\":\"2023-02-20T13:19:03+00:00\",\"dateModified\":\"2023-08-03T06:35:39+00:00\",\"breadcrumb\":{\"@id\":\"https:\\\/\\\/anhalt.de\\\/pl\\\/firma\\\/nasze-zasady#breadcrumb\"},\"inLanguage\":\"pl-PL\",\"potentialAction\":[{\"@type\":\"ReadAction\",\"target\":[\"https:\\\/\\\/anhalt.de\\\/pl\\\/firma\\\/nasze-zasady\"]}]},{\"@type\":\"BreadcrumbList\",\"@id\":\"https:\\\/\\\/anhalt.de\\\/pl\\\/firma\\\/nasze-zasady#breadcrumb\",\"itemListElement\":[{\"@type\":\"ListItem\",\"position\":1,\"name\":\"Startseite\",\"item\":\"https:\\\/\\\/anhalt.de\\\/pl\"},{\"@type\":\"ListItem\",\"position\":2,\"name\":\"Firma\",\"item\":\"https:\\\/\\\/anhalt.de\\\/pl\\\/firma\"},{\"@type\":\"ListItem\",\"position\":3,\"name\":\"Nasze warto\u015bci\"}]},{\"@type\":\"WebSite\",\"@id\":\"https:\\\/\\\/anhalt.de\\\/pl#website\",\"url\":\"https:\\\/\\\/anhalt.de\\\/pl\",\"name\":\"Anhalt Logistics GmbH & Co. KG\",\"description\":\"\",\"publisher\":{\"@id\":\"https:\\\/\\\/anhalt.de\\\/pl#organization\"},\"potentialAction\":[{\"@type\":\"SearchAction\",\"target\":{\"@type\":\"EntryPoint\",\"urlTemplate\":\"https:\\\/\\\/anhalt.de\\\/pl?s={search_term_string}\"},\"query-input\":{\"@type\":\"PropertyValueSpecification\",\"valueRequired\":true,\"valueName\":\"search_term_string\"}}],\"inLanguage\":\"pl-PL\"},{\"@type\":\"Organization\",\"@id\":\"https:\\\/\\\/anhalt.de\\\/pl#organization\",\"name\":\"Anhalt Logistics GmbH & Co. KG\",\"url\":\"https:\\\/\\\/anhalt.de\\\/pl\",\"logo\":{\"@type\":\"ImageObject\",\"inLanguage\":\"pl-PL\",\"@id\":\"https:\\\/\\\/anhalt.de\\\/pl#\\\/schema\\\/logo\\\/image\\\/\",\"url\":\"https:\\\/\\\/anhalt.de\\\/wp-content\\\/uploads\\\/AnhaltLogistics_Logo20170228_RGB.svg\",\"contentUrl\":\"https:\\\/\\\/anhalt.de\\\/wp-content\\\/uploads\\\/AnhaltLogistics_Logo20170228_RGB.svg\",\"width\":737,\"height\":283,\"caption\":\"Anhalt Logistics GmbH & Co. KG\"},\"image\":{\"@id\":\"https:\\\/\\\/anhalt.de\\\/pl#\\\/schema\\\/logo\\\/image\\\/\"},\"sameAs\":[\"https:\\\/\\\/www.facebook.com\\\/AnhaltLogistics\",\"https:\\\/\\\/www.instagram.com\\\/anhaltlogistics\",\"https:\\\/\\\/www.linkedin.com\\\/company\\\/anhalt-logistics\"]}]}<\/script>\n<!-- \/ Yoast SEO plugin. -->","yoast_head_json":{"title":"Nasze warto\u015bci - Anhalt Logistics GmbH &amp; Co. KG","robots":{"index":"index","follow":"follow","max-snippet":"max-snippet:-1","max-image-preview":"max-image-preview:large","max-video-preview":"max-video-preview:-1"},"canonical":"https:\/\/anhalt.de\/pl\/firma\/nasze-zasady","og_locale":"pl_PL","og_type":"article","og_title":"Nasze warto\u015bci - Anhalt Logistics GmbH &amp; Co. KG","og_description":"[vc_section el_id=&#8221;header-home&#8221; el_class=&#8221;headerbereich&#8221;][vc_row full_width=&#8221;stretch_row_content_no_spaces&#8221;][vc_column][\/vc_column][\/vc_row][\/vc_section][vc_section el_id=&#8221;home-willkommen&#8221;][vc_row][vc_column][vc_single_image image=&#8221;1057&#8243; img_size=&#8221;full&#8221; onclick=&#8221;custom_link&#8221; image_hovers=&#8221;false&#8221; el_class=&#8221;logo-bildmarke&#8221; link=&#8221;\/&#8221;][\/vc_column][\/vc_row][\/vc_section][vc_row][vc_column][vc_column_text] FILOZOFIA NASZEJ FIRMY [\/vc_column_text][\/vc_column][\/vc_row][vc_row][vc_column width=&#8221;1\/2&#8243; el_class=&#8221;text&#8221;][vc_column_text]Anhalt &#8211; nazwa ta oznacza tradycj\u0119, nowoczesno\u015b\u0107 i przysz\u0142o\u015b\u0107. Nasz sukces i nasza konsekwencja s\u0105 definiowane przez nasze zorientowane na cel i odpowiedzialne dzia\u0142ania oraz ci\u0105g\u0142e d\u0105\u017cenie do Jako\u015bci-1A. W naszej firmie ka\u017cdy jest cz\u0119\u015bci\u0105 wielkiej rodziny. \u017byczliwo\u015b\u0107, bezpiecze\u0144stwo&hellip;","og_url":"https:\/\/anhalt.de\/pl\/firma\/nasze-zasady","og_site_name":"Anhalt Logistics GmbH &amp; Co. KG","article_publisher":"https:\/\/www.facebook.com\/AnhaltLogistics","article_modified_time":"2023-08-03T06:35:39+00:00","twitter_card":"summary_large_image","twitter_misc":{"Szacowany czas czytania":"2 minuty"},"schema":{"@context":"https:\/\/schema.org","@graph":[{"@type":"WebPage","@id":"https:\/\/anhalt.de\/pl\/firma\/nasze-zasady","url":"https:\/\/anhalt.de\/pl\/firma\/nasze-zasady","name":"Nasze warto\u015bci - Anhalt Logistics GmbH &amp; Co. KG","isPartOf":{"@id":"https:\/\/anhalt.de\/pl#website"},"datePublished":"2023-02-20T13:19:03+00:00","dateModified":"2023-08-03T06:35:39+00:00","breadcrumb":{"@id":"https:\/\/anhalt.de\/pl\/firma\/nasze-zasady#breadcrumb"},"inLanguage":"pl-PL","potentialAction":[{"@type":"ReadAction","target":["https:\/\/anhalt.de\/pl\/firma\/nasze-zasady"]}]},{"@type":"BreadcrumbList","@id":"https:\/\/anhalt.de\/pl\/firma\/nasze-zasady#breadcrumb","itemListElement":[{"@type":"ListItem","position":1,"name":"Startseite","item":"https:\/\/anhalt.de\/pl"},{"@type":"ListItem","position":2,"name":"Firma","item":"https:\/\/anhalt.de\/pl\/firma"},{"@type":"ListItem","position":3,"name":"Nasze warto\u015bci"}]},{"@type":"WebSite","@id":"https:\/\/anhalt.de\/pl#website","url":"https:\/\/anhalt.de\/pl","name":"Anhalt Logistics GmbH & Co. KG","description":"","publisher":{"@id":"https:\/\/anhalt.de\/pl#organization"},"potentialAction":[{"@type":"SearchAction","target":{"@type":"EntryPoint","urlTemplate":"https:\/\/anhalt.de\/pl?s={search_term_string}"},"query-input":{"@type":"PropertyValueSpecification","valueRequired":true,"valueName":"search_term_string"}}],"inLanguage":"pl-PL"},{"@type":"Organization","@id":"https:\/\/anhalt.de\/pl#organization","name":"Anhalt Logistics GmbH & Co. KG","url":"https:\/\/anhalt.de\/pl","logo":{"@type":"ImageObject","inLanguage":"pl-PL","@id":"https:\/\/anhalt.de\/pl#\/schema\/logo\/image\/","url":"https:\/\/anhalt.de\/wp-content\/uploads\/AnhaltLogistics_Logo20170228_RGB.svg","contentUrl":"https:\/\/anhalt.de\/wp-content\/uploads\/AnhaltLogistics_Logo20170228_RGB.svg","width":737,"height":283,"caption":"Anhalt Logistics GmbH & Co. KG"},"image":{"@id":"https:\/\/anhalt.de\/pl#\/schema\/logo\/image\/"},"sameAs":["https:\/\/www.facebook.com\/AnhaltLogistics","https:\/\/www.instagram.com\/anhaltlogistics","https:\/\/www.linkedin.com\/company\/anhalt-logistics"]}]}},"_links":{"self":[{"href":"https:\/\/anhalt.de\/pl\/wp-json\/wp\/v2\/pages\/1645","targetHints":{"allow":["GET"]}}],"collection":[{"href":"https:\/\/anhalt.de\/pl\/wp-json\/wp\/v2\/pages"}],"about":[{"href":"https:\/\/anhalt.de\/pl\/wp-json\/wp\/v2\/types\/page"}],"author":[{"embeddable":true,"href":"https:\/\/anhalt.de\/pl\/wp-json\/wp\/v2\/users\/1"}],"replies":[{"embeddable":true,"href":"https:\/\/anhalt.de\/pl\/wp-json\/wp\/v2\/comments?post=1645"}],"version-history":[{"count":6,"href":"https:\/\/anhalt.de\/pl\/wp-json\/wp\/v2\/pages\/1645\/revisions"}],"predecessor-version":[{"id":3426,"href":"https:\/\/anhalt.de\/pl\/wp-json\/wp\/v2\/pages\/1645\/revisions\/3426"}],"up":[{"embeddable":true,"href":"https:\/\/anhalt.de\/pl\/wp-json\/wp\/v2\/pages\/1505"}],"wp:attachment":[{"href":"https:\/\/anhalt.de\/pl\/wp-json\/wp\/v2\/media?parent=1645"}],"curies":[{"name":"wp","href":"https:\/\/api.w.org\/{rel}","templated":true}]}}