{"id":1653,"date":"2023-02-20T14:19:53","date_gmt":"2023-02-20T13:19:53","guid":{"rendered":"https:\/\/anhalt.de\/firma\/our-milestones"},"modified":"2023-11-10T10:41:00","modified_gmt":"2023-11-10T09:41:00","slug":"nasze-kamienie-milowe","status":"publish","type":"page","link":"https:\/\/anhalt.de\/pl\/firma\/nasze-kamienie-milowe","title":{"rendered":"Nasze kamienie milowe"},"content":{"rendered":"<div class=\"wpb-content-wrapper\"><p>[vc_section el_id=&#8221;header-home&#8221; el_class=&#8221;headerbereich&#8221;][vc_row full_width=&#8221;stretch_row_content_no_spaces&#8221;][vc_column]<div id=\"ult-carousel-23478809269dd3b03552d4\" class=\"ult-carousel-wrapper   ult_horizontal\" data-gutter=\"0\" data-rtl=\"false\" ><div class=\"ult-carousel-41340119269dd3b03550ef \" >[vc_row_inner el_class=&#8221;slider-row&#8221; css=&#8221;.vc_custom_1691046485246{background-image: url(https:\/\/anhalt.de\/wp-content\/uploads\/2019-04-17_093155_cGWF__A703382_Repro_HS22_Koehler-Siloaufbaumax2500px_Q80.jpg?id=3242) !important;}&#8221;][vc_column_inner width=&#8221;1\/2&#8243;][vc_column_text el_class=&#8221;slider-text&#8221;]<\/p>\n<h2>TRADYCJA &amp; ROZW\u00d3J<\/h2>\n<p>[\/vc_column_text][\/vc_column_inner][vc_column_inner width=&#8221;1\/2&#8243;][\/vc_column_inner][\/vc_row_inner]<\/div><\/div>\t\t\t<script type=\"text\/javascript\">\n\t\t\t\tjQuery(document).ready(function ($) {\n\t\t\t\t\tif( typeof jQuery('.ult-carousel-41340119269dd3b03550ef').slick == \"function\"){\n\t\t\t\t\t\t$('.ult-carousel-41340119269dd3b03550ef').slick({dots: true,autoplay: true,autoplaySpeed: \"5000\",speed: \"300\",infinite: true,arrows: false,slidesToScroll:1,slidesToShow:1,swipe: true,draggable: true,touchMove: true,pauseOnHover: true,pauseOnFocus: false,responsive: [\n\t\t\t\t\t\t\t{\n\t\t\t\t\t\t\t  breakpoint: 1026,\n\t\t\t\t\t\t\t  settings: {\n\t\t\t\t\t\t\t\tslidesToShow: 1,\n\t\t\t\t\t\t\t\tslidesToScroll: 1,  \n\t\t\t\t\t\t\t  }\n\t\t\t\t\t\t\t},\n\t\t\t\t\t\t\t{\n\t\t\t\t\t\t\t  breakpoint: 1025,\n\t\t\t\t\t\t\t  settings: {\n\t\t\t\t\t\t\t\tslidesToShow: 1,\n\t\t\t\t\t\t\t\tslidesToScroll: 1\n\t\t\t\t\t\t\t  }\n\t\t\t\t\t\t\t},\n\t\t\t\t\t\t\t{\n\t\t\t\t\t\t\t  breakpoint: 760,\n\t\t\t\t\t\t\t  settings: {\n\t\t\t\t\t\t\t\tslidesToShow: 1,\n\t\t\t\t\t\t\t\tslidesToScroll: 1\n\t\t\t\t\t\t\t  }\n\t\t\t\t\t\t\t}\n\t\t\t\t\t\t],pauseOnDotsHover: true,customPaging: function(slider, i) {\n                   return '<i type=\"button\" style= \"color:#ffffff;\" class=\"ultsl-record\" data-role=\"none\"><\/i>';\n                },});\n\t\t\t\t\t}\n\t\t\t\t});\n\t\t\t<\/script>\n\t\t\t[\/vc_column][\/vc_row][\/vc_section][vc_section el_id=&#8221;home-willkommen&#8221;][vc_row][vc_column][vc_single_image image=&#8221;1057&#8243; img_size=&#8221;full&#8221; onclick=&#8221;custom_link&#8221; image_hovers=&#8221;false&#8221; el_class=&#8221;logo-bildmarke&#8221; link=&#8221;\/&#8221;][\/vc_column][\/vc_row][\/vc_section][vc_row][vc_column][vc_column_text]<\/p>\n<h1>NASZE KAMIENIE MILOWE<\/h1>\n<p>[\/vc_column_text][\/vc_column][\/vc_row][vc_row][vc_column width=&#8221;1\/2&#8243;][vc_column_text]Firma Anhalt Logistics posiada wieloletni\u0105 tradycj\u0119 i histori\u0119 w bran\u017cy logistycznej. Pocz\u0105wszy od za\u0142o\u017cenia firmy w 1969 roku, z powodzeniem \u0142\u0105czymy tradycj\u0119 z post\u0119pem. Zawsze koncentrujemy si\u0119 na pasji do naszej pracy i zadowoleniu naszych klient\u00f3w.[\/vc_column_text][\/vc_column][vc_column width=&#8221;1\/2&#8243;][vc_column_text]W ci\u0105gu ostatnich dziesi\u0119cioleci osi\u0105gn\u0119li\u015bmy wiele kamieni milowych. Dzisiaj jeste\u015bmy dumni z naszej historii i tego, co wsp\u00f3lnie osi\u0105gn\u0119li\u015bmy. Zawsze jednak pozostajemy otwarci na nowe rozwi\u0105zania i technologie.[\/vc_column_text][\/vc_column][\/vc_row][vc_row el_id=&#8221;History&#8221;][vc_column][vc_raw_html el_id=&#8221;HistoryTarget&#8221;]JTNDZGl2JTIwY2xhc3MlM0QlMjJpbm5lci13cmFwJTIyJTNFJTNDJTJGZGl2JTNF[\/vc_raw_html][vc_row_inner el_class=&#8221;history-row feature-1&#8243;][vc_column_inner][vc_column_text]<\/p>\n<h3>1969<\/h3>\n<p>Za\u0142o\u017cenie Spedition Horst Anhalt[\/vc_column_text][\/vc_column_inner][\/vc_row_inner][vc_row_inner el_class=&#8221;history-row&#8221;][vc_column_inner][vc_column_text]<\/p>\n<h3>1983<\/h3>\n<p>Zakup pierwszych ci\u0119\u017car\u00f3wek i rozpocz\u0119cie transport\u00f3w na terenie Europy[\/vc_column_text][\/vc_column_inner][\/vc_row_inner][vc_row_inner el_class=&#8221;history-row&#8221;][vc_column_inner][vc_column_text]<\/p>\n<h3>2000<\/h3>\n<p>Budowa i otwarcie budynku biurowego w Rehm-Flehde-Bargen[\/vc_column_text][\/vc_column_inner][\/vc_row_inner][vc_row_inner el_class=&#8221;history-row&#8221;][vc_column_inner][vc_column_text]<\/p>\n<h3>2001<\/h3>\n<p>Otwarcie oddzia\u0142u w Duisburgu[\/vc_column_text][vc_single_image image=&#8221;665&#8243; img_size=&#8221;medium&#8221; onclick=&#8221;zoom&#8221; image_hovers=&#8221;false&#8221;][\/vc_column_inner][\/vc_row_inner][vc_row_inner el_class=&#8221;history-row&#8221;][vc_column_inner][vc_column_text]<\/p>\n<h3>2005<\/h3>\n<p>Otwarcie oddzia\u0142u Hamburg-Hausbruch[\/vc_column_text][vc_single_image image=&#8221;635&#8243; img_size=&#8221;medium&#8221; onclick=&#8221;zoom&#8221; image_hovers=&#8221;false&#8221;][\/vc_column_inner][\/vc_row_inner][vc_row_inner el_class=&#8221;history-row&#8221;][vc_column_inner][vc_column_text]<\/p>\n<h3>2005<\/h3>\n<p>Przekazanie firmy przez Horsta i Gudrun Anhalt synom Thiesowi i Heino[\/vc_column_text][\/vc_column_inner][\/vc_row_inner][vc_row_inner el_class=&#8221;history-row&#8221;][vc_column_inner][vc_column_text]<\/p>\n<h3>2013<\/h3>\n<p>Otwarcie oddzia\u0142u Hamburg-Waltershof[\/vc_column_text][vc_single_image image=&#8221;641&#8243; img_size=&#8221;medium&#8221; onclick=&#8221;zoom&#8221; image_hovers=&#8221;false&#8221;][\/vc_column_inner][\/vc_row_inner][vc_row_inner el_class=&#8221;history-row&#8221;][vc_column_inner][vc_column_text]<\/p>\n<h3>2018<\/h3>\n<p>Utworzenie wsp\u00f3lnego przedsi\u0119biorstwa TRD (Tankreinigung Dollbergen)[\/vc_column_text][vc_single_image image=&#8221;659&#8243; img_size=&#8221;medium&#8221; onclick=&#8221;zoom&#8221; image_hovers=&#8221;false&#8221;][\/vc_column_inner][\/vc_row_inner][vc_row_inner el_class=&#8221;history-row feature-2&#8243;][vc_column_inner][vc_column_text]<\/p>\n<h3>2019<\/h3>\n<p>50-lecie firmy[\/vc_column_text][\/vc_column_inner][\/vc_row_inner][vc_row_inner el_class=&#8221;history-row&#8221;][vc_column_inner][vc_column_text]<\/p>\n<h3>2020<\/h3>\n<p>Otwarcie oddzia\u0142u w Mannheim[\/vc_column_text][vc_single_image image=&#8221;647&#8243; img_size=&#8221;medium&#8221; onclick=&#8221;zoom&#8221; image_hovers=&#8221;false&#8221;][\/vc_column_inner][\/vc_row_inner][\/vc_column][\/vc_row]<\/p>\n<\/div>","protected":false},"excerpt":{"rendered":"<p>[vc_section el_id=&#8221;header-home&#8221; el_class=&#8221;headerbereich&#8221;][vc_row full_width=&#8221;stretch_row_content_no_spaces&#8221;][vc_column][\/vc_column][\/vc_row][\/vc_section][vc_section el_id=&#8221;home-willkommen&#8221;][vc_row][vc_column][vc_single_image image=&#8221;1057&#8243; img_size=&#8221;full&#8221; onclick=&#8221;custom_link&#8221; image_hovers=&#8221;false&#8221; el_class=&#8221;logo-bildmarke&#8221; link=&#8221;\/&#8221;][\/vc_column][\/vc_row][\/vc_section][vc_row][vc_column][vc_column_text] NASZE KAMIENIE MILOWE [\/vc_column_text][\/vc_column][\/vc_row][vc_row][vc_column width=&#8221;1\/2&#8243;][vc_column_text]Firma Anhalt Logistics posiada wieloletni\u0105 tradycj\u0119 i histori\u0119 w bran\u017cy logistycznej. Pocz\u0105wszy od za\u0142o\u017cenia firmy w 1969 roku, z powodzeniem \u0142\u0105czymy tradycj\u0119 z post\u0119pem. Zawsze koncentrujemy si\u0119 na pasji do naszej pracy i zadowoleniu naszych klient\u00f3w.[\/vc_column_text][\/vc_column][vc_column width=&#8221;1\/2&#8243;][vc_column_text]W ci\u0105gu ostatnich dziesi\u0119cioleci&hellip;<\/p>\n","protected":false},"author":1,"featured_media":0,"parent":1505,"menu_order":2,"comment_status":"closed","ping_status":"closed","template":"","meta":{"_acf_changed":false,"_custom_body_class":"","_custom_post_class":"","footnotes":""},"class_list":["post-1653","page","type-page","status-publish","hentry","description-off"],"acf":[],"yoast_head":"<!-- This site is optimized with the Yoast SEO plugin v27.3 - https:\/\/yoast.com\/product\/yoast-seo-wordpress\/ -->\n<title>Nasze kamienie milowe - Anhalt Logistics GmbH &amp; Co. KG<\/title>\n<meta name=\"description\" content=\"Heute sind wir stolz auf unsere Geschichte und auf das, was wir gemeinsam erreicht haben. Und doch bleiben wir stets offen f\u00fcr neue Entwicklungen und Technologien.\" \/>\n<meta name=\"robots\" content=\"index, follow, max-snippet:-1, max-image-preview:large, max-video-preview:-1\" \/>\n<link rel=\"canonical\" href=\"https:\/\/anhalt.de\/pl\/firma\/nasze-kamienie-milowe\" \/>\n<meta property=\"og:locale\" content=\"pl_PL\" \/>\n<meta property=\"og:type\" content=\"article\" \/>\n<meta property=\"og:title\" content=\"Nasze kamienie milowe - Anhalt Logistics GmbH &amp; Co. KG\" \/>\n<meta property=\"og:description\" content=\"Heute sind wir stolz auf unsere Geschichte und auf das, was wir gemeinsam erreicht haben. Und doch bleiben wir stets offen f\u00fcr neue Entwicklungen und Technologien.\" \/>\n<meta property=\"og:url\" content=\"https:\/\/anhalt.de\/pl\/firma\/nasze-kamienie-milowe\" \/>\n<meta property=\"og:site_name\" content=\"Anhalt Logistics GmbH &amp; Co. KG\" \/>\n<meta property=\"article:publisher\" content=\"https:\/\/www.facebook.com\/AnhaltLogistics\" \/>\n<meta property=\"article:modified_time\" content=\"2023-11-10T09:41:00+00:00\" \/>\n<meta name=\"twitter:card\" content=\"summary_large_image\" \/>\n<meta name=\"twitter:label1\" content=\"Szacowany czas czytania\" \/>\n\t<meta name=\"twitter:data1\" content=\"2 minuty\" \/>\n<script type=\"application\/ld+json\" class=\"yoast-schema-graph\">{\"@context\":\"https:\\\/\\\/schema.org\",\"@graph\":[{\"@type\":\"WebPage\",\"@id\":\"https:\\\/\\\/anhalt.de\\\/pl\\\/firma\\\/nasze-kamienie-milowe\",\"url\":\"https:\\\/\\\/anhalt.de\\\/pl\\\/firma\\\/nasze-kamienie-milowe\",\"name\":\"Nasze kamienie milowe - Anhalt Logistics GmbH &amp; Co. KG\",\"isPartOf\":{\"@id\":\"https:\\\/\\\/anhalt.de\\\/pl#website\"},\"datePublished\":\"2023-02-20T13:19:53+00:00\",\"dateModified\":\"2023-11-10T09:41:00+00:00\",\"description\":\"Heute sind wir stolz auf unsere Geschichte und auf das, was wir gemeinsam erreicht haben. Und doch bleiben wir stets offen f\u00fcr neue Entwicklungen und Technologien.\",\"breadcrumb\":{\"@id\":\"https:\\\/\\\/anhalt.de\\\/pl\\\/firma\\\/nasze-kamienie-milowe#breadcrumb\"},\"inLanguage\":\"pl-PL\",\"potentialAction\":[{\"@type\":\"ReadAction\",\"target\":[\"https:\\\/\\\/anhalt.de\\\/pl\\\/firma\\\/nasze-kamienie-milowe\"]}]},{\"@type\":\"BreadcrumbList\",\"@id\":\"https:\\\/\\\/anhalt.de\\\/pl\\\/firma\\\/nasze-kamienie-milowe#breadcrumb\",\"itemListElement\":[{\"@type\":\"ListItem\",\"position\":1,\"name\":\"Startseite\",\"item\":\"https:\\\/\\\/anhalt.de\\\/pl\"},{\"@type\":\"ListItem\",\"position\":2,\"name\":\"Firma\",\"item\":\"https:\\\/\\\/anhalt.de\\\/pl\\\/firma\"},{\"@type\":\"ListItem\",\"position\":3,\"name\":\"Nasze kamienie milowe\"}]},{\"@type\":\"WebSite\",\"@id\":\"https:\\\/\\\/anhalt.de\\\/pl#website\",\"url\":\"https:\\\/\\\/anhalt.de\\\/pl\",\"name\":\"Anhalt Logistics GmbH & Co. KG\",\"description\":\"\",\"publisher\":{\"@id\":\"https:\\\/\\\/anhalt.de\\\/pl#organization\"},\"potentialAction\":[{\"@type\":\"SearchAction\",\"target\":{\"@type\":\"EntryPoint\",\"urlTemplate\":\"https:\\\/\\\/anhalt.de\\\/pl?s={search_term_string}\"},\"query-input\":{\"@type\":\"PropertyValueSpecification\",\"valueRequired\":true,\"valueName\":\"search_term_string\"}}],\"inLanguage\":\"pl-PL\"},{\"@type\":\"Organization\",\"@id\":\"https:\\\/\\\/anhalt.de\\\/pl#organization\",\"name\":\"Anhalt Logistics GmbH & Co. KG\",\"url\":\"https:\\\/\\\/anhalt.de\\\/pl\",\"logo\":{\"@type\":\"ImageObject\",\"inLanguage\":\"pl-PL\",\"@id\":\"https:\\\/\\\/anhalt.de\\\/pl#\\\/schema\\\/logo\\\/image\\\/\",\"url\":\"https:\\\/\\\/anhalt.de\\\/wp-content\\\/uploads\\\/AnhaltLogistics_Logo20170228_RGB.svg\",\"contentUrl\":\"https:\\\/\\\/anhalt.de\\\/wp-content\\\/uploads\\\/AnhaltLogistics_Logo20170228_RGB.svg\",\"width\":737,\"height\":283,\"caption\":\"Anhalt Logistics GmbH & Co. KG\"},\"image\":{\"@id\":\"https:\\\/\\\/anhalt.de\\\/pl#\\\/schema\\\/logo\\\/image\\\/\"},\"sameAs\":[\"https:\\\/\\\/www.facebook.com\\\/AnhaltLogistics\",\"https:\\\/\\\/www.instagram.com\\\/anhaltlogistics\",\"https:\\\/\\\/www.linkedin.com\\\/company\\\/anhalt-logistics\"]}]}<\/script>\n<!-- \/ Yoast SEO plugin. -->","yoast_head_json":{"title":"Nasze kamienie milowe - Anhalt Logistics GmbH &amp; Co. KG","description":"Heute sind wir stolz auf unsere Geschichte und auf das, was wir gemeinsam erreicht haben. Und doch bleiben wir stets offen f\u00fcr neue Entwicklungen und Technologien.","robots":{"index":"index","follow":"follow","max-snippet":"max-snippet:-1","max-image-preview":"max-image-preview:large","max-video-preview":"max-video-preview:-1"},"canonical":"https:\/\/anhalt.de\/pl\/firma\/nasze-kamienie-milowe","og_locale":"pl_PL","og_type":"article","og_title":"Nasze kamienie milowe - Anhalt Logistics GmbH &amp; Co. KG","og_description":"Heute sind wir stolz auf unsere Geschichte und auf das, was wir gemeinsam erreicht haben. Und doch bleiben wir stets offen f\u00fcr neue Entwicklungen und Technologien.","og_url":"https:\/\/anhalt.de\/pl\/firma\/nasze-kamienie-milowe","og_site_name":"Anhalt Logistics GmbH &amp; Co. KG","article_publisher":"https:\/\/www.facebook.com\/AnhaltLogistics","article_modified_time":"2023-11-10T09:41:00+00:00","twitter_card":"summary_large_image","twitter_misc":{"Szacowany czas czytania":"2 minuty"},"schema":{"@context":"https:\/\/schema.org","@graph":[{"@type":"WebPage","@id":"https:\/\/anhalt.de\/pl\/firma\/nasze-kamienie-milowe","url":"https:\/\/anhalt.de\/pl\/firma\/nasze-kamienie-milowe","name":"Nasze kamienie milowe - Anhalt Logistics GmbH &amp; Co. KG","isPartOf":{"@id":"https:\/\/anhalt.de\/pl#website"},"datePublished":"2023-02-20T13:19:53+00:00","dateModified":"2023-11-10T09:41:00+00:00","description":"Heute sind wir stolz auf unsere Geschichte und auf das, was wir gemeinsam erreicht haben. Und doch bleiben wir stets offen f\u00fcr neue Entwicklungen und Technologien.","breadcrumb":{"@id":"https:\/\/anhalt.de\/pl\/firma\/nasze-kamienie-milowe#breadcrumb"},"inLanguage":"pl-PL","potentialAction":[{"@type":"ReadAction","target":["https:\/\/anhalt.de\/pl\/firma\/nasze-kamienie-milowe"]}]},{"@type":"BreadcrumbList","@id":"https:\/\/anhalt.de\/pl\/firma\/nasze-kamienie-milowe#breadcrumb","itemListElement":[{"@type":"ListItem","position":1,"name":"Startseite","item":"https:\/\/anhalt.de\/pl"},{"@type":"ListItem","position":2,"name":"Firma","item":"https:\/\/anhalt.de\/pl\/firma"},{"@type":"ListItem","position":3,"name":"Nasze kamienie milowe"}]},{"@type":"WebSite","@id":"https:\/\/anhalt.de\/pl#website","url":"https:\/\/anhalt.de\/pl","name":"Anhalt Logistics GmbH & Co. KG","description":"","publisher":{"@id":"https:\/\/anhalt.de\/pl#organization"},"potentialAction":[{"@type":"SearchAction","target":{"@type":"EntryPoint","urlTemplate":"https:\/\/anhalt.de\/pl?s={search_term_string}"},"query-input":{"@type":"PropertyValueSpecification","valueRequired":true,"valueName":"search_term_string"}}],"inLanguage":"pl-PL"},{"@type":"Organization","@id":"https:\/\/anhalt.de\/pl#organization","name":"Anhalt Logistics GmbH & Co. KG","url":"https:\/\/anhalt.de\/pl","logo":{"@type":"ImageObject","inLanguage":"pl-PL","@id":"https:\/\/anhalt.de\/pl#\/schema\/logo\/image\/","url":"https:\/\/anhalt.de\/wp-content\/uploads\/AnhaltLogistics_Logo20170228_RGB.svg","contentUrl":"https:\/\/anhalt.de\/wp-content\/uploads\/AnhaltLogistics_Logo20170228_RGB.svg","width":737,"height":283,"caption":"Anhalt Logistics GmbH & Co. KG"},"image":{"@id":"https:\/\/anhalt.de\/pl#\/schema\/logo\/image\/"},"sameAs":["https:\/\/www.facebook.com\/AnhaltLogistics","https:\/\/www.instagram.com\/anhaltlogistics","https:\/\/www.linkedin.com\/company\/anhalt-logistics"]}]}},"_links":{"self":[{"href":"https:\/\/anhalt.de\/pl\/wp-json\/wp\/v2\/pages\/1653","targetHints":{"allow":["GET"]}}],"collection":[{"href":"https:\/\/anhalt.de\/pl\/wp-json\/wp\/v2\/pages"}],"about":[{"href":"https:\/\/anhalt.de\/pl\/wp-json\/wp\/v2\/types\/page"}],"author":[{"embeddable":true,"href":"https:\/\/anhalt.de\/pl\/wp-json\/wp\/v2\/users\/1"}],"replies":[{"embeddable":true,"href":"https:\/\/anhalt.de\/pl\/wp-json\/wp\/v2\/comments?post=1653"}],"version-history":[{"count":6,"href":"https:\/\/anhalt.de\/pl\/wp-json\/wp\/v2\/pages\/1653\/revisions"}],"predecessor-version":[{"id":3579,"href":"https:\/\/anhalt.de\/pl\/wp-json\/wp\/v2\/pages\/1653\/revisions\/3579"}],"up":[{"embeddable":true,"href":"https:\/\/anhalt.de\/pl\/wp-json\/wp\/v2\/pages\/1505"}],"wp:attachment":[{"href":"https:\/\/anhalt.de\/pl\/wp-json\/wp\/v2\/media?parent=1653"}],"curies":[{"name":"wp","href":"https:\/\/api.w.org\/{rel}","templated":true}]}}