{"id":1664,"date":"2023-02-20T14:19:27","date_gmt":"2023-02-20T13:19:27","guid":{"rendered":"https:\/\/anhalt.de\/firma\/our-locations"},"modified":"2025-09-03T11:04:38","modified_gmt":"2025-09-03T09:04:38","slug":"nasze-oddzialy","status":"publish","type":"page","link":"https:\/\/anhalt.de\/pl\/firma\/nasze-oddzialy","title":{"rendered":"Nasze oddzia\u0142y"},"content":{"rendered":"<div class=\"wpb-content-wrapper\"><p>[vc_section el_id=&#8221;header-home&#8221; el_class=&#8221;headerbereich&#8221;][vc_row full_width=&#8221;stretch_row_content_no_spaces&#8221;][vc_column]<div id=\"ult-carousel-305660161969dec9c7a766e\" class=\"ult-carousel-wrapper   ult_horizontal\" data-gutter=\"0\" data-rtl=\"false\" ><div class=\"ult-carousel-214482696869dec9c7a7458 \" >[vc_row_inner el_class=&#8221;slider-row&#8221; css=&#8221;.vc_custom_1683039417051{background-image: url(https:\/\/anhalt.de\/wp-content\/uploads\/Willkommen-7173.jpg?id=2667) !important;}&#8221;][vc_column_inner width=&#8221;1\/2&#8243;][vc_column_text el_class=&#8221;slider-text&#8221;]<\/p>\n<h2>Nasze oddzia\u0142y<\/h2>\n<p>[\/vc_column_text][\/vc_column_inner][vc_column_inner width=&#8221;1\/2&#8243;][\/vc_column_inner][\/vc_row_inner]<\/div><\/div>\t\t\t<script type=\"text\/javascript\">\n\t\t\t\tjQuery(document).ready(function ($) {\n\t\t\t\t\tif( typeof jQuery('.ult-carousel-214482696869dec9c7a7458').slick == \"function\"){\n\t\t\t\t\t\t$('.ult-carousel-214482696869dec9c7a7458').slick({dots: true,autoplay: true,autoplaySpeed: \"5000\",speed: \"300\",infinite: true,arrows: false,slidesToScroll:1,slidesToShow:1,swipe: true,draggable: true,touchMove: true,pauseOnHover: true,pauseOnFocus: false,responsive: [\n\t\t\t\t\t\t\t{\n\t\t\t\t\t\t\t  breakpoint: 1026,\n\t\t\t\t\t\t\t  settings: {\n\t\t\t\t\t\t\t\tslidesToShow: 1,\n\t\t\t\t\t\t\t\tslidesToScroll: 1,  \n\t\t\t\t\t\t\t  }\n\t\t\t\t\t\t\t},\n\t\t\t\t\t\t\t{\n\t\t\t\t\t\t\t  breakpoint: 1025,\n\t\t\t\t\t\t\t  settings: {\n\t\t\t\t\t\t\t\tslidesToShow: 1,\n\t\t\t\t\t\t\t\tslidesToScroll: 1\n\t\t\t\t\t\t\t  }\n\t\t\t\t\t\t\t},\n\t\t\t\t\t\t\t{\n\t\t\t\t\t\t\t  breakpoint: 760,\n\t\t\t\t\t\t\t  settings: {\n\t\t\t\t\t\t\t\tslidesToShow: 1,\n\t\t\t\t\t\t\t\tslidesToScroll: 1\n\t\t\t\t\t\t\t  }\n\t\t\t\t\t\t\t}\n\t\t\t\t\t\t],pauseOnDotsHover: true,customPaging: function(slider, i) {\n                   return '<i type=\"button\" style= \"color:#ffffff;\" class=\"ultsl-record\" data-role=\"none\"><\/i>';\n                },});\n\t\t\t\t\t}\n\t\t\t\t});\n\t\t\t<\/script>\n\t\t\t[\/vc_column][\/vc_row][\/vc_section][vc_section el_id=&#8221;home-willkommen&#8221;][vc_row][vc_column][vc_single_image image=&#8221;1057&#8243; img_size=&#8221;full&#8221; onclick=&#8221;custom_link&#8221; image_hovers=&#8221;false&#8221; el_class=&#8221;logo-bildmarke&#8221; link=&#8221;\/&#8221;][\/vc_column][\/vc_row][\/vc_section][vc_row][vc_column][vc_column_text]<\/p>\n<h1>Nasze oddzia\u0142y<\/h1>\n<h4>Niezale\u017cnie od tego, gdzie nas potrzebujesz &#8211; jeste\u015bmy tam dla Ciebie.<\/h4>\n<p>[\/vc_column_text][\/vc_column][\/vc_row][vc_row][vc_column width=&#8221;1\/2&#8243;][vc_column_text]Dzi\u0119ki naszym 6 oddzia\u0142om nasza sie\u0107 logistyczna obejmuje ca\u0142e Niemcy.<\/p>\n<p>Nasza g\u0142\u00f3wna siedziba znajduje si\u0119 w Rehm-Flehde-Bargen w sercu Schleswig-Holstein. Z tego miejsca prowadzona jest znaczna cz\u0119\u015b\u0107 naszej dzia\u0142alno\u015bci.[\/vc_column_text][\/vc_column][vc_column width=&#8221;1\/2&#8243;][vc_column_text]Wraz z naszymi pozosta\u0142ymi oddzia\u0142ami jeste\u015bmy w stanie odpowiedzie\u0107 na Pa\u0144stwa indywidualne potrzeby z du\u017c\u0105 elastyczno\u015bci\u0105 i fachowo\u015bci\u0105.[\/vc_column_text][\/vc_column][\/vc_row][vc_section el_id=&#8221;standorte-map&#8221;][vc_row][vc_column][vc_raw_html css=&#8221;&#8221;]JTVCZGlzcGxheS1tYXAlMjBpZCUzRCUyNzM3ODAlMjclNUQ=[\/vc_raw_html][\/vc_column][\/vc_row][vc_row full_width=&#8221;stretch_row&#8221; el_class=&#8221;bg-lightgrey&#8221; css=&#8221;.vc_custom_1681307696473{padding-top: 50px !important;}&#8221;][vc_column][vc_column_text]<\/p>\n<h2>PRZEGL\u0104D NASZYCH LOKALIZACJI<\/h2>\n<p>[\/vc_column_text][\/vc_column][\/vc_row][vc_row full_width=&#8221;stretch_row&#8221; gap=&#8221;20&#8243; equal_height=&#8221;yes&#8221; el_class=&#8221;bg-lightgrey&#8221; css=&#8221;.vc_custom_1681381885270{padding-top: 50px !important;}&#8221;][vc_column width=&#8221;1\/3&#8243; el_class=&#8221;bild&#8221; css=&#8221;.vc_custom_1681307329393{background-color: #ffffff !important;}&#8221;][vc_single_image image=&#8221;651&#8243; img_size=&#8221;medium&#8221; image_hovers=&#8221;false&#8221;][vc_column_text css=&#8221;&#8221; el_class=&#8221;deko-h3 standort&#8221;]<\/p>\n<h3>Rehm-Flehde-Bargen<\/h3>\n<p>Tannenweg 1<br \/>\n25776 Rehm-Flehde-Bargen<\/p>\n<p>Telefon: <a href=\"tel:+4948825900\">04882 590-0<\/a><br \/>\nE-Mail: <a href=\"mailto:info@anhalt.de\">info@anhalt.de<\/a><\/p>\n<p><a href=\"https:\/\/goo.gl\/maps\/5Jnre9gEgpBjTfHR6\" target=\"_blank\" rel=\"noopener\">Poka\u017c w Google Maps<\/a>[\/vc_column_text][\/vc_column][vc_column width=&#8221;1\/3&#8243; el_class=&#8221;text&#8221; css=&#8221;.vc_custom_1681307338681{background-color: #ffffff !important;}&#8221;][vc_single_image image=&#8221;633&#8243; img_size=&#8221;medium&#8221; image_hovers=&#8221;false&#8221;][vc_column_text css=&#8221;&#8221; el_class=&#8221;deko-h3 standort&#8221;]<\/p>\n<h3>Hamburg-Hausbruch<\/h3>\n<p>Heykenaukamp 6<br \/>\n21147 Hamburg-Hausbruch<\/p>\n<p>Telefon: <a href=\"tel:+49407971570\">040 797 157-0<\/a><br \/>\nE-Mail: <a href=\"mailto:info@anhalt.de\">info@anhalt.de<\/a><\/p>\n<p><a href=\"https:\/\/goo.gl\/maps\/CJbY4xh5ok5insQt8\" target=\"_blank\" rel=\"noopener\">Poka\u017c w Google Maps<\/a>[\/vc_column_text][\/vc_column][vc_column width=&#8221;1\/3&#8243; css=&#8221;.vc_custom_1681307441541{background-color: #ffffff !important;}&#8221;][vc_single_image image=&#8221;639&#8243; img_size=&#8221;medium&#8221; image_hovers=&#8221;false&#8221;][vc_column_text css=&#8221;&#8221; el_class=&#8221;deko-h3 standort&#8221;]<\/p>\n<h3>Hamburg-Waltershof<\/h3>\n<p>Hornsand 15<br \/>\n21129 Hamburg-Waltershof<\/p>\n<p>Telefon: <a href=\"tel:+49407411990\">040 74 11 99\u20130<\/a><br \/>\nE-Mail: <a href=\"mailto:info@anhalt.de\">info@anhalt.de<\/a><\/p>\n<p><a href=\"https:\/\/goo.gl\/maps\/Ju2fjTuEgegtYVjn8\" target=\"_blank\" rel=\"noopener\">Poka\u017c w Google Maps<\/a>[\/vc_column_text][\/vc_column][\/vc_row][vc_row full_width=&#8221;stretch_row&#8221; gap=&#8221;20&#8243; equal_height=&#8221;yes&#8221; el_class=&#8221;bg-lightgrey&#8221; css=&#8221;.vc_custom_1681381895432{padding-top: 30px !important;}&#8221;][vc_column width=&#8221;1\/3&#8243; el_class=&#8221;bild&#8221; css=&#8221;.vc_custom_1681307462114{background-color: #ffffff !important;}&#8221;][vc_single_image image=&#8221;663&#8243; img_size=&#8221;medium&#8221; image_hovers=&#8221;false&#8221;][vc_column_text css=&#8221;&#8221; el_class=&#8221;deko-h3 standort&#8221;]<\/p>\n<h3>Duisburg-Neum\u00fchl<\/h3>\n<p>Boschstra\u00dfe 11-13<br \/>\n47167 Duisburg-Neum\u00fchl<\/p>\n<p>Telefon: <a href=\"tel:+492039957110\">0203 99 571-10<\/a><br \/>\nE-Mail: <a href=\"mailto:info@anhalt.de\">info@anhalt.de<\/a><\/p>\n<p><a href=\"https:\/\/goo.gl\/maps\/6REHgn6fXMF2ZULKA\" target=\"_blank\" rel=\"noopener\">Poka\u017c w Google Maps<\/a>[\/vc_column_text][\/vc_column][vc_column width=&#8221;1\/3&#8243; el_class=&#8221;text&#8221; css=&#8221;.vc_custom_1681307471505{background-color: #ffffff !important;}&#8221;][vc_single_image image=&#8221;645&#8243; img_size=&#8221;medium&#8221; image_hovers=&#8221;false&#8221;][vc_column_text css=&#8221;&#8221; el_class=&#8221;deko-h3 standort&#8221;]<\/p>\n<h3>Mannheim<\/h3>\n<p>Rudolf-Diesel-Str. 40-50<br \/>\n68169 Mannheim<\/p>\n<p>Telefon: <a href=\"tel:+49488259068 00\">04882 590 &#8211; 68 00<\/a><br \/>\nE-Mail: <a href=\"mailto:info@anhalt.de\">info@anhalt.de<\/a><\/p>\n<p><a href=\"https:\/\/goo.gl\/maps\/7iV6XyRqXnWAgjNC7\" target=\"_blank\" rel=\"noopener\">Poka\u017c w Google Maps<\/a>[\/vc_column_text][\/vc_column][vc_column width=&#8221;1\/3&#8243; css=&#8221;.vc_custom_1681307499981{background-color: #ffffff !important;}&#8221;][vc_single_image image=&#8221;657&#8243; img_size=&#8221;medium&#8221; image_hovers=&#8221;false&#8221;][vc_column_text css=&#8221;&#8221; el_class=&#8221;deko-h3 standort&#8221;]<\/p>\n<h3>Dollbergen<\/h3>\n<p>Bahnhofsra\u00dfe 96<br \/>\n31311 Uetze<\/p>\n<p>Telefon: <a href=\"tel:+4951775062670\">05177 5062670<\/a><br \/>\nE-Mail: <a href=\"mailto:tankreinigung@trd.gmbh\">tankreinigung@trd.gmbh<\/a><\/p>\n<p><a href=\"https:\/\/goo.gl\/maps\/W88DRz7wTQHyFwDK9\" target=\"_blank\" rel=\"noopener\">Poka\u017c w Google Maps<\/a>[\/vc_column_text][\/vc_column][\/vc_row][vc_row full_width=&#8221;stretch_row&#8221; gap=&#8221;20&#8243; equal_height=&#8221;yes&#8221; el_class=&#8221;bg-lightgrey&#8221; css=&#8221;.vc_custom_1681381895432{padding-top: 30px !important;}&#8221;][vc_column width=&#8221;1\/3&#8243; el_class=&#8221;bild&#8221; css=&#8221;.vc_custom_1681307462114{background-color: #ffffff !important;}&#8221;][vc_single_image image=&#8221;3761&#8243; img_size=&#8221;medium&#8221; css=&#8221;&#8221; image_hovers=&#8221;false&#8221;][vc_column_text css=&#8221;&#8221; el_class=&#8221;deko-h3 standort&#8221;]<\/p>\n<h3>Antwerpen<\/h3>\n<p>Lokalizacja logistyczna<\/p>\n<p>Telefon: <a href=\"tel:+49048825900\">+49 (0)4882 590-0<\/a><br \/>\nE-Mail: <a href=\"mailto:info@anhalt.de\">info@anhalt.de<\/a>[\/vc_column_text][\/vc_column][vc_column width=&#8221;1\/3&#8243; el_class=&#8221;text&#8221; css=&#8221;.vc_custom_1681307471505{background-color: #ffffff !important;}&#8221;][vc_single_image image=&#8221;3758&#8243; img_size=&#8221;medium&#8221; css=&#8221;&#8221; image_hovers=&#8221;false&#8221;][vc_column_text css=&#8221;&#8221; el_class=&#8221;deko-h3 standort&#8221;]<\/p>\n<h3>Stockholm<\/h3>\n<p>Lokalizacja logistyczna<\/p>\n<p>Telefon: <a href=\"tel:+49048825900\">+49 (0)4882 590-0<\/a><br \/>\nE-Mail: <a href=\"mailto:info@anhalt.de\">info@anhalt.de<\/a>[\/vc_column_text][\/vc_column][vc_column width=&#8221;1\/3&#8243; css=&#8221;.vc_custom_1756883631096{background-color: #FFFFFF00 !important;}&#8221;][\/vc_column][\/vc_row][\/vc_section][vc_row full_width=&#8221;stretch_row&#8221; el_class=&#8221;bg-lightgrey&#8221;][vc_column]<div class=\"ult-spacer spacer-69dec9c7a7765\" data-id=\"69dec9c7a7765\" data-height=\"50\" data-height-mobile=\"10\" data-height-tab=\"30\" data-height-tab-portrait=\"25\" data-height-mobile-landscape=\"20\" style=\"clear:both;display:block;\"><\/div>[\/vc_column][\/vc_row]<\/p>\n<\/div>","protected":false},"excerpt":{"rendered":"<p>[vc_section el_id=&#8221;header-home&#8221; el_class=&#8221;headerbereich&#8221;][vc_row full_width=&#8221;stretch_row_content_no_spaces&#8221;][vc_column][\/vc_column][\/vc_row][\/vc_section][vc_section el_id=&#8221;home-willkommen&#8221;][vc_row][vc_column][vc_single_image image=&#8221;1057&#8243; img_size=&#8221;full&#8221; onclick=&#8221;custom_link&#8221; image_hovers=&#8221;false&#8221; el_class=&#8221;logo-bildmarke&#8221; link=&#8221;\/&#8221;][\/vc_column][\/vc_row][\/vc_section][vc_row][vc_column][vc_column_text] Nasze oddzia\u0142y Niezale\u017cnie od tego, gdzie nas potrzebujesz &#8211; jeste\u015bmy tam dla Ciebie. [\/vc_column_text][\/vc_column][\/vc_row][vc_row][vc_column width=&#8221;1\/2&#8243;][vc_column_text]Dzi\u0119ki naszym 6 oddzia\u0142om nasza sie\u0107 logistyczna obejmuje ca\u0142e Niemcy. Nasza g\u0142\u00f3wna siedziba znajduje si\u0119 w Rehm-Flehde-Bargen w sercu Schleswig-Holstein. Z tego miejsca prowadzona jest znaczna cz\u0119\u015b\u0107 naszej dzia\u0142alno\u015bci.[\/vc_column_text][\/vc_column][vc_column width=&#8221;1\/2&#8243;][vc_column_text]Wraz&hellip;<\/p>\n","protected":false},"author":1,"featured_media":0,"parent":1505,"menu_order":1,"comment_status":"closed","ping_status":"closed","template":"","meta":{"_acf_changed":false,"_custom_body_class":"","_custom_post_class":"","footnotes":""},"class_list":["post-1664","page","type-page","status-publish","hentry","description-off"],"acf":[],"yoast_head":"<!-- This site is optimized with the Yoast SEO plugin v27.3 - https:\/\/yoast.com\/product\/yoast-seo-wordpress\/ -->\n<title>Nasze oddzia\u0142y - Anhalt Logistics GmbH &amp; Co. KG<\/title>\n<meta name=\"robots\" content=\"index, follow, max-snippet:-1, max-image-preview:large, max-video-preview:-1\" \/>\n<link rel=\"canonical\" href=\"https:\/\/anhalt.de\/pl\/firma\/nasze-oddzialy\" \/>\n<meta property=\"og:locale\" content=\"pl_PL\" \/>\n<meta property=\"og:type\" content=\"article\" \/>\n<meta property=\"og:title\" content=\"Nasze oddzia\u0142y - Anhalt Logistics GmbH &amp; Co. KG\" \/>\n<meta property=\"og:description\" content=\"[vc_section el_id=&#8221;header-home&#8221; el_class=&#8221;headerbereich&#8221;][vc_row full_width=&#8221;stretch_row_content_no_spaces&#8221;][vc_column][\/vc_column][\/vc_row][\/vc_section][vc_section el_id=&#8221;home-willkommen&#8221;][vc_row][vc_column][vc_single_image image=&#8221;1057&#8243; img_size=&#8221;full&#8221; onclick=&#8221;custom_link&#8221; image_hovers=&#8221;false&#8221; el_class=&#8221;logo-bildmarke&#8221; link=&#8221;\/&#8221;][\/vc_column][\/vc_row][\/vc_section][vc_row][vc_column][vc_column_text] Nasze oddzia\u0142y Niezale\u017cnie od tego, gdzie nas potrzebujesz &#8211; jeste\u015bmy tam dla Ciebie. [\/vc_column_text][\/vc_column][\/vc_row][vc_row][vc_column width=&#8221;1\/2&#8243;][vc_column_text]Dzi\u0119ki naszym 6 oddzia\u0142om nasza sie\u0107 logistyczna obejmuje ca\u0142e Niemcy. Nasza g\u0142\u00f3wna siedziba znajduje si\u0119 w Rehm-Flehde-Bargen w sercu Schleswig-Holstein. Z tego miejsca prowadzona jest znaczna cz\u0119\u015b\u0107 naszej dzia\u0142alno\u015bci.[\/vc_column_text][\/vc_column][vc_column width=&#8221;1\/2&#8243;][vc_column_text]Wraz&hellip;\" \/>\n<meta property=\"og:url\" content=\"https:\/\/anhalt.de\/pl\/firma\/nasze-oddzialy\" \/>\n<meta property=\"og:site_name\" content=\"Anhalt Logistics GmbH &amp; Co. KG\" \/>\n<meta property=\"article:publisher\" content=\"https:\/\/www.facebook.com\/AnhaltLogistics\" \/>\n<meta property=\"article:modified_time\" content=\"2025-09-03T09:04:38+00:00\" \/>\n<meta name=\"twitter:card\" content=\"summary_large_image\" \/>\n<meta name=\"twitter:label1\" content=\"Szacowany czas czytania\" \/>\n\t<meta name=\"twitter:data1\" content=\"2 minuty\" \/>\n<script type=\"application\/ld+json\" class=\"yoast-schema-graph\">{\"@context\":\"https:\\\/\\\/schema.org\",\"@graph\":[{\"@type\":\"WebPage\",\"@id\":\"https:\\\/\\\/anhalt.de\\\/pl\\\/firma\\\/nasze-oddzialy\",\"url\":\"https:\\\/\\\/anhalt.de\\\/pl\\\/firma\\\/nasze-oddzialy\",\"name\":\"Nasze oddzia\u0142y - Anhalt Logistics GmbH &amp; Co. KG\",\"isPartOf\":{\"@id\":\"https:\\\/\\\/anhalt.de\\\/pl#website\"},\"datePublished\":\"2023-02-20T13:19:27+00:00\",\"dateModified\":\"2025-09-03T09:04:38+00:00\",\"breadcrumb\":{\"@id\":\"https:\\\/\\\/anhalt.de\\\/pl\\\/firma\\\/nasze-oddzialy#breadcrumb\"},\"inLanguage\":\"pl-PL\",\"potentialAction\":[{\"@type\":\"ReadAction\",\"target\":[\"https:\\\/\\\/anhalt.de\\\/pl\\\/firma\\\/nasze-oddzialy\"]}]},{\"@type\":\"BreadcrumbList\",\"@id\":\"https:\\\/\\\/anhalt.de\\\/pl\\\/firma\\\/nasze-oddzialy#breadcrumb\",\"itemListElement\":[{\"@type\":\"ListItem\",\"position\":1,\"name\":\"Startseite\",\"item\":\"https:\\\/\\\/anhalt.de\\\/pl\"},{\"@type\":\"ListItem\",\"position\":2,\"name\":\"Firma\",\"item\":\"https:\\\/\\\/anhalt.de\\\/pl\\\/firma\"},{\"@type\":\"ListItem\",\"position\":3,\"name\":\"Nasze oddzia\u0142y\"}]},{\"@type\":\"WebSite\",\"@id\":\"https:\\\/\\\/anhalt.de\\\/pl#website\",\"url\":\"https:\\\/\\\/anhalt.de\\\/pl\",\"name\":\"Anhalt Logistics GmbH & Co. KG\",\"description\":\"\",\"publisher\":{\"@id\":\"https:\\\/\\\/anhalt.de\\\/pl#organization\"},\"potentialAction\":[{\"@type\":\"SearchAction\",\"target\":{\"@type\":\"EntryPoint\",\"urlTemplate\":\"https:\\\/\\\/anhalt.de\\\/pl?s={search_term_string}\"},\"query-input\":{\"@type\":\"PropertyValueSpecification\",\"valueRequired\":true,\"valueName\":\"search_term_string\"}}],\"inLanguage\":\"pl-PL\"},{\"@type\":\"Organization\",\"@id\":\"https:\\\/\\\/anhalt.de\\\/pl#organization\",\"name\":\"Anhalt Logistics GmbH & Co. KG\",\"url\":\"https:\\\/\\\/anhalt.de\\\/pl\",\"logo\":{\"@type\":\"ImageObject\",\"inLanguage\":\"pl-PL\",\"@id\":\"https:\\\/\\\/anhalt.de\\\/pl#\\\/schema\\\/logo\\\/image\\\/\",\"url\":\"https:\\\/\\\/anhalt.de\\\/wp-content\\\/uploads\\\/AnhaltLogistics_Logo20170228_RGB.svg\",\"contentUrl\":\"https:\\\/\\\/anhalt.de\\\/wp-content\\\/uploads\\\/AnhaltLogistics_Logo20170228_RGB.svg\",\"width\":737,\"height\":283,\"caption\":\"Anhalt Logistics GmbH & Co. KG\"},\"image\":{\"@id\":\"https:\\\/\\\/anhalt.de\\\/pl#\\\/schema\\\/logo\\\/image\\\/\"},\"sameAs\":[\"https:\\\/\\\/www.facebook.com\\\/AnhaltLogistics\",\"https:\\\/\\\/www.instagram.com\\\/anhaltlogistics\",\"https:\\\/\\\/www.linkedin.com\\\/company\\\/anhalt-logistics\"]}]}<\/script>\n<!-- \/ Yoast SEO plugin. -->","yoast_head_json":{"title":"Nasze oddzia\u0142y - Anhalt Logistics GmbH &amp; Co. KG","robots":{"index":"index","follow":"follow","max-snippet":"max-snippet:-1","max-image-preview":"max-image-preview:large","max-video-preview":"max-video-preview:-1"},"canonical":"https:\/\/anhalt.de\/pl\/firma\/nasze-oddzialy","og_locale":"pl_PL","og_type":"article","og_title":"Nasze oddzia\u0142y - Anhalt Logistics GmbH &amp; Co. KG","og_description":"[vc_section el_id=&#8221;header-home&#8221; el_class=&#8221;headerbereich&#8221;][vc_row full_width=&#8221;stretch_row_content_no_spaces&#8221;][vc_column][\/vc_column][\/vc_row][\/vc_section][vc_section el_id=&#8221;home-willkommen&#8221;][vc_row][vc_column][vc_single_image image=&#8221;1057&#8243; img_size=&#8221;full&#8221; onclick=&#8221;custom_link&#8221; image_hovers=&#8221;false&#8221; el_class=&#8221;logo-bildmarke&#8221; link=&#8221;\/&#8221;][\/vc_column][\/vc_row][\/vc_section][vc_row][vc_column][vc_column_text] Nasze oddzia\u0142y Niezale\u017cnie od tego, gdzie nas potrzebujesz &#8211; jeste\u015bmy tam dla Ciebie. [\/vc_column_text][\/vc_column][\/vc_row][vc_row][vc_column width=&#8221;1\/2&#8243;][vc_column_text]Dzi\u0119ki naszym 6 oddzia\u0142om nasza sie\u0107 logistyczna obejmuje ca\u0142e Niemcy. Nasza g\u0142\u00f3wna siedziba znajduje si\u0119 w Rehm-Flehde-Bargen w sercu Schleswig-Holstein. Z tego miejsca prowadzona jest znaczna cz\u0119\u015b\u0107 naszej dzia\u0142alno\u015bci.[\/vc_column_text][\/vc_column][vc_column width=&#8221;1\/2&#8243;][vc_column_text]Wraz&hellip;","og_url":"https:\/\/anhalt.de\/pl\/firma\/nasze-oddzialy","og_site_name":"Anhalt Logistics GmbH &amp; Co. KG","article_publisher":"https:\/\/www.facebook.com\/AnhaltLogistics","article_modified_time":"2025-09-03T09:04:38+00:00","twitter_card":"summary_large_image","twitter_misc":{"Szacowany czas czytania":"2 minuty"},"schema":{"@context":"https:\/\/schema.org","@graph":[{"@type":"WebPage","@id":"https:\/\/anhalt.de\/pl\/firma\/nasze-oddzialy","url":"https:\/\/anhalt.de\/pl\/firma\/nasze-oddzialy","name":"Nasze oddzia\u0142y - Anhalt Logistics GmbH &amp; Co. KG","isPartOf":{"@id":"https:\/\/anhalt.de\/pl#website"},"datePublished":"2023-02-20T13:19:27+00:00","dateModified":"2025-09-03T09:04:38+00:00","breadcrumb":{"@id":"https:\/\/anhalt.de\/pl\/firma\/nasze-oddzialy#breadcrumb"},"inLanguage":"pl-PL","potentialAction":[{"@type":"ReadAction","target":["https:\/\/anhalt.de\/pl\/firma\/nasze-oddzialy"]}]},{"@type":"BreadcrumbList","@id":"https:\/\/anhalt.de\/pl\/firma\/nasze-oddzialy#breadcrumb","itemListElement":[{"@type":"ListItem","position":1,"name":"Startseite","item":"https:\/\/anhalt.de\/pl"},{"@type":"ListItem","position":2,"name":"Firma","item":"https:\/\/anhalt.de\/pl\/firma"},{"@type":"ListItem","position":3,"name":"Nasze oddzia\u0142y"}]},{"@type":"WebSite","@id":"https:\/\/anhalt.de\/pl#website","url":"https:\/\/anhalt.de\/pl","name":"Anhalt Logistics GmbH & Co. KG","description":"","publisher":{"@id":"https:\/\/anhalt.de\/pl#organization"},"potentialAction":[{"@type":"SearchAction","target":{"@type":"EntryPoint","urlTemplate":"https:\/\/anhalt.de\/pl?s={search_term_string}"},"query-input":{"@type":"PropertyValueSpecification","valueRequired":true,"valueName":"search_term_string"}}],"inLanguage":"pl-PL"},{"@type":"Organization","@id":"https:\/\/anhalt.de\/pl#organization","name":"Anhalt Logistics GmbH & Co. KG","url":"https:\/\/anhalt.de\/pl","logo":{"@type":"ImageObject","inLanguage":"pl-PL","@id":"https:\/\/anhalt.de\/pl#\/schema\/logo\/image\/","url":"https:\/\/anhalt.de\/wp-content\/uploads\/AnhaltLogistics_Logo20170228_RGB.svg","contentUrl":"https:\/\/anhalt.de\/wp-content\/uploads\/AnhaltLogistics_Logo20170228_RGB.svg","width":737,"height":283,"caption":"Anhalt Logistics GmbH & Co. KG"},"image":{"@id":"https:\/\/anhalt.de\/pl#\/schema\/logo\/image\/"},"sameAs":["https:\/\/www.facebook.com\/AnhaltLogistics","https:\/\/www.instagram.com\/anhaltlogistics","https:\/\/www.linkedin.com\/company\/anhalt-logistics"]}]}},"_links":{"self":[{"href":"https:\/\/anhalt.de\/pl\/wp-json\/wp\/v2\/pages\/1664","targetHints":{"allow":["GET"]}}],"collection":[{"href":"https:\/\/anhalt.de\/pl\/wp-json\/wp\/v2\/pages"}],"about":[{"href":"https:\/\/anhalt.de\/pl\/wp-json\/wp\/v2\/types\/page"}],"author":[{"embeddable":true,"href":"https:\/\/anhalt.de\/pl\/wp-json\/wp\/v2\/users\/1"}],"replies":[{"embeddable":true,"href":"https:\/\/anhalt.de\/pl\/wp-json\/wp\/v2\/comments?post=1664"}],"version-history":[{"count":7,"href":"https:\/\/anhalt.de\/pl\/wp-json\/wp\/v2\/pages\/1664\/revisions"}],"predecessor-version":[{"id":3782,"href":"https:\/\/anhalt.de\/pl\/wp-json\/wp\/v2\/pages\/1664\/revisions\/3782"}],"up":[{"embeddable":true,"href":"https:\/\/anhalt.de\/pl\/wp-json\/wp\/v2\/pages\/1505"}],"wp:attachment":[{"href":"https:\/\/anhalt.de\/pl\/wp-json\/wp\/v2\/media?parent=1664"}],"curies":[{"name":"wp","href":"https:\/\/api.w.org\/{rel}","templated":true}]}}