{"id":1670,"date":"2023-02-20T14:16:00","date_gmt":"2023-02-20T13:16:00","guid":{"rendered":"https:\/\/anhalt.de\/kariera\/stellenangebote"},"modified":"2023-08-02T11:55:33","modified_gmt":"2023-08-02T09:55:33","slug":"oferty-pracy","status":"publish","type":"page","link":"https:\/\/anhalt.de\/pl\/kariera\/oferty-pracy","title":{"rendered":"Oferty pracy"},"content":{"rendered":"<div class=\"wpb-content-wrapper\"><p>[vc_section el_id=&#8221;header-home&#8221; el_class=&#8221;headerbereich&#8221;][vc_row full_width=&#8221;stretch_row_content_no_spaces&#8221;][vc_column]<div id=\"ult-carousel-369034971769dd38719b6c3\" class=\"ult-carousel-wrapper   ult_horizontal\" data-gutter=\"0\" data-rtl=\"false\" ><div class=\"ult-carousel-409883577869dd38719b55c \" >[vc_row_inner el_class=&#8221;slider-row&#8221; css=&#8221;.vc_custom_1683038570225{background-image: url(https:\/\/anhalt.de\/wp-content\/uploads\/2022-10-07_1535_cGWF__A760216_Fotoshooting_MitarbeiterAllerBerufe-e1683038546383.jpg?id=2660) !important;}&#8221;][vc_column_inner width=&#8221;1\/2&#8243;][vc_column_text el_class=&#8221;slider-text&#8221;]<\/p>\n<h2>Oferty pracy<\/h2>\n<p>[\/vc_column_text][\/vc_column_inner][vc_column_inner width=&#8221;1\/2&#8243;][\/vc_column_inner][\/vc_row_inner]<\/div><\/div>\t\t\t<script type=\"text\/javascript\">\n\t\t\t\tjQuery(document).ready(function ($) {\n\t\t\t\t\tif( typeof jQuery('.ult-carousel-409883577869dd38719b55c').slick == \"function\"){\n\t\t\t\t\t\t$('.ult-carousel-409883577869dd38719b55c').slick({dots: true,autoplay: true,autoplaySpeed: \"5000\",speed: \"300\",infinite: true,arrows: false,slidesToScroll:1,slidesToShow:1,swipe: true,draggable: true,touchMove: true,pauseOnHover: true,pauseOnFocus: false,responsive: [\n\t\t\t\t\t\t\t{\n\t\t\t\t\t\t\t  breakpoint: 1026,\n\t\t\t\t\t\t\t  settings: {\n\t\t\t\t\t\t\t\tslidesToShow: 1,\n\t\t\t\t\t\t\t\tslidesToScroll: 1,  \n\t\t\t\t\t\t\t  }\n\t\t\t\t\t\t\t},\n\t\t\t\t\t\t\t{\n\t\t\t\t\t\t\t  breakpoint: 1025,\n\t\t\t\t\t\t\t  settings: {\n\t\t\t\t\t\t\t\tslidesToShow: 1,\n\t\t\t\t\t\t\t\tslidesToScroll: 1\n\t\t\t\t\t\t\t  }\n\t\t\t\t\t\t\t},\n\t\t\t\t\t\t\t{\n\t\t\t\t\t\t\t  breakpoint: 760,\n\t\t\t\t\t\t\t  settings: {\n\t\t\t\t\t\t\t\tslidesToShow: 1,\n\t\t\t\t\t\t\t\tslidesToScroll: 1\n\t\t\t\t\t\t\t  }\n\t\t\t\t\t\t\t}\n\t\t\t\t\t\t],pauseOnDotsHover: true,customPaging: function(slider, i) {\n                   return '<i type=\"button\" style= \"color:#ffffff;\" class=\"ultsl-record\" data-role=\"none\"><\/i>';\n                },});\n\t\t\t\t\t}\n\t\t\t\t});\n\t\t\t<\/script>\n\t\t\t[\/vc_column][\/vc_row][\/vc_section][vc_section el_id=&#8221;home-willkommen&#8221;][vc_row][vc_column][vc_single_image image=&#8221;1057&#8243; img_size=&#8221;full&#8221; onclick=&#8221;custom_link&#8221; image_hovers=&#8221;false&#8221; el_class=&#8221;logo-bildmarke&#8221; link=&#8221;\/&#8221;][vc_column_text]<\/p>\n<h1>SZUKASZ NOWEGO WYZWANIA?<\/h1>\n<h5>Tutaj znajdziesz nasze aktualne oferty pracy.<\/h5>\n<p>[\/vc_column_text][\/vc_column][\/vc_row][\/vc_section][vc_section el_class=&#8221;stellenangebote&#8221;][vc_row][vc_column][vc_column_text]<ul><\/ul><h2>Ausbildung \/ Duales Studium<\/h2><ul><li><a href=\"https:\/\/anhalt.jobs.personio.de\/job\/763671?display=en\" target=\"_blank\"><h3>Auszubildende (m\/w\/d) Kaufmann f\u00fcr Spedition- und Logistikdienstleistung 2026<\/h3>Full-Time, Trainee - Rehm-Flehde-Bargen<br><\/a><\/li><li><a href=\"https:\/\/anhalt.jobs.personio.de\/job\/763679?display=en\" target=\"_blank\"><h3>Auszubildende (m\/w\/d) KFZ-Mechatroniker f\u00fcr Nutzfahrzeugtechnik 2026<\/h3>Full-Time, Trainee - Rehm-Flehde-Bargen<br><\/a><\/li><li><a href=\"https:\/\/anhalt.jobs.personio.de\/job\/763691?display=en\" target=\"_blank\"><h3>Auszubildende (m\/w\/d) Fachkraft f\u00fcr Lagerlogistik 2026<\/h3>Full-Time, Trainee - Rehm-Flehde-Bargen<br><\/a><\/li><li><a href=\"https:\/\/anhalt.jobs.personio.de\/job\/1469434?display=en\" target=\"_blank\"><h3>Auszubildende (m\/w\/d) Kaufmann f\u00fcr B\u00fcromanagement 2026<\/h3>Full-Time, Trainee - Rehm-Flehde-Bargen<br><\/a><\/li><\/ul><h2>Drivers<\/h2><ul><li><a href=\"https:\/\/anhalt.jobs.personio.de\/job\/764455?display=en\" target=\"_blank\"><h3>Kraftfahrer (m\/w\/d) f\u00fcr die AdBlue-Tankstellenversorgung<\/h3>Full-Time, Permanent employment - deutschlandweit \/ Germany-wide<br><\/a><\/li><li><a href=\"https:\/\/anhalt.jobs.personio.de\/job\/764469?display=en\" target=\"_blank\"><h3>Kraftfahrer (m\/w\/d) f\u00fcr Container Trucking<\/h3>Full-Time, Permanent employment - Duisburg<br><\/a><\/li><li><a href=\"https:\/\/anhalt.jobs.personio.de\/job\/2183124?display=en\" target=\"_blank\"><h3>Kraftfahrer (m\/w\/d) mit Tankerfahrung (kein ADR) f\u00fcr Tagestouren<\/h3>Part-Time, Permanent employment - Rheda-Wiedenbr\u00fcck<br><\/a><\/li><\/ul><h2>Gewerbliche Berufe<\/h2><ul><li><a href=\"https:\/\/anhalt.jobs.personio.de\/job\/964607?display=en\" target=\"_blank\"><h3>Initiativbewerbung gewerblich<\/h3>Full-Time, Permanent employment - deutschlandweit \/ Germany-wide<br><\/a><\/li><li><a href=\"https:\/\/anhalt.jobs.personio.de\/job\/1431783?display=en\" target=\"_blank\"><h3>KFZ-Mechatroniker \/ NFZ-Mechatroniker (m\/w\/d)<\/h3>Full-Time, Permanent employment - Duisburg<br><\/a><\/li><li><a href=\"https:\/\/anhalt.jobs.personio.de\/job\/1431806?display=en\" target=\"_blank\"><h3>KFZ-Mechatroniker \/ NFZ-Mechatroniker (m\/w\/d)<\/h3>Full-Time, Permanent employment - Rehm-Flehde-Bargen<br><\/a><\/li><li><a href=\"https:\/\/anhalt.jobs.personio.de\/job\/1549737?display=en\" target=\"_blank\"><h3>Mitarbeiter (m\/w\/d) f\u00fcr Hof- und Reinigungsarbeiten \/ Allroundkraft \/ Allrounder<\/h3>Full-Time, Permanent employment - Duisburg<br><\/a><\/li><li><a href=\"https:\/\/anhalt.jobs.personio.de\/job\/2104571?display=en\" target=\"_blank\"><h3>Tankreiniger \/ Industriereiniger (m\/w\/d)<\/h3>Full-Time, Permanent employment - Rehm-Flehde-Bargen<br><\/a><\/li><\/ul><h2>Kaufm\u00e4nnische Berufe<\/h2><ul><li><a href=\"https:\/\/anhalt.jobs.personio.de\/job\/763565?display=en\" target=\"_blank\"><h3>Quereinsteiger als Kundendisponent \/ Kaufm\u00e4nnischer Mitarbeiter \/ Disponent (m\/w\/d)<\/h3>Full-Time, Permanent employment - Rehm-Flehde-Bargen<br><\/a><\/li><li><a href=\"https:\/\/anhalt.jobs.personio.de\/job\/772326?display=en\" target=\"_blank\"><h3>Initiativbewerbung kaufm\u00e4nnisch<\/h3>Full-Time or Part-Time, Permanent employment - deutschlandweit \/ Germany-wide<br><\/a><\/li><\/ul><h2>Praktikum<\/h2><ul><li><a href=\"https:\/\/anhalt.jobs.personio.de\/job\/1010487?display=en\" target=\"_blank\"><h3>Praktikum<\/h3>Full-Time, Internship\/Work Study - deutschlandweit \/ Germany-wide<br><\/a><\/li><\/ul>[\/vc_column_text][\/vc_column][\/vc_row][\/vc_section][vc_row full_width=&#8221;stretch_row&#8221; bg_type=&#8221;image&#8221; parallax_style=&#8221;vcpb-default&#8221; bg_image_new=&#8221;id^1130|url^https:\/\/anhalt.de\/wp-content\/uploads\/bg-cta-ansprechpartner.jpg|caption^null|alt^null|title^Bg Cta Ansprechpartner|description^null&#8221; bg_image_repeat=&#8221;no-repeat&#8221; el_class=&#8221;cta-row&#8221;][vc_column][vc_column_text]<\/p>\n<h2>Nie znalaz\u0142a\u015b(e\u015b) nic odpowiedniego dla siebie?<\/h2>\n<h2>Nadal nie jeste\u015b pewna(y)?<\/h2>\n<p>U nas zawsze otwieraj\u0105 si\u0119 nowe drzwi. By\u0107 mo\u017ce indywidualna aplikacja b\u0119dzie w\u0142a\u015bnie tym czego szukasz.<\/p>\n<p><strong class=\"blue\">Maren Anhalt<\/strong>, Kierownik ds. personalnych<br \/>\n<strong class=\"blue\">Anna-Louisa Wolff<\/strong>, Specjalista ds. personalnych<\/p>\n<p><strong>Kontakt:<\/strong> <a href=\"mailto:bewerbung@anhalt.de\">bewerbung@anhalt.de<\/a> lub<br \/>\n<a href=\"tel:+4948825900\">04882 \u2013 590 0<\/a>[\/vc_column_text][\/vc_column][\/vc_row]<\/p>\n<\/div>","protected":false},"excerpt":{"rendered":"<p>[vc_section el_id=&#8221;header-home&#8221; el_class=&#8221;headerbereich&#8221;][vc_row full_width=&#8221;stretch_row_content_no_spaces&#8221;][vc_column][\/vc_column][\/vc_row][\/vc_section][vc_section el_id=&#8221;home-willkommen&#8221;][vc_row][vc_column][vc_single_image image=&#8221;1057&#8243; img_size=&#8221;full&#8221; onclick=&#8221;custom_link&#8221; image_hovers=&#8221;false&#8221; el_class=&#8221;logo-bildmarke&#8221; link=&#8221;\/&#8221;][vc_column_text] SZUKASZ NOWEGO WYZWANIA? Tutaj znajdziesz nasze aktualne oferty pracy. [\/vc_column_text][\/vc_column][\/vc_row][\/vc_section][vc_section el_class=&#8221;stellenangebote&#8221;][vc_row][vc_column][vc_column_text][\/vc_column_text][\/vc_column][\/vc_row][\/vc_section][vc_row full_width=&#8221;stretch_row&#8221; bg_type=&#8221;image&#8221; parallax_style=&#8221;vcpb-default&#8221; bg_image_new=&#8221;id^1130|url^https:\/\/anhalt.de\/wp-content\/uploads\/bg-cta-ansprechpartner.jpg|caption^null|alt^null|title^Bg Cta Ansprechpartner|description^null&#8221; bg_image_repeat=&#8221;no-repeat&#8221; el_class=&#8221;cta-row&#8221;][vc_column][vc_column_text] Nie znalaz\u0142a\u015b(e\u015b) nic odpowiedniego dla siebie? Nadal nie jeste\u015b pewna(y)? U nas zawsze otwieraj\u0105 si\u0119 nowe drzwi. By\u0107 mo\u017ce indywidualna aplikacja b\u0119dzie w\u0142a\u015bnie tym czego&hellip;<\/p>\n","protected":false},"author":1,"featured_media":0,"parent":1501,"menu_order":4,"comment_status":"closed","ping_status":"closed","template":"","meta":{"_acf_changed":false,"_custom_body_class":"","_custom_post_class":"","footnotes":""},"class_list":["post-1670","page","type-page","status-publish","hentry","description-off"],"acf":[],"yoast_head":"<!-- This site is optimized with the Yoast SEO plugin v27.3 - https:\/\/yoast.com\/product\/yoast-seo-wordpress\/ -->\n<title>Oferty pracy - Anhalt Logistics GmbH &amp; Co. KG<\/title>\n<meta name=\"robots\" content=\"index, follow, max-snippet:-1, max-image-preview:large, max-video-preview:-1\" \/>\n<link rel=\"canonical\" href=\"https:\/\/anhalt.de\/pl\/kariera\/oferty-pracy\" \/>\n<meta property=\"og:locale\" content=\"pl_PL\" \/>\n<meta property=\"og:type\" content=\"article\" \/>\n<meta property=\"og:title\" content=\"Oferty pracy - Anhalt Logistics GmbH &amp; Co. KG\" \/>\n<meta property=\"og:description\" content=\"[vc_section el_id=&#8221;header-home&#8221; el_class=&#8221;headerbereich&#8221;][vc_row full_width=&#8221;stretch_row_content_no_spaces&#8221;][vc_column][\/vc_column][\/vc_row][\/vc_section][vc_section el_id=&#8221;home-willkommen&#8221;][vc_row][vc_column][vc_single_image image=&#8221;1057&#8243; img_size=&#8221;full&#8221; onclick=&#8221;custom_link&#8221; image_hovers=&#8221;false&#8221; el_class=&#8221;logo-bildmarke&#8221; link=&#8221;\/&#8221;][vc_column_text] SZUKASZ NOWEGO WYZWANIA? Tutaj znajdziesz nasze aktualne oferty pracy. [\/vc_column_text][\/vc_column][\/vc_row][\/vc_section][vc_section el_class=&#8221;stellenangebote&#8221;][vc_row][vc_column][vc_column_text][\/vc_column_text][\/vc_column][\/vc_row][\/vc_section][vc_row full_width=&#8221;stretch_row&#8221; bg_type=&#8221;image&#8221; parallax_style=&#8221;vcpb-default&#8221; bg_image_new=&#8221;id^1130|url^https:\/\/anhalt.de\/wp-content\/uploads\/bg-cta-ansprechpartner.jpg|caption^null|alt^null|title^Bg Cta Ansprechpartner|description^null&#8221; bg_image_repeat=&#8221;no-repeat&#8221; el_class=&#8221;cta-row&#8221;][vc_column][vc_column_text] Nie znalaz\u0142a\u015b(e\u015b) nic odpowiedniego dla siebie? Nadal nie jeste\u015b pewna(y)? U nas zawsze otwieraj\u0105 si\u0119 nowe drzwi. By\u0107 mo\u017ce indywidualna aplikacja b\u0119dzie w\u0142a\u015bnie tym czego&hellip;\" \/>\n<meta property=\"og:url\" content=\"https:\/\/anhalt.de\/pl\/kariera\/oferty-pracy\" \/>\n<meta property=\"og:site_name\" content=\"Anhalt Logistics GmbH &amp; Co. KG\" \/>\n<meta property=\"article:publisher\" content=\"https:\/\/www.facebook.com\/AnhaltLogistics\" \/>\n<meta property=\"article:modified_time\" content=\"2023-08-02T09:55:33+00:00\" \/>\n<meta name=\"twitter:card\" content=\"summary_large_image\" \/>\n<meta name=\"twitter:label1\" content=\"Szacowany czas czytania\" \/>\n\t<meta name=\"twitter:data1\" content=\"1 minuta\" \/>\n<script type=\"application\/ld+json\" class=\"yoast-schema-graph\">{\"@context\":\"https:\\\/\\\/schema.org\",\"@graph\":[{\"@type\":\"WebPage\",\"@id\":\"https:\\\/\\\/anhalt.de\\\/pl\\\/kariera\\\/oferty-pracy\",\"url\":\"https:\\\/\\\/anhalt.de\\\/pl\\\/kariera\\\/oferty-pracy\",\"name\":\"Oferty pracy - Anhalt Logistics GmbH &amp; Co. KG\",\"isPartOf\":{\"@id\":\"https:\\\/\\\/anhalt.de\\\/pl#website\"},\"datePublished\":\"2023-02-20T13:16:00+00:00\",\"dateModified\":\"2023-08-02T09:55:33+00:00\",\"breadcrumb\":{\"@id\":\"https:\\\/\\\/anhalt.de\\\/pl\\\/kariera\\\/oferty-pracy#breadcrumb\"},\"inLanguage\":\"pl-PL\",\"potentialAction\":[{\"@type\":\"ReadAction\",\"target\":[\"https:\\\/\\\/anhalt.de\\\/pl\\\/kariera\\\/oferty-pracy\"]}]},{\"@type\":\"BreadcrumbList\",\"@id\":\"https:\\\/\\\/anhalt.de\\\/pl\\\/kariera\\\/oferty-pracy#breadcrumb\",\"itemListElement\":[{\"@type\":\"ListItem\",\"position\":1,\"name\":\"Startseite\",\"item\":\"https:\\\/\\\/anhalt.de\\\/pl\"},{\"@type\":\"ListItem\",\"position\":2,\"name\":\"Kariera\",\"item\":\"https:\\\/\\\/anhalt.de\\\/pl\\\/kariera\"},{\"@type\":\"ListItem\",\"position\":3,\"name\":\"Oferty pracy\"}]},{\"@type\":\"WebSite\",\"@id\":\"https:\\\/\\\/anhalt.de\\\/pl#website\",\"url\":\"https:\\\/\\\/anhalt.de\\\/pl\",\"name\":\"Anhalt Logistics GmbH & Co. KG\",\"description\":\"\",\"publisher\":{\"@id\":\"https:\\\/\\\/anhalt.de\\\/pl#organization\"},\"potentialAction\":[{\"@type\":\"SearchAction\",\"target\":{\"@type\":\"EntryPoint\",\"urlTemplate\":\"https:\\\/\\\/anhalt.de\\\/pl?s={search_term_string}\"},\"query-input\":{\"@type\":\"PropertyValueSpecification\",\"valueRequired\":true,\"valueName\":\"search_term_string\"}}],\"inLanguage\":\"pl-PL\"},{\"@type\":\"Organization\",\"@id\":\"https:\\\/\\\/anhalt.de\\\/pl#organization\",\"name\":\"Anhalt Logistics GmbH & Co. KG\",\"url\":\"https:\\\/\\\/anhalt.de\\\/pl\",\"logo\":{\"@type\":\"ImageObject\",\"inLanguage\":\"pl-PL\",\"@id\":\"https:\\\/\\\/anhalt.de\\\/pl#\\\/schema\\\/logo\\\/image\\\/\",\"url\":\"https:\\\/\\\/anhalt.de\\\/wp-content\\\/uploads\\\/AnhaltLogistics_Logo20170228_RGB.svg\",\"contentUrl\":\"https:\\\/\\\/anhalt.de\\\/wp-content\\\/uploads\\\/AnhaltLogistics_Logo20170228_RGB.svg\",\"width\":737,\"height\":283,\"caption\":\"Anhalt Logistics GmbH & Co. KG\"},\"image\":{\"@id\":\"https:\\\/\\\/anhalt.de\\\/pl#\\\/schema\\\/logo\\\/image\\\/\"},\"sameAs\":[\"https:\\\/\\\/www.facebook.com\\\/AnhaltLogistics\",\"https:\\\/\\\/www.instagram.com\\\/anhaltlogistics\",\"https:\\\/\\\/www.linkedin.com\\\/company\\\/anhalt-logistics\"]}]}<\/script>\n<!-- \/ Yoast SEO plugin. -->","yoast_head_json":{"title":"Oferty pracy - Anhalt Logistics GmbH &amp; Co. KG","robots":{"index":"index","follow":"follow","max-snippet":"max-snippet:-1","max-image-preview":"max-image-preview:large","max-video-preview":"max-video-preview:-1"},"canonical":"https:\/\/anhalt.de\/pl\/kariera\/oferty-pracy","og_locale":"pl_PL","og_type":"article","og_title":"Oferty pracy - Anhalt Logistics GmbH &amp; Co. KG","og_description":"[vc_section el_id=&#8221;header-home&#8221; el_class=&#8221;headerbereich&#8221;][vc_row full_width=&#8221;stretch_row_content_no_spaces&#8221;][vc_column][\/vc_column][\/vc_row][\/vc_section][vc_section el_id=&#8221;home-willkommen&#8221;][vc_row][vc_column][vc_single_image image=&#8221;1057&#8243; img_size=&#8221;full&#8221; onclick=&#8221;custom_link&#8221; image_hovers=&#8221;false&#8221; el_class=&#8221;logo-bildmarke&#8221; link=&#8221;\/&#8221;][vc_column_text] SZUKASZ NOWEGO WYZWANIA? Tutaj znajdziesz nasze aktualne oferty pracy. [\/vc_column_text][\/vc_column][\/vc_row][\/vc_section][vc_section el_class=&#8221;stellenangebote&#8221;][vc_row][vc_column][vc_column_text][\/vc_column_text][\/vc_column][\/vc_row][\/vc_section][vc_row full_width=&#8221;stretch_row&#8221; bg_type=&#8221;image&#8221; parallax_style=&#8221;vcpb-default&#8221; bg_image_new=&#8221;id^1130|url^https:\/\/anhalt.de\/wp-content\/uploads\/bg-cta-ansprechpartner.jpg|caption^null|alt^null|title^Bg Cta Ansprechpartner|description^null&#8221; bg_image_repeat=&#8221;no-repeat&#8221; el_class=&#8221;cta-row&#8221;][vc_column][vc_column_text] Nie znalaz\u0142a\u015b(e\u015b) nic odpowiedniego dla siebie? Nadal nie jeste\u015b pewna(y)? U nas zawsze otwieraj\u0105 si\u0119 nowe drzwi. By\u0107 mo\u017ce indywidualna aplikacja b\u0119dzie w\u0142a\u015bnie tym czego&hellip;","og_url":"https:\/\/anhalt.de\/pl\/kariera\/oferty-pracy","og_site_name":"Anhalt Logistics GmbH &amp; Co. KG","article_publisher":"https:\/\/www.facebook.com\/AnhaltLogistics","article_modified_time":"2023-08-02T09:55:33+00:00","twitter_card":"summary_large_image","twitter_misc":{"Szacowany czas czytania":"1 minuta"},"schema":{"@context":"https:\/\/schema.org","@graph":[{"@type":"WebPage","@id":"https:\/\/anhalt.de\/pl\/kariera\/oferty-pracy","url":"https:\/\/anhalt.de\/pl\/kariera\/oferty-pracy","name":"Oferty pracy - Anhalt Logistics GmbH &amp; Co. KG","isPartOf":{"@id":"https:\/\/anhalt.de\/pl#website"},"datePublished":"2023-02-20T13:16:00+00:00","dateModified":"2023-08-02T09:55:33+00:00","breadcrumb":{"@id":"https:\/\/anhalt.de\/pl\/kariera\/oferty-pracy#breadcrumb"},"inLanguage":"pl-PL","potentialAction":[{"@type":"ReadAction","target":["https:\/\/anhalt.de\/pl\/kariera\/oferty-pracy"]}]},{"@type":"BreadcrumbList","@id":"https:\/\/anhalt.de\/pl\/kariera\/oferty-pracy#breadcrumb","itemListElement":[{"@type":"ListItem","position":1,"name":"Startseite","item":"https:\/\/anhalt.de\/pl"},{"@type":"ListItem","position":2,"name":"Kariera","item":"https:\/\/anhalt.de\/pl\/kariera"},{"@type":"ListItem","position":3,"name":"Oferty pracy"}]},{"@type":"WebSite","@id":"https:\/\/anhalt.de\/pl#website","url":"https:\/\/anhalt.de\/pl","name":"Anhalt Logistics GmbH & Co. KG","description":"","publisher":{"@id":"https:\/\/anhalt.de\/pl#organization"},"potentialAction":[{"@type":"SearchAction","target":{"@type":"EntryPoint","urlTemplate":"https:\/\/anhalt.de\/pl?s={search_term_string}"},"query-input":{"@type":"PropertyValueSpecification","valueRequired":true,"valueName":"search_term_string"}}],"inLanguage":"pl-PL"},{"@type":"Organization","@id":"https:\/\/anhalt.de\/pl#organization","name":"Anhalt Logistics GmbH & Co. KG","url":"https:\/\/anhalt.de\/pl","logo":{"@type":"ImageObject","inLanguage":"pl-PL","@id":"https:\/\/anhalt.de\/pl#\/schema\/logo\/image\/","url":"https:\/\/anhalt.de\/wp-content\/uploads\/AnhaltLogistics_Logo20170228_RGB.svg","contentUrl":"https:\/\/anhalt.de\/wp-content\/uploads\/AnhaltLogistics_Logo20170228_RGB.svg","width":737,"height":283,"caption":"Anhalt Logistics GmbH & Co. KG"},"image":{"@id":"https:\/\/anhalt.de\/pl#\/schema\/logo\/image\/"},"sameAs":["https:\/\/www.facebook.com\/AnhaltLogistics","https:\/\/www.instagram.com\/anhaltlogistics","https:\/\/www.linkedin.com\/company\/anhalt-logistics"]}]}},"_links":{"self":[{"href":"https:\/\/anhalt.de\/pl\/wp-json\/wp\/v2\/pages\/1670","targetHints":{"allow":["GET"]}}],"collection":[{"href":"https:\/\/anhalt.de\/pl\/wp-json\/wp\/v2\/pages"}],"about":[{"href":"https:\/\/anhalt.de\/pl\/wp-json\/wp\/v2\/types\/page"}],"author":[{"embeddable":true,"href":"https:\/\/anhalt.de\/pl\/wp-json\/wp\/v2\/users\/1"}],"replies":[{"embeddable":true,"href":"https:\/\/anhalt.de\/pl\/wp-json\/wp\/v2\/comments?post=1670"}],"version-history":[{"count":5,"href":"https:\/\/anhalt.de\/pl\/wp-json\/wp\/v2\/pages\/1670\/revisions"}],"predecessor-version":[{"id":3402,"href":"https:\/\/anhalt.de\/pl\/wp-json\/wp\/v2\/pages\/1670\/revisions\/3402"}],"up":[{"embeddable":true,"href":"https:\/\/anhalt.de\/pl\/wp-json\/wp\/v2\/pages\/1501"}],"wp:attachment":[{"href":"https:\/\/anhalt.de\/pl\/wp-json\/wp\/v2\/media?parent=1670"}],"curies":[{"name":"wp","href":"https:\/\/api.w.org\/{rel}","templated":true}]}}